{"id":7785,"date":"2024-02-23T12:54:07","date_gmt":"2024-02-23T12:54:07","guid":{"rendered":"https:\/\/www.goguette.com\/?page_id=7785"},"modified":"2025-03-14T14:39:39","modified_gmt":"2025-03-14T14:39:39","slug":"notices","status":"publish","type":"page","link":"https:\/\/goguette.website-bekijken.nl\/fr\/notices\/","title":{"rendered":"Notices Goguette"},"content":{"rendered":"\t<!-- Introduction -->\n\t<block id=\"\" class=\"col-span-14 introduction\">\n\t\t<div class=\"grid relative items-end grid-cols-14\">\n\t\t\t<div class=\"col-start-1 col-span-14 lg:col-start-2 lg:col-span-12\">\n\t\t\t\t<block id=\"block_a7dc18789a49d1c05db5531098e7ca2c\" class=\"relative introduction\">\n\t\t\t\t\t<div class=\"absolute top-0 left-0 w-full h-full bg-black bg-opacity-10\"><\/div>\n\t\t\t\t\t\t\t\t\t\t\t\t\t<img loading=\"lazy\" decoding=\"async\" width=\"1920\" height=\"1000\" src=\"https:\/\/goguette.website-bekijken.nl\/wp-content\/uploads\/2023\/12\/cave-a-vin-design-assume-travail-details-color-block-porte-vitree-bureau-etude-goguette-banner.jpg\" class=\"max-h-[288px] min-h-[288px] lg:min-h-[750px] lg:max-h-[750px] object-cover w-full\" alt=\"Le coin d&#039;une cave \u00e0 vin vitr\u00e9e remplie de bouteilles de vin couch\u00e9es\" srcset=\"https:\/\/goguette.website-bekijken.nl\/wp-content\/uploads\/2023\/12\/cave-a-vin-design-assume-travail-details-color-block-porte-vitree-bureau-etude-goguette-banner.jpg 1920w, https:\/\/goguette.website-bekijken.nl\/wp-content\/uploads\/2023\/12\/cave-a-vin-design-assume-travail-details-color-block-porte-vitree-bureau-etude-goguette-banner-300x156.jpg 300w, https:\/\/goguette.website-bekijken.nl\/wp-content\/uploads\/2023\/12\/cave-a-vin-design-assume-travail-details-color-block-porte-vitree-bureau-etude-goguette-banner-1024x533.jpg 1024w, https:\/\/goguette.website-bekijken.nl\/wp-content\/uploads\/2023\/12\/cave-a-vin-design-assume-travail-details-color-block-porte-vitree-bureau-etude-goguette-banner-768x400.jpg 768w, https:\/\/goguette.website-bekijken.nl\/wp-content\/uploads\/2023\/12\/cave-a-vin-design-assume-travail-details-color-block-porte-vitree-bureau-etude-goguette-banner-1536x800.jpg 1536w\" sizes=\"auto, (max-width: 1920px) 100vw, 1920px\" \/>\t\t\t\t\t\t\t\t\t\t\t<\/block>\n\t\t\t<\/div>\n\t\t\t<div class=\"section-heading col-span-14\">\n\t\t\t\t<div class=\"grid grid-cols-14 items-end\">\n\t\t\t\t\t<div class=\"col-start-1 col-span-14 lg:col-start-1 lg:col-span-6\">\n\t\t\t\t\t\t<div class=\"bg-floor pt-[47px] px-[29px] pb-[35px] lg:pb-0 lg:pr-0 lg:pl-[104px] lg:pt-[17px] relative\">\n\t\t\t\t\t\t\t<div class=\"hidden lg:block\">\n\t\t\t\t\t\t\t\t<nav aria-label=\"breadcrumbs\" class=\"rank-math-breadcrumb\"><p><\/p><\/nav>\t\t\t\t\t\t\t<\/div>\n\t\t\t\t\t\t\t\t\t\t\t\t\t\t\t<h1 class=\"heading-1 relative z-10 max-w-[292px] lg:max-w-[502px] lg:pt-[52px] uppercase text-sun\">\n\t\t\t\t\t\t\t\t\tLes notices Goguette\t\t\t\t\t\t\t\t<\/h1>\n\t\t\t\t\t\t\t\t<img loading=\"lazy\" decoding=\"async\" width=\"720\" height=\"677\" src=\"https:\/\/goguette.website-bekijken.nl\/wp-content\/uploads\/2023\/11\/cave-vin-venir-voir-magasin-trouver-un-vendeur-goguette.png\" class=\"absolute top-0 z-0 md:z-50 max-w-[264px] right-0 lg:relative lg:max-w-[400px] lg:transform -translate-y-[60px] lg:max-h-[370px] object-contain\" alt=\"\" srcset=\"https:\/\/goguette.website-bekijken.nl\/wp-content\/uploads\/2023\/11\/cave-vin-venir-voir-magasin-trouver-un-vendeur-goguette.png 720w, https:\/\/goguette.website-bekijken.nl\/wp-content\/uploads\/2023\/11\/cave-vin-venir-voir-magasin-trouver-un-vendeur-goguette-300x282.png 300w\" sizes=\"auto, (max-width: 720px) 100vw, 720px\" \/>\t\t\t\t\t\t<\/div>\n\t\t\t\t\t<\/div>\n\t\t\t\t\t<div class=\"relative col-start-1 col-span-14 lg:col-start-7 lg:col-span-8\">\n\t\t\t\t\t\t<div class=\"bg-floor pb-[40px] px-[29px] lg:pr-0 pt-[26px] lg:pt-[87px] lg:pb-[72px] flex items-end\">\n\t\t\t\t\t\t\t\t\t\t\t\t\t\t\t<h2 class=\"style__text--28 lg:!leading-[37.8px] text-sun lg:max-w-[605px]\">\n\t\t\t\t\t\t\t\t\t<p><strong>Retrouvez les notices d&rsquo;utilisation de votre cave \u00c3\u00a0 vin Goguette.<br \/>\n<\/strong>Que vous souhaitiez vous familiariser avec l&rsquo;utilisation de votre cave ou que vous ayez \u00c3\u00a9gar\u00c3\u00a9 votre notice, t\u00c3\u00a9l\u00c3\u00a9chargez ici le document recherch\u00c3\u00a9.<\/p>\n\t\t\t\t\t\t\t\t<\/h2>\n\t\t\t\t\t\t\t\t\t\t\t\t\t<\/div>\n\t\t\t\t\t<\/div>\n\t\t\t\t<\/div>\n\t\t\t<\/div>\n\t\t<\/div>\n\t<\/block>\n\n\n\t<!-- Download -->\n\t<div class=\"col-span-14 pt-[64px] pb-[76px] lg:pt-[126px] lg:pb-[102px]\" style=\"background-color:#FFFFFF\">\n\t\t<block \n\t\tid=\"\"\n\t\tclass=\"\">\n\t\t\t<div class=\"grid grid-cols-14 relative gap-x-5\">\n\t\t\t\t\t\t\t\t\t<div class=\"col-start-2 col-span-10 lg:col-start-3 lg:col-span-6\">\n\t\t\t\t\t\t\t\t\t\t\t\t\t<h2 class=\"font-satoshi text-[40px] leading-none lg:text-[60px] font-bold lg:leading-[52.5px] pb-[53px] lg:pb-[34px] text-grape uppercase\">\n\t\t\t\t\t\t\t\tT\u00c3\u00a9l\u00c3\u00a9chargements\t\t\t\t\t\t\t<\/h2>\n\t\t\t\t\t\t\t\t\t\t\t<\/div>\n\t\t\t\t\t\t\t\t\t\t\t<div class=\"col-start-2 col-span-12 lg:col-span-10 lg:!col-start-3 xl:col-span-12 relative z-10\">\n\t\t\t\t\t\t\t<div class=\"grid gap-5 grid-cols-12\">\n\t\t\t\t\t\t\t\t\t\t\t\t\t\t\t\t\t<div class=\"is-fade col-span-12 lg:col-span-6 xl:col-span-4 w-full lg:!w-[398px]\">\n\t\t\t\t\t\t\t\t\t\t<div class=\"bg-grape cursor-pointer group px-[29px] py-[59px] lg:px-[47px] flex flex-col h-full justify-between\">\n\t\t\t\t\t\t\t\t\t\t\t\t\t\t\t\t\t\t\t\t\t\t\t<div class=\"style__title--featured uppercase text-poussin\">\n\t\t\t\t\t\t\t\t\t\t\t\t\tLe Quick Start\t\t\t\t\t\t\t\t\t\t\t\t<\/div>\n\t\t\t\t\t\t\t\t\t\t\t\t\t\t\t\t\t\t\t\t\t\t\t\t\t\t\t\t\t\t\t\t\t\t<div class=\"style__text--18 pt-[29px] lg:pt-5 text-poussin\">\n\t\t\t\t\t\t\t\t\t\t\t\t\tPour les impatients qui ont h\u00c3\u00a2te de profiter de leur Goguette : l&rsquo;essentiel \u00c3\u00a0 connaitre pour installer et r\u00c3\u00a9gler rapidement sa cave \u00c3\u00a0 vin.\t\t\t\t\t\t\t\t\t\t\t\t<\/div>\n\t\t\t\t\t\t\t\t\t\t\t\t\t\t\t\t\t\t\t\t\t\t\t\t\t\t\t\t\t\t\t\t\t\t<a class=\"absolute top-0 left-0 w-full h-full\" target=\"_self\" href=\"http:\/\/localhost:39041\/wp-content\/uploads\/2025\/03\/goguette-quickstart.pdf\" rel=\"noopener\"><\/a>\n\t\t\t\t\t\t\t\t\t\t\t\t<div class=\"mt-[30px] lg:mt-[52px]\">\n\t\t\t\t\t\t\t\t\t\t\t\t\t\t<a class=\"relative pr-5 w-fit style__button group-hover:after:w-full\" style=\"color:#FFF6AA\" href=\"http:\/\/localhost:39041\/wp-content\/uploads\/2025\/03\/goguette-quickstart.pdf\" target=\"_self\" data-download download rel=\"noopener\">\n\t\t<span>\n\t\t\tT\u00c3\u00a9l\u00c3\u00a9chargez\t\t<\/span>\n\t\t<svg class=\"absolute right-0 top-[57%] transform -translate-y-1\/2 group-hover:rotate-45\" width=\"11\" height=\"11\"\n\t\t\tviewBox=\"0 0 11 11\" fill=\"none\" xmlns=\"http:\/\/www.w3.org\/2000\/svg\">\n\t\t\t<rect y=\"1.69226\" width=\"1.69231\" height=\"11\" transform=\"rotate(-90 0 1.69226)\" fill=\"#FFF6AA\" \/>\n\t\t\t<rect x=\"11\" y=\"11\" width=\"1.69231\" height=\"11\" transform=\"rotate(180 11 11)\" fill=\"#FFF6AA\" \/>\n\t\t\t<rect x=\"1.25931\" y=\"10.9373\" width=\"1.69231\" height=\"13.3045\" transform=\"rotate(-135 1.25931 10.9373)\"\n\t\t\t\tfill=\"#FFF6AA\" \/>\n\t\t<\/svg>\n\t<\/a>\n\t\t\t\t\t\t\t\t\t\t\t\t<\/div>\n\t\t\t\t\t\t\t\t\t\t\t\t\t\t\t\t\t\t\t\t\t<\/div>\n\t\t\t\t\t\t\t\t\t<\/div>\n\t\t\t\t\t\t\t\t\t\t\t\t\t\t\t\t\t<div class=\"is-fade col-span-12 lg:col-span-6 xl:col-span-4 w-full lg:!w-[398px]\">\n\t\t\t\t\t\t\t\t\t\t<div class=\"bg-grape cursor-pointer group px-[29px] py-[59px] lg:px-[47px] flex flex-col h-full justify-between\">\n\t\t\t\t\t\t\t\t\t\t\t\t\t\t\t\t\t\t\t\t\t\t\t<div class=\"style__title--featured uppercase text-poussin\">\n\t\t\t\t\t\t\t\t\t\t\t\t\tLa notice\t\t\t\t\t\t\t\t\t\t\t\t<\/div>\n\t\t\t\t\t\t\t\t\t\t\t\t\t\t\t\t\t\t\t\t\t\t\t\t\t\t\t\t\t\t\t\t\t\t<div class=\"style__text--18 pt-[29px] lg:pt-5 text-poussin\">\n\t\t\t\t\t\t\t\t\t\t\t\t\tUn seul mode d&#8217;emploi pour toutes les caves \u00c3\u00a0 vin Goguette.\t\t\t\t\t\t\t\t\t\t\t\t<\/div>\n\t\t\t\t\t\t\t\t\t\t\t\t\t\t\t\t\t\t\t\t\t\t\t\t\t\t\t\t\t\t\t\t\t\t<a class=\"absolute top-0 left-0 w-full h-full\" target=\"_self\" href=\"http:\/\/localhost:39041\/wp-content\/uploads\/2025\/03\/Goguette-user-manual.pdf\" rel=\"noopener\"><\/a>\n\t\t\t\t\t\t\t\t\t\t\t\t<div class=\"mt-[30px] lg:mt-[52px]\">\n\t\t\t\t\t\t\t\t\t\t\t\t\t\t<a class=\"relative pr-5 w-fit style__button group-hover:after:w-full\" style=\"color:#FFF6AA\" href=\"http:\/\/localhost:39041\/wp-content\/uploads\/2025\/03\/Goguette-user-manual.pdf\" target=\"_self\" data-download download rel=\"noopener\">\n\t\t<span>\n\t\t\tT\u00c3\u00a9l\u00c3\u00a9chargez\t\t<\/span>\n\t\t<svg class=\"absolute right-0 top-[57%] transform -translate-y-1\/2 group-hover:rotate-45\" width=\"11\" height=\"11\"\n\t\t\tviewBox=\"0 0 11 11\" fill=\"none\" xmlns=\"http:\/\/www.w3.org\/2000\/svg\">\n\t\t\t<rect y=\"1.69226\" width=\"1.69231\" height=\"11\" transform=\"rotate(-90 0 1.69226)\" fill=\"#FFF6AA\" \/>\n\t\t\t<rect x=\"11\" y=\"11\" width=\"1.69231\" height=\"11\" transform=\"rotate(180 11 11)\" fill=\"#FFF6AA\" \/>\n\t\t\t<rect x=\"1.25931\" y=\"10.9373\" width=\"1.69231\" height=\"13.3045\" transform=\"rotate(-135 1.25931 10.9373)\"\n\t\t\t\tfill=\"#FFF6AA\" \/>\n\t\t<\/svg>\n\t<\/a>\n\t\t\t\t\t\t\t\t\t\t\t\t<\/div>\n\t\t\t\t\t\t\t\t\t\t\t\t\t\t\t\t\t\t\t\t\t<\/div>\n\t\t\t\t\t\t\t\t\t<\/div>\n\t\t\t\t\t\t\t\t\t\t\t\t\t\t\t<\/div>\n\t\t\t\t\t\t<\/div>\n\t\t\t\t\t\t\t\t\t\t<img decoding=\"async\" class=\"absolute pointer-events-none top-[-20px] max-w-[294px] lg:max-w-none right-[-13px] lg:top-1\/2 lg:right-10 transform lg:-translate-y-1\/2\" src=\"https:\/\/goguette.website-bekijken.nl\/wp-content\/themes\/hh-theme\/assets\/svg\/fromage.svg\" alt=\"\" srcset=\"\">\n\t\t\t\t\t\t\t<\/div>\n\t\t<\/block>\n\t<\/div>\n\n\n\t<!-- Transition -->\n\t<div class=\"col-span-14\">\n\t\t<block id=\"\" class=\"transition\">\n\t\t\t<img loading=\"lazy\" decoding=\"async\" width=\"1920\" height=\"375\" src=\"https:\/\/goguette.website-bekijken.nl\/wp-content\/uploads\/2023\/12\/cave-cuisine-preparation-repas-goguette-transition-gum.jpg\" class=\"h-full max-h-[220px] lg:max-h-[375px] object-cover w-full\" alt=\"\" srcset=\"https:\/\/goguette.website-bekijken.nl\/wp-content\/uploads\/2023\/12\/cave-cuisine-preparation-repas-goguette-transition-gum.jpg 1920w, https:\/\/goguette.website-bekijken.nl\/wp-content\/uploads\/2023\/12\/cave-cuisine-preparation-repas-goguette-transition-gum-300x59.jpg 300w, https:\/\/goguette.website-bekijken.nl\/wp-content\/uploads\/2023\/12\/cave-cuisine-preparation-repas-goguette-transition-gum-1024x200.jpg 1024w, https:\/\/goguette.website-bekijken.nl\/wp-content\/uploads\/2023\/12\/cave-cuisine-preparation-repas-goguette-transition-gum-768x150.jpg 768w, https:\/\/goguette.website-bekijken.nl\/wp-content\/uploads\/2023\/12\/cave-cuisine-preparation-repas-goguette-transition-gum-1536x300.jpg 1536w\" sizes=\"auto, (max-width: 1920px) 100vw, 1920px\" \/>\t\t<\/block>\n\t<\/div>\n\n\n\t<!-- Cross Content -->\n\t<div class=\"relative col-span-14\">\n\t\t<section id=\"\" class=\"bg-poussin pt-[54px] pb-[91px] md:pt-[115px] md:pb-[103px]\">\n\t\t\t<div class=\"grid grid-cols-14 gap-x-5\">\n\t\t\t\t<div class=\"col-start-2 col-span-12 md:col-start-2 md:col-span-4\">\n\t\t\t\t\t\t\t\t\t\t\t<h3 class=\"font-satoshi flex text-[40px] leading-none lg:text-[60px] font-bold lg:leading-[52.5px] max-w-[292px] lg:max-w-full md:pb-[25px] text-grape uppercase\">\n\t\t\t\t\t\t\tVoir ou revoir nos caves \u00c3\u00a0 vin\t\t\t\t\t\t<\/h3>\n\t\t\t\t\t\t\t\t\t\t\t\t\t\t\t\t<p class=\"text-grape pt-[19px] md:pt-0 style__text--18\">\n\t\t\t\t\t\t\tD\u00c3\u00a9couvrez tous nos mod\u00c3\u00a8les de caves \u00c3\u00a0 vin ou consultez notre guide pour vous aider \u00c3\u00a0 choisir la cave \u00c3\u00a0 vin qui correspond le mieux \u00c3\u00a0 votre activit\u00c3\u00a9 et \u00c3\u00a0 vos besoins.\t\t\t\t\t\t<\/p>\n\t\t\t\t\t\t\t\t\t<\/div>\n\t\t\t\t<div class=\"col-start-2 col-span-12 md:col-start-6 md:col-span-9\">\n\t\t\t\t\t<div class=\"pt-[37px] md:pt-0 grid gap-y-[44px] md:gap-y-[78px] md:gap-x-16 md:grid-cols-9\">\n\t\t\t\t\t\t\t\t\t\t\t\t\t\t<div class=\"md:col-span-4\">\n\t\t\t\t\t\t\t\t\t<div class=\"is-fade group relative border-b border-solid border-b-grape max-w-[398px] mx-auto\">\n\t\t\t\t\t\t\t\t\t\t\t\t\t\t\t\t\t\t\t\t\t<div class=\"overflow-hidden relative w-[332px] h-[312px] md:w-[200px] md:h-[175px] lg:w-[300px] lg:h-[275px] xl:w-[398px] xl:h-[374px]\">\n\t\t\t\t\t\t\t\t\t\t\t\t<img loading=\"lazy\" decoding=\"async\" width=\"398\" height=\"374\" src=\"https:\/\/goguette.website-bekijken.nl\/wp-content\/uploads\/2023\/12\/cave-a-vin-comment-choisir-la-meilleure-en-fonction-de-ses-besoins-goguette-cross.jpg\" class=\"h-full w-full absolute top-0 left-0 object-cover group-hover:scale-110 transition-transform duration-700 ease-accelerate\" alt=\"Ap\u00e9ro entre amis autour d&#039;un verre de vin\" srcset=\"https:\/\/goguette.website-bekijken.nl\/wp-content\/uploads\/2023\/12\/cave-a-vin-comment-choisir-la-meilleure-en-fonction-de-ses-besoins-goguette-cross.jpg 398w, https:\/\/goguette.website-bekijken.nl\/wp-content\/uploads\/2023\/12\/cave-a-vin-comment-choisir-la-meilleure-en-fonction-de-ses-besoins-goguette-cross-300x282.jpg 300w\" sizes=\"auto, (max-width: 398px) 100vw, 398px\" \/>\t\t\t\t\t\t\t\t\t\t\t<\/div>\n\t\t\t\t\t\t\t\t\t\t\t\t\t\t\t\t\t\t\t\t\t\t<div class=\"flex gap-3 justify-between w-full pt-[16px] pb-[18px] md:pt-[18px] md:pb-[30px] items-end\">\n\t\t\t\t\t\t\t\t\t\t\t\t<h4 class=\"heading-4 text-grape uppercase\">\n\t\t\t\t\t\t\t\t\t\t\t\t\tChoisir votre Goguette\t\t\t\t\t\t\t\t\t\t\t\t<\/h4>\n\t\t\t\t\t\t\t\t\t\t\t\t<svg class=\"transform transition-transform duration-500 w-[20px] h-[15px] lg:w-[24px] lg:h-[24px] ease-accelerate group-hover:rotate-45 translate-y-[-3px]\" width=\"24\" height=\"24\" viewBox=\"0 0 24 24\" fill=\"none\" xmlns=\"http:\/\/www.w3.org\/2000\/svg\">\n\t\t\t\t\t\t\t\t\t\t\t\t\t<rect y=\"3.69238\" width=\"3.69231\" height=\"24\" transform=\"rotate(-90 0 3.69238)\" fill=\"#2D3A49\"\/>\n\t\t\t\t\t\t\t\t\t\t\t\t\t<rect x=\"24\" y=\"24\" width=\"3.69231\" height=\"24\" transform=\"rotate(180 24 24)\" fill=\"#2D3A49\"\/>\n\t\t\t\t\t\t\t\t\t\t\t\t\t<rect x=\"2.74707\" y=\"23.8633\" width=\"3.69231\" height=\"29.0281\" transform=\"rotate(-135 2.74707 23.8633)\" fill=\"#2D3A49\"\/>\n\t\t\t\t\t\t\t\t\t\t\t\t<\/svg>\n\t\t\t\t\t\t\t\t\t\t\t<\/div>\n\t\t\t\t\t\t\t\t\t\t\t\t\t\t\t\t\t\t\t\t\t\t<div class=\"style__text--18 pb-[30px] text-grape\">\n\t\t\t\t\t\t\t\t\t\t\t\tOn vous pose les 3 questions indispensables pour trouver la cave \u00c3\u00a0 vin qui vous correspond parmi nos diff\u00c3\u00a9rents mod\u00c3\u00a8les.\t\t\t\t\t\t\t\t\t\t\t<\/div>\n\t\t\t\t\t\t\t\t\t\t\t\t\t\t\t\t\t\t\t\t\t\t<a class=\"absolute top-0 left-0 w-full h-full z-10\" href=\"\/quelle-cave-a-vin-choisir\/\" target=\"_self\"><\/a>\n\t\t\t\t\t\t\t\t\t\t\t\t\t\t\t\t\t\t\t<\/div>\n\t\t\t\t\t\t\t\t<\/div>\n\t\t\t\t\t\t\t\t\t\t\t\t\t\t\t\t<div class=\"md:col-span-4\">\n\t\t\t\t\t\t\t\t\t<div class=\"is-fade group relative border-b border-solid border-b-grape max-w-[398px] mx-auto\">\n\t\t\t\t\t\t\t\t\t\t\t\t\t\t\t\t\t\t\t\t\t<div class=\"overflow-hidden relative w-[332px] h-[312px] md:w-[200px] md:h-[175px] lg:w-[300px] lg:h-[275px] xl:w-[398px] xl:h-[374px]\">\n\t\t\t\t\t\t\t\t\t\t\t\t<img loading=\"lazy\" decoding=\"async\" width=\"398\" height=\"374\" src=\"https:\/\/goguette.website-bekijken.nl\/wp-content\/uploads\/2023\/12\/cave-a-vin-tous-les-modeles-toutes-les-contenances-goguette-cross-1.jpg\" class=\"h-full w-full absolute top-0 left-0 object-cover group-hover:scale-110 transition-transform duration-700 ease-accelerate\" alt=\"\" srcset=\"https:\/\/goguette.website-bekijken.nl\/wp-content\/uploads\/2023\/12\/cave-a-vin-tous-les-modeles-toutes-les-contenances-goguette-cross-1.jpg 398w, https:\/\/goguette.website-bekijken.nl\/wp-content\/uploads\/2023\/12\/cave-a-vin-tous-les-modeles-toutes-les-contenances-goguette-cross-1-300x282.jpg 300w\" sizes=\"auto, (max-width: 398px) 100vw, 398px\" \/>\t\t\t\t\t\t\t\t\t\t\t<\/div>\n\t\t\t\t\t\t\t\t\t\t\t\t\t\t\t\t\t\t\t\t\t\t<div class=\"flex gap-3 justify-between w-full pt-[16px] pb-[18px] md:pt-[18px] md:pb-[30px] items-end\">\n\t\t\t\t\t\t\t\t\t\t\t\t<h4 class=\"heading-4 text-grape uppercase\">\n\t\t\t\t\t\t\t\t\t\t\t\t\tLe design Goguette\t\t\t\t\t\t\t\t\t\t\t\t<\/h4>\n\t\t\t\t\t\t\t\t\t\t\t\t<svg class=\"transform transition-transform duration-500 w-[20px] h-[15px] lg:w-[24px] lg:h-[24px] ease-accelerate group-hover:rotate-45 translate-y-[-3px]\" width=\"24\" height=\"24\" viewBox=\"0 0 24 24\" fill=\"none\" xmlns=\"http:\/\/www.w3.org\/2000\/svg\">\n\t\t\t\t\t\t\t\t\t\t\t\t\t<rect y=\"3.69238\" width=\"3.69231\" height=\"24\" transform=\"rotate(-90 0 3.69238)\" fill=\"#2D3A49\"\/>\n\t\t\t\t\t\t\t\t\t\t\t\t\t<rect x=\"24\" y=\"24\" width=\"3.69231\" height=\"24\" transform=\"rotate(180 24 24)\" fill=\"#2D3A49\"\/>\n\t\t\t\t\t\t\t\t\t\t\t\t\t<rect x=\"2.74707\" y=\"23.8633\" width=\"3.69231\" height=\"29.0281\" transform=\"rotate(-135 2.74707 23.8633)\" fill=\"#2D3A49\"\/>\n\t\t\t\t\t\t\t\t\t\t\t\t<\/svg>\n\t\t\t\t\t\t\t\t\t\t\t<\/div>\n\t\t\t\t\t\t\t\t\t\t\t\t\t\t\t\t\t\t\t\t\t\t<div class=\"style__text--18 pb-[30px] text-grape\">\n\t\t\t\t\t\t\t\t\t\t\t\tD\u00c3\u00a9couvrez en quoi les caves \u00c3\u00a0 vin Goguette se d\u00c3\u00a9marquent et deviennent un v\u00c3\u00a9ritable objet de d\u00c3\u00a9coration.\t\t\t\t\t\t\t\t\t\t\t<\/div>\n\t\t\t\t\t\t\t\t\t\t\t\t\t\t\t\t\t\t\t\t\t\t<a class=\"absolute top-0 left-0 w-full h-full z-10\" href=\"\/cave-a-vin\/cave-a-vin-design\/\" target=\"_self\"><\/a>\n\t\t\t\t\t\t\t\t\t\t\t\t\t\t\t\t\t\t\t<\/div>\n\t\t\t\t\t\t\t\t<\/div>\n\t\t\t\t\t\t\t\t\t\t\t\t\t<\/div>\n\t\t\t\t<\/div>\n\t\t\t<\/div>\n\t\t<\/section>\n\t<\/div>\n","protected":false},"excerpt":{"rendered":"","protected":false},"author":2,"featured_media":0,"parent":0,"menu_order":0,"comment_status":"closed","ping_status":"closed","template":"","meta":{"_acf_changed":false,"footnotes":""},"class_list":["post-7785","page","type-page","status-publish","hentry"],"acf":[],"_links":{"self":[{"href":"https:\/\/goguette.website-bekijken.nl\/fr\/wp-json\/wp\/v2\/pages\/7785","targetHints":{"allow":["GET"]}}],"collection":[{"href":"https:\/\/goguette.website-bekijken.nl\/fr\/wp-json\/wp\/v2\/pages"}],"about":[{"href":"https:\/\/goguette.website-bekijken.nl\/fr\/wp-json\/wp\/v2\/types\/page"}],"author":[{"embeddable":true,"href":"https:\/\/goguette.website-bekijken.nl\/fr\/wp-json\/wp\/v2\/users\/2"}],"replies":[{"embeddable":true,"href":"https:\/\/goguette.website-bekijken.nl\/fr\/wp-json\/wp\/v2\/comments?post=7785"}],"version-history":[{"count":3,"href":"https:\/\/goguette.website-bekijken.nl\/fr\/wp-json\/wp\/v2\/pages\/7785\/revisions"}],"predecessor-version":[{"id":11025,"href":"https:\/\/goguette.website-bekijken.nl\/fr\/wp-json\/wp\/v2\/pages\/7785\/revisions\/11025"}],"wp:attachment":[{"href":"https:\/\/goguette.website-bekijken.nl\/fr\/wp-json\/wp\/v2\/media?parent=7785"}],"curies":[{"name":"wp","href":"https:\/\/api.w.org\/{rel}","templated":true}]}}