{"id":684,"date":"2023-11-15T12:24:40","date_gmt":"2023-11-15T12:24:40","guid":{"rendered":"https:\/\/www.goguette.com\/?page_id=684"},"modified":"2025-10-01T08:07:48","modified_gmt":"2025-10-01T08:07:48","slug":"qui-sommes-nous","status":"publish","type":"page","link":"https:\/\/goguette.website-bekijken.nl\/fr\/qui-sommes-nous\/","title":{"rendered":"Qui sommes-nous ?"},"content":{"rendered":"\t<!-- Introduction -->\n\t<block id=\"\" class=\"col-span-14 introduction\">\n\t\t<div class=\"grid relative items-end grid-cols-14\">\n\t\t\t<div class=\"col-start-1 col-span-14 lg:col-start-2 lg:col-span-12\">\n\t\t\t\t<block id=\"block_fafc9f3cc2b255dcfc6a6c726bd7104d\" class=\"relative introduction\">\n\t\t\t\t\t<div class=\"absolute top-0 left-0 w-full h-full bg-black bg-opacity-10\"><\/div>\n\t\t\t\t\t\t\t\t\t\t\t\t\t<img loading=\"lazy\" decoding=\"async\" width=\"1920\" height=\"1000\" src=\"https:\/\/goguette.website-bekijken.nl\/wp-content\/uploads\/2023\/12\/goguette-nouvelle-marque-cave-a-vin-design-qualitative-made-in-france-banner-2.jpg\" class=\"max-h-[288px] min-h-[288px] lg:min-h-[750px] lg:max-h-[750px] object-cover w-full\" alt=\"\" srcset=\"https:\/\/goguette.website-bekijken.nl\/wp-content\/uploads\/2023\/12\/goguette-nouvelle-marque-cave-a-vin-design-qualitative-made-in-france-banner-2.jpg 1920w, https:\/\/goguette.website-bekijken.nl\/wp-content\/uploads\/2023\/12\/goguette-nouvelle-marque-cave-a-vin-design-qualitative-made-in-france-banner-2-300x156.jpg 300w, https:\/\/goguette.website-bekijken.nl\/wp-content\/uploads\/2023\/12\/goguette-nouvelle-marque-cave-a-vin-design-qualitative-made-in-france-banner-2-1024x533.jpg 1024w, https:\/\/goguette.website-bekijken.nl\/wp-content\/uploads\/2023\/12\/goguette-nouvelle-marque-cave-a-vin-design-qualitative-made-in-france-banner-2-768x400.jpg 768w, https:\/\/goguette.website-bekijken.nl\/wp-content\/uploads\/2023\/12\/goguette-nouvelle-marque-cave-a-vin-design-qualitative-made-in-france-banner-2-1536x800.jpg 1536w\" sizes=\"auto, (max-width: 1920px) 100vw, 1920px\" \/>\t\t\t\t\t\t\t\t\t\t\t<\/block>\n\t\t\t<\/div>\n\t\t\t<div class=\"section-heading col-span-14\">\n\t\t\t\t<div class=\"grid grid-cols-14 items-end\">\n\t\t\t\t\t<div class=\"col-start-1 col-span-14 lg:col-start-1 lg:col-span-6\">\n\t\t\t\t\t\t<div class=\"bg-floor pt-[47px] px-[29px] pb-[35px] lg:pb-0 lg:pr-0 lg:pl-[104px] lg:pt-[17px] relative\">\n\t\t\t\t\t\t\t<div class=\"hidden lg:block\">\n\t\t\t\t\t\t\t\t<nav aria-label=\"breadcrumbs\" class=\"rank-math-breadcrumb\"><p><\/p><\/nav>\t\t\t\t\t\t\t<\/div>\n\t\t\t\t\t\t\t\t\t\t\t\t\t\t\t<h1 class=\"heading-1 relative z-10 max-w-[292px] lg:max-w-[502px] lg:pt-[52px] uppercase text-sun\">\n\t\t\t\t\t\t\t\t\tBienvenue chez Goguette\t\t\t\t\t\t\t\t<\/h1>\n\t\t\t\t\t\t\t\t<img loading=\"lazy\" decoding=\"async\" width=\"498\" height=\"370\" src=\"https:\/\/goguette.website-bekijken.nl\/wp-content\/uploads\/2023\/12\/illustration-cave-bouteille-vin-goguette-1.png\" class=\"absolute top-0 z-0 md:z-50 max-w-[264px] right-0 lg:relative lg:max-w-[400px] lg:transform -translate-y-[60px] lg:max-h-[370px] object-contain\" alt=\"Illustration bouteille de vin\" srcset=\"https:\/\/goguette.website-bekijken.nl\/wp-content\/uploads\/2023\/12\/illustration-cave-bouteille-vin-goguette-1.png 498w, https:\/\/goguette.website-bekijken.nl\/wp-content\/uploads\/2023\/12\/illustration-cave-bouteille-vin-goguette-1-300x223.png 300w\" sizes=\"auto, (max-width: 498px) 100vw, 498px\" \/>\t\t\t\t\t\t<\/div>\n\t\t\t\t\t<\/div>\n\t\t\t\t\t<div class=\"relative col-start-1 col-span-14 lg:col-start-7 lg:col-span-8\">\n\t\t\t\t\t\t<div class=\"bg-floor pb-[40px] px-[29px] lg:pr-0 pt-[26px] lg:pt-[87px] lg:pb-[72px] flex items-end\">\n\t\t\t\t\t\t\t\t\t\t\t\t\t\t\t<h2 class=\"style__text--28 lg:!leading-[37.8px] text-sun lg:max-w-[605px]\">\n\t\t\t\t\t\t\t\t\t<p><strong>Conserver les vins que vous aimez, c&rsquo;est notre m\u00e9tier et notre promesse.<br \/>\n<\/strong>On vous en dit plus\u00a0?<\/p>\n\t\t\t\t\t\t\t\t<\/h2>\n\t\t\t\t\t\t\t\t\t\t\t\t\t<\/div>\n\t\t\t\t\t<\/div>\n\t\t\t\t<\/div>\n\t\t\t<\/div>\n\t\t<\/div>\n\t<\/block>\n\n\n\t\t<!-- Rich text -->\n\t<div class=\"col-span-14\">\n\t\t<block \n\t\t\tid=\"\"\n\t\t\tclass=\"texte-riche py-[52px] lg:pt-[69px] block lg:pb-[52px]\"\n\t\t\tstyle=\"background-color:#F1C8C9\">\n\t\t\t<div class=\"grid grid-cols-14\">\n\t\t\t\t\t\t\t\t\t\t\t<div class=\"col-start-2 col-span-12 lg:col-start-3 lg:col-span-3\">\n\t\t\t\t\t\t\t\t<h2 class=\"heading-3 uppercase pb-[24px] lg:pb-0\" style=\"color: #2D3A49\">\n\t\t\t\t\t\t\t\t\tNotre histoire\t\t\t\t\t\t\t\t<\/h2>\n\t\t\t\t\t\t\t<\/div>\n\t\t\t\t\t\t\t\t\t\t\t\t\t\t\t<div class=\"col-start-2 col-span-12 lg:col-start-8 xl:col-start-7 lg:col-span-6\">\n\t\t\t\t\t\t\t\t\t<p class=\"paragraph\">Notre histoire commence par un constat simple. Les amateurs de vin sont souvent confront\u00e9s \u00e0 un d\u00e9fi lorsqu&rsquo;ils cherchent une cave \u00e0 vin. L&rsquo;offre est vaste et les diff\u00e9rences ne sont pas \u00e9videntes \u00e0 saisir.<\/p>\n<p class=\"paragraph\"><strong>Chez Goguette, nous avons \u00e0 c\u0153ur de vous aider dans ce choix important avec une offre claire.<\/strong><\/p>\n<p class=\"paragraph\">Nous sommes convaincus qu&rsquo;une cave \u00e0 vin doit \u00eatre \u00e0 la fois un produit de tr\u00e8s bonne qualit\u00e9 et correspondre parfaitement \u00e0 votre <strong>style de vie<\/strong>. Nous croyons aussi sinc\u00e8rement que la d\u00e9gustation, fait partie de la culture fran\u00e7aise.<\/p>\n<p>&nbsp;<\/p>\n<h3><span class=\"heading-5\"><span style=\"color: #c83f33;\">Nos valeurs<\/span><\/span><\/h3>\n<p>&nbsp;<\/p>\n<p><strong>AUDACIEUSE<\/strong><\/p>\n<p>Parce que Goguette propose une nouvelle approche de la conservation et de la d\u00e9gustation du vin, \u00e0 la fois simple et moderne, mais avec une pointe d\u2019impertinence.<\/p>\n<p><strong>\u00c9PICURIENNE<\/strong><\/p>\n<p>Parce que Goguette est le complice de toutes celles et de tous ceux qui recherchent la joie des plaisirs du go\u00fbt et des choses simples.<\/p>\n<p><strong>SENS DU SERVICE<\/strong><\/p>\n<p>Parce que Goguette garantit une conservation optimale pour que chaque d\u00e9gustation reste unique.<\/p>\n\t\t\t\t\t\t\t\t<\/div>\n\t\t\t\t\t\t\t\t\t\t<\/div>\n\t\t<\/block>\n\t<\/div>\n\n\n\t<!-- Transition -->\n\t<div class=\"col-span-14\">\n\t\t<block id=\"\" class=\"transition\">\n\t\t\t\t\t<\/block>\n\t<\/div>\n\n\n\t<!-- Image + Rich Text -->\n\t<div class=\"image-rich-text col-span-14\" style=\"background-color:#FFFFFF\">\n\t\t<block \n\t\t\tid=\"\"\n\t\t\tclass=\"visuel-texte-riche\"\n\t\t\t>\n\t\t\t<div class=\"px-[30px] flex-wrap md:flex-nowrap flex justify-center items-start gap-x-5 relative py-[40px] md:py-[81px]\">\n\t\t\t\t\t\t\t\t\t\t\t\t\t<div class=\"relative overflow-hidden aspect-square min-w-full min-h-[310px] max-h-[310px] md:min-h-[371px] md:max-h-[371px] md:min-w-[400px] md:max-w-[400px] lg:min-w-[501px] lg:max-w-[501px] lg:max-h-[471px] lg:min-h-[471px]\">\n\t\t\t\t\t\t\t\t\t\t<img loading=\"lazy\" decoding=\"async\" width=\"501\" height=\"471\" src=\"https:\/\/goguette.website-bekijken.nl\/wp-content\/uploads\/2023\/12\/cave-a-vin-design-integration-decoration-interieure-noir-porte-vitree-goguette-visuel.jpg\" class=\"is-fade w-full absolute top-0 left-0 object-cover h-full\" alt=\"\" srcset=\"https:\/\/goguette.website-bekijken.nl\/wp-content\/uploads\/2023\/12\/cave-a-vin-design-integration-decoration-interieure-noir-porte-vitree-goguette-visuel.jpg 501w, https:\/\/goguette.website-bekijken.nl\/wp-content\/uploads\/2023\/12\/cave-a-vin-design-integration-decoration-interieure-noir-porte-vitree-goguette-visuel-300x282.jpg 300w\" sizes=\"auto, (max-width: 501px) 100vw, 501px\" \/>\t\t\t\t\t\t\t\t\t\t\t\t\t\t\t\t\t\t\t\t\t<a class=\"absolute top-0 left-0 w-full h-full z-10\" href=\"\/cave-a-vin\/cave-a-vin-design\/\" target=\"_self\"><\/a>\n\t\t\t\t\t\t\t\t\t\t\t\t\t\t\t\t\t\t\t<\/div>\n\t\t\t\t\t\t\t\t\t\t\t\t\t\t\t\t\t\t<div class=\"md:px-0 md:max-w-[525px]\">\n\t\t\t\t\t\t\t\t\t\t<h2 class=\"heading-3 pb-[30px] pt-[70px] md:pb-0 md:pt-0 uppercase text-sun\">Un design assum\u00e9<\/h2>\n\t\t\t\t\t\t\t\t\t\t\t\t\t\t\t\t\t\t\t\t\t<div class=\"lg:pl-[105px] style__text--15 text-grape md:pt-[34px]\"><h3><span class=\"heading-6\">Engagement n\u00b01<\/span><\/h3>\n<p>Traditionnellement, les caves \u00e0 vin sont noires. Certes c&rsquo;est sobre et \u00e9l\u00e9gant mais, reconnaissons-le, parfois compliqu\u00e9 \u00e0 int\u00e9grer dans une pi\u00e8ce aux murs clairs. Chez Goguette, nous avons pens\u00e9 chaque d\u00e9tail, de la couleur du coffre \u00e0 la poign\u00e9e, pour ajouter une touche design \u00e0 votre foyer. Bleu, blanc ou noir, c&rsquo;est \u00e0 vous de choisir.<\/p>\n<p>&nbsp;<\/p>\n<p><span class=\"button-wysiwyg\" style=\"color: #c83f33;\"><a style=\"color: #c83f33;\" href=\"https:\/\/goguette.website-bekijken.nl\/fr\/cave-a-vin\/cave-a-vin-design\/\">Trouver mon style<\/a><\/span><\/p>\n<\/div>\n\t\t\t\t\t\t\t\t\t\t\t\t\t\t\t\t\t\t\t\t<\/div>\n\t\t\t\t\t\t\t\t\t\t\t\t<\/div>\n\t\t<\/block>\n\t<\/div>\n\n\n\t<!-- Image + Rich Text -->\n\t<div class=\"image-rich-text col-span-14\" style=\"background-color:#FFFFFF\">\n\t\t<block \n\t\t\tid=\"\"\n\t\t\tclass=\"visuel-texte-riche\"\n\t\t\t>\n\t\t\t<div class=\"px-[30px] flex-wrap md:flex-nowrap flex justify-center items-start gap-x-5 relative py-[40px] md:py-[81px]\">\n\t\t\t\t\t\t\t\t\t\t\t\t\t<div class=\"md:px-0 md:max-w-[525px]\">\n\t\t\t\t\t\t\t\t\t\t<h2 class=\"heading-3 pb-[30px] pt-[70px] md:pb-0 md:pt-0 md:text-right uppercase text-sun\">Une fabrication fran\u00e7aise<\/h2>\n\t\t\t\t\t\t\t\t\t\t\t\t\t\t\t\t\t\t\t\t\t<div class=\"lg:pr-[105px] style__text--15 text-grape md:pt-[34px]\"><h3><span class=\"heading-6\">Engagement n\u00b02<\/span><\/h3>\n<p>Nous sommes fiers d&rsquo;appartenir \u00e0 un groupe manufacturier fran\u00e7ais de renom, \u00e9tabli dans les Hauts-de-France. Le Groupe EuroCave, derni\u00e8re manufacture \u00e0 encore fabriquer des caves \u00e0 vin en France, perp\u00e9tue un savoir-faire transmis de g\u00e9n\u00e9ration en g\u00e9n\u00e9ration. La fabrication d&rsquo;une cave Goguette commence le d\u00e9but d&rsquo;une histoire m\u00ealant plaisir du vin, qu\u00eate de qualit\u00e9 et partage. La suite, c&rsquo;est \u00e0 vous de l&rsquo;\u00e9crire.<\/p>\n<\/div>\n\t\t\t\t\t\t\t\t\t\t\t\t\t\t\t\t\t\t\t\t<\/div>\n\t\t\t\t\t\t\t\t\t\t\t\t\t\t\t\t\t\t<div class=\"order-first md:order-last relative overflow-hidden aspect-square min-w-full min-h-[310px] max-h-[310px] md:min-h-[371px] md:max-h-[371px] md:min-w-[400px] md:max-w-[400px] lg:min-w-[501px] lg:max-w-[501px] lg:max-h-[471px] lg:min-h-[471px]\">\n\t\t\t\t\t\t\t\t\t\t<img loading=\"lazy\" decoding=\"async\" width=\"501\" height=\"471\" src=\"https:\/\/goguette.website-bekijken.nl\/wp-content\/uploads\/2023\/12\/cave-a-vin-fabrication-france-etagere-clayette-facade-bois-goguette-visuel.jpg\" class=\"is-fade w-full object-cover h-full absolute top-0 left-0\" alt=\"\" srcset=\"https:\/\/goguette.website-bekijken.nl\/wp-content\/uploads\/2023\/12\/cave-a-vin-fabrication-france-etagere-clayette-facade-bois-goguette-visuel.jpg 501w, https:\/\/goguette.website-bekijken.nl\/wp-content\/uploads\/2023\/12\/cave-a-vin-fabrication-france-etagere-clayette-facade-bois-goguette-visuel-300x282.jpg 300w\" sizes=\"auto, (max-width: 501px) 100vw, 501px\" \/>\t\t\t\t\t\t\t\t\t\t\t\t\t\t\t\t\t\t\t<\/div>\n\t\t\t\t\t\t\t\t\t\t\t\t<\/div>\n\t\t<\/block>\n\t<\/div>\n\n\n\t<!-- Image + Rich Text -->\n\t<div class=\"image-rich-text col-span-14\" style=\"background-color:#F2F0EA\">\n\t\t<block \n\t\t\tid=\"\"\n\t\t\tclass=\"visuel-texte-riche\"\n\t\t\t>\n\t\t\t<div class=\"px-[30px] flex-wrap md:flex-nowrap flex justify-center items-start gap-x-5 relative py-[40px] md:py-[81px]\">\n\t\t\t\t\t\t\t\t\t\t\t\t\t<div class=\"relative overflow-hidden aspect-square min-w-full min-h-[310px] max-h-[310px] md:min-h-[371px] md:max-h-[371px] md:min-w-[400px] md:max-w-[400px] lg:min-w-[501px] lg:max-w-[501px] lg:max-h-[471px] lg:min-h-[471px]\">\n\t\t\t\t\t\t\t\t\t\t<img loading=\"lazy\" decoding=\"async\" width=\"501\" height=\"471\" src=\"https:\/\/goguette.website-bekijken.nl\/wp-content\/uploads\/2023\/12\/cave-a-vin-lumiere-integree-eclairage-bas-en-haut-goguette-visuel.jpg\" class=\"is-fade w-full absolute top-0 left-0 object-cover h-full\" alt=\"\" srcset=\"https:\/\/goguette.website-bekijken.nl\/wp-content\/uploads\/2023\/12\/cave-a-vin-lumiere-integree-eclairage-bas-en-haut-goguette-visuel.jpg 501w, https:\/\/goguette.website-bekijken.nl\/wp-content\/uploads\/2023\/12\/cave-a-vin-lumiere-integree-eclairage-bas-en-haut-goguette-visuel-300x282.jpg 300w\" sizes=\"auto, (max-width: 501px) 100vw, 501px\" \/>\t\t\t\t\t\t\t\t\t\t\t\t\t\t\t\t\t\t\t\t\t<a class=\"absolute top-0 left-0 w-full h-full z-10\" href=\"\/cave-a-vin\/\" target=\"_self\"><\/a>\n\t\t\t\t\t\t\t\t\t\t\t\t\t\t\t\t\t\t\t<\/div>\n\t\t\t\t\t\t\t\t\t\t\t\t\t\t\t\t\t\t<div class=\"md:px-0 md:max-w-[525px]\">\n\t\t\t\t\t\t\t\t\t\t<h2 class=\"heading-3 pb-[30px] pt-[70px] md:pb-0 md:pt-0 uppercase text-sun\">Un savoir-faire sp\u00e9cifique<\/h2>\n\t\t\t\t\t\t\t\t\t\t\t\t\t\t\t\t\t\t\t\t\t<div class=\"lg:pl-[105px] style__text--15 text-grape md:pt-[34px]\"><h3><span class=\"heading-6\">Engagement n\u00b03<\/span><\/h3>\n<p>Nous comprenons que chaque bouteille a son histoire et m\u00e9rite d&rsquo;\u00eatre pr\u00e9serv\u00e9e dans de bonnes conditions. Nos caves \u00e0 vin sont con\u00e7ues pour ma\u00eetriser la temp\u00e9rature, l&rsquo;hygrom\u00e9trie, les vibrations et la circulation de l&rsquo;air, garantissant ainsi une conservation et une mise \u00e0 temp\u00e9rature de vos vins optimales. Le d\u00e9tail qui compte : un niveau sonore de 35dB seulement.<\/p>\n<p><span class=\"button-wysiwyg\" style=\"color: #c83f33;\"><a href=\"https:\/\/goguette.website-bekijken.nl\/fr\/cave-a-vin\/\">D\u00e9couvrez nos caves \u00e0\u00a0 vin<\/a><\/span><\/p>\n<\/div>\n\t\t\t\t\t\t\t\t\t\t\t\t\t\t\t\t\t\t\t\t<\/div>\n\t\t\t\t\t\t\t\t\t\t\t\t<\/div>\n\t\t<\/block>\n\t<\/div>\n\n\n\t<!-- Image + Rich Text -->\n\t<div class=\"image-rich-text col-span-14\" style=\"background-color:#F2F0EA\">\n\t\t<block \n\t\t\tid=\"\"\n\t\t\tclass=\"visuel-texte-riche\"\n\t\t\t>\n\t\t\t<div class=\"px-[30px] flex-wrap md:flex-nowrap flex justify-center items-start gap-x-5 relative py-[40px] md:py-[81px]\">\n\t\t\t\t\t\t\t\t\t\t\t\t\t<div class=\"md:px-0 md:max-w-[525px]\">\n\t\t\t\t\t\t\t\t\t\t<h2 class=\"heading-3 pb-[30px] pt-[70px] md:pb-0 md:pt-0 md:text-right uppercase text-sun\">Durabilit\u00e9 assum\u00e9e<\/h2>\n\t\t\t\t\t\t\t\t\t\t\t\t\t\t\t\t\t\t\t\t\t<div class=\"lg:pr-[105px] style__text--15 text-grape md:pt-[34px]\"><h3><span class=\"heading-6\">Engagement n\u00b04<\/span><\/h3>\n<p>Dans une d\u00e9marche constante de durabilit\u00e9, nous utilisons des composants rigoureusement s\u00e9lectionn\u00e9s et test\u00e9s dans notre laboratoire en France, afin d\u2019assurer une fiabilit\u00e9 et une long\u00e9vit\u00e9 optimales de nos produits. Chaque \u00e9l\u00e9ment est pens\u00e9 pour garantir un usage sur le long terme. Toutes nos caves sont garanties 5 ans.<\/p>\n<\/div>\n\t\t\t\t\t\t\t\t\t\t\t\t\t\t\t\t\t\t\t\t<\/div>\n\t\t\t\t\t\t\t\t\t\t\t\t\t\t\t\t\t\t<div class=\"order-first md:order-last relative overflow-hidden aspect-square min-w-full min-h-[310px] max-h-[310px] md:min-h-[371px] md:max-h-[371px] md:min-w-[400px] md:max-w-[400px] lg:min-w-[501px] lg:max-w-[501px] lg:max-h-[471px] lg:min-h-[471px]\">\n\t\t\t\t\t\t\t\t\t\t<img loading=\"lazy\" decoding=\"async\" width=\"501\" height=\"471\" src=\"https:\/\/goguette.website-bekijken.nl\/wp-content\/uploads\/2025\/08\/assembly-of-a-wine-fridge-french-factory-goguette.jpg\" class=\"is-fade w-full object-cover h-full absolute top-0 left-0\" alt=\"Assembly of a wine fridge in our French factory\" srcset=\"https:\/\/goguette.website-bekijken.nl\/wp-content\/uploads\/2025\/08\/assembly-of-a-wine-fridge-french-factory-goguette.jpg 501w, https:\/\/goguette.website-bekijken.nl\/wp-content\/uploads\/2025\/08\/assembly-of-a-wine-fridge-french-factory-goguette-300x282.jpg 300w\" sizes=\"auto, (max-width: 501px) 100vw, 501px\" \/>\t\t\t\t\t\t\t\t\t\t\t\t\t\t\t\t\t\t\t<\/div>\n\t\t\t\t\t\t\t\t\t\t\t\t<\/div>\n\t\t<\/block>\n\t<\/div>\n\n\n\t<!-- Transition -->\n\t<div class=\"col-span-14\">\n\t\t<block id=\"\" class=\"transition\">\n\t\t\t<img loading=\"lazy\" decoding=\"async\" width=\"1920\" height=\"1000\" src=\"https:\/\/goguette.website-bekijken.nl\/wp-content\/uploads\/2025\/08\/wine-fridge-door-assembly-made-in-france.jpg\" class=\"h-full max-h-[220px] lg:max-h-[375px] object-cover w-full\" alt=\"Wine fridge door assembly in our French manufactury\" srcset=\"https:\/\/goguette.website-bekijken.nl\/wp-content\/uploads\/2025\/08\/wine-fridge-door-assembly-made-in-france.jpg 1920w, https:\/\/goguette.website-bekijken.nl\/wp-content\/uploads\/2025\/08\/wine-fridge-door-assembly-made-in-france-300x156.jpg 300w, https:\/\/goguette.website-bekijken.nl\/wp-content\/uploads\/2025\/08\/wine-fridge-door-assembly-made-in-france-1024x533.jpg 1024w, https:\/\/goguette.website-bekijken.nl\/wp-content\/uploads\/2025\/08\/wine-fridge-door-assembly-made-in-france-768x400.jpg 768w, https:\/\/goguette.website-bekijken.nl\/wp-content\/uploads\/2025\/08\/wine-fridge-door-assembly-made-in-france-1536x800.jpg 1536w\" sizes=\"auto, (max-width: 1920px) 100vw, 1920px\" \/>\t\t<\/block>\n\t<\/div>\n\n\n\t\t<!-- Gallery -->\n\t\t\t<block class=\"gallery relative col-span-14\">\n\t\t\t<div class=\"absolute top-0 left-0 w-full bg-floor h-[352px] lg:h-[526px]\"><\/div>\n\t\t\t<div class=\"grid grid-cols-14 gap-x-5\">\n\t\t\t\t<block id=\"\"\n\t\t\t\t\tclass=\"gallery col-start-2 py-[47px] col-span-12 md:col-start-3 md:col-span-12 md:py-[87px]\">\n\t\t\t\t\t<div class=\"grid grid-cols-12 gap-5\">\n\t\t\t\t\t\t<div class=\"col-span-12\">\n\t\t\t\t\t\t\t<div class=\"splide\" data-splide='{\"type\":\"loop\",\"perPage\":1,\"perMove\":1,\"cover\":true,\"gap\":\"300px\",\"drag\":false,\"arrows\":false,\"pagination\":false,\"autoWidth\":true,\"fixedWidth\":\"100%\",\"breakpoints\":{\"768\":{\"drag\":true,\"arrows\":false,\"perPage\":1,\"gap\":\"\",\"padding\":{\"right\":\"\"},\"trimSpace\":false,\"autoWidth\":true},\"600\":{\"destroy\":\"completely\"},\"1440\":{\"fixedWidth\":false}}}'>\n\t\t\t\t\t\t\t\t<div\n\t\t\t\t\t\t\t\t\tclass=\"grid grid-cols-12 gap-y-[15px] md:gap-y-[43px] gap-x-5 md:-mb-16\">\n\t\t\t\t\t\t\t\t\t\t\t\t\t\t\t\t\t\t\t\t\t\t\t\t\t\t\t\t<div\n\t\t\t\t\t\t\t\t\t\t\tclass=\"col-start-1 col-span-12 lg:pt-[23px] md:pt-0 md:transform md:-translate-y-16 md:col-start-2 md:col-span-8\">\n\t\t\t\t\t\t\t\t\t\t\t<div class=\"splide__track\">\n\t\t\t\t\t\t\t\t\t\t\t\t<div class=\"splide__list\">\n\t\t\t\t\t\t\t\t\t\t\t\t\t\t\t\t\t\t\t\t\t\t\t\t\t\t\t\t\t<div class=\"splide__slide image w-full md:w-auto\">\n\t\t\t\t\t\t\t\t\t\t\t\t\t\t\t\t\t\t\t\t\t\t\t\t\t\t\t\t\t\t\t\t\t<\/div>\n\t\t\t\t\t\t\t\t\t\t\t\t\t\t\t\t\n\t\t\t\t\t\t\t\t\t\t\t\t\t\t\t\t\t\t\t\t\t\t\t\t\t<\/div>\n\t\t\t\t\t\t\t\t\t\t\t<\/div>\n\t\t\t\t\t\t\t\t\t\t<\/div>\n\t\t\t\t\t\t\t\t\t\t\t\t\t\t\t\t\t<\/div>\n\t\t\t\t\t\t\t<\/div>\n\t\t\t\t\t\t<\/div>\n\t\t\t\t\t<\/div>\n\t\t\t\t<\/block>\n\t\t\t<\/div>\n\t\t<\/block>\n\t\n\n\t<!-- Cross Content -->\n\t<div class=\"relative col-span-14\">\n\t\t<section id=\"\" class=\"bg-poussin pt-[54px] pb-[91px] md:pt-[115px] md:pb-[103px]\">\n\t\t\t<div class=\"grid grid-cols-14 gap-x-5\">\n\t\t\t\t<div class=\"col-start-2 col-span-12 md:col-start-2 md:col-span-4\">\n\t\t\t\t\t\t\t\t\t\t\t<h3 class=\"font-satoshi flex text-[40px] leading-none lg:text-[60px] font-bold lg:leading-[52.5px] max-w-[292px] lg:max-w-full md:pb-[25px] text-grape uppercase\">\n\t\t\t\t\t\t\tChaque d\u00e9gusta&shy;tion reste unique.\t\t\t\t\t\t<\/h3>\n\t\t\t\t\t\t\t\t\t\t\t\t\t\t\t\t<p class=\"text-grape pt-[19px] md:pt-0 style__text--18\">\n\t\t\t\t\t\t\tLaissez-vous emporter par un vent de fra\u00eecheur ou d\u00e9couvrez sans attendre, votre future cave \u00e0 vin Goguette, parmi nos diff\u00e9rents mod\u00e8les.\t\t\t\t\t\t<\/p>\n\t\t\t\t\t\t\t\t\t<\/div>\n\t\t\t\t<div class=\"col-start-2 col-span-12 md:col-start-6 md:col-span-9\">\n\t\t\t\t\t<div class=\"pt-[37px] md:pt-0 grid gap-y-[44px] md:gap-y-[78px] md:gap-x-16 md:grid-cols-9\">\n\t\t\t\t\t\t\t\t\t\t\t\t\t\t<div class=\"md:col-span-4\">\n\t\t\t\t\t\t\t\t\t<div class=\"is-fade group relative border-b border-solid border-b-grape max-w-[398px] mx-auto\">\n\t\t\t\t\t\t\t\t\t\t\t\t\t\t\t\t\t\t\t\t\t<div class=\"overflow-hidden relative w-[332px] h-[312px] md:w-[200px] md:h-[175px] lg:w-[300px] lg:h-[275px] xl:w-[398px] xl:h-[374px]\">\n\t\t\t\t\t\t\t\t\t\t\t\t<img loading=\"lazy\" decoding=\"async\" width=\"398\" height=\"374\" src=\"https:\/\/goguette.website-bekijken.nl\/wp-content\/uploads\/2023\/12\/marque-goguette-univers-manifeste-life-style-cross.jpg\" class=\"h-full w-full absolute top-0 left-0 object-cover group-hover:scale-110 transition-transform duration-700 ease-accelerate\" alt=\"\" srcset=\"https:\/\/goguette.website-bekijken.nl\/wp-content\/uploads\/2023\/12\/marque-goguette-univers-manifeste-life-style-cross.jpg 398w, https:\/\/goguette.website-bekijken.nl\/wp-content\/uploads\/2023\/12\/marque-goguette-univers-manifeste-life-style-cross-300x282.jpg 300w\" sizes=\"auto, (max-width: 398px) 100vw, 398px\" \/>\t\t\t\t\t\t\t\t\t\t\t<\/div>\n\t\t\t\t\t\t\t\t\t\t\t\t\t\t\t\t\t\t\t\t\t\t<div class=\"flex gap-3 justify-between w-full pt-[16px] pb-[18px] md:pt-[18px] md:pb-[30px] items-end\">\n\t\t\t\t\t\t\t\t\t\t\t\t<h4 class=\"heading-4 text-grape uppercase\">\n\t\t\t\t\t\t\t\t\t\t\t\t\tNotre manifeste\t\t\t\t\t\t\t\t\t\t\t\t<\/h4>\n\t\t\t\t\t\t\t\t\t\t\t\t<svg class=\"transform transition-transform duration-500 w-[20px] h-[15px] lg:w-[24px] lg:h-[24px] ease-accelerate group-hover:rotate-45 translate-y-[-3px]\" width=\"24\" height=\"24\" viewBox=\"0 0 24 24\" fill=\"none\" xmlns=\"http:\/\/www.w3.org\/2000\/svg\">\n\t\t\t\t\t\t\t\t\t\t\t\t\t<rect y=\"3.69238\" width=\"3.69231\" height=\"24\" transform=\"rotate(-90 0 3.69238)\" fill=\"#2D3A49\"\/>\n\t\t\t\t\t\t\t\t\t\t\t\t\t<rect x=\"24\" y=\"24\" width=\"3.69231\" height=\"24\" transform=\"rotate(180 24 24)\" fill=\"#2D3A49\"\/>\n\t\t\t\t\t\t\t\t\t\t\t\t\t<rect x=\"2.74707\" y=\"23.8633\" width=\"3.69231\" height=\"29.0281\" transform=\"rotate(-135 2.74707 23.8633)\" fill=\"#2D3A49\"\/>\n\t\t\t\t\t\t\t\t\t\t\t\t<\/svg>\n\t\t\t\t\t\t\t\t\t\t\t<\/div>\n\t\t\t\t\t\t\t\t\t\t\t\t\t\t\t\t\t\t\t\t\t\t<div class=\"style__text--18 pb-[30px] text-grape\">\n\t\t\t\t\t\t\t\t\t\t\t\tD\u00e9couvrez le film Goguette et plongez dans l&rsquo;univers de la marque.\t\t\t\t\t\t\t\t\t\t\t<\/div>\n\t\t\t\t\t\t\t\t\t\t\t\t\t\t\t\t\t\t\t\t\t\t<a class=\"absolute top-0 left-0 w-full h-full z-10\" href=\"\/notre-manifeste\/\" target=\"_self\"><\/a>\n\t\t\t\t\t\t\t\t\t\t\t\t\t\t\t\t\t\t\t<\/div>\n\t\t\t\t\t\t\t\t<\/div>\n\t\t\t\t\t\t\t\t\t\t\t\t\t\t\t\t<div class=\"md:col-span-4\">\n\t\t\t\t\t\t\t\t\t<div class=\"is-fade group relative border-b border-solid border-b-grape max-w-[398px] mx-auto\">\n\t\t\t\t\t\t\t\t\t\t\t\t\t\t\t\t\t\t\t\t\t<div class=\"overflow-hidden relative w-[332px] h-[312px] md:w-[200px] md:h-[175px] lg:w-[300px] lg:h-[275px] xl:w-[398px] xl:h-[374px]\">\n\t\t\t\t\t\t\t\t\t\t\t\t<img loading=\"lazy\" decoding=\"async\" width=\"398\" height=\"374\" src=\"https:\/\/goguette.website-bekijken.nl\/wp-content\/uploads\/2023\/12\/cave-a-vin-tous-les-modeles-toutes-les-contenances-goguette-cross-1.jpg\" class=\"h-full w-full absolute top-0 left-0 object-cover group-hover:scale-110 transition-transform duration-700 ease-accelerate\" alt=\"\" srcset=\"https:\/\/goguette.website-bekijken.nl\/wp-content\/uploads\/2023\/12\/cave-a-vin-tous-les-modeles-toutes-les-contenances-goguette-cross-1.jpg 398w, https:\/\/goguette.website-bekijken.nl\/wp-content\/uploads\/2023\/12\/cave-a-vin-tous-les-modeles-toutes-les-contenances-goguette-cross-1-300x282.jpg 300w\" sizes=\"auto, (max-width: 398px) 100vw, 398px\" \/>\t\t\t\t\t\t\t\t\t\t\t<\/div>\n\t\t\t\t\t\t\t\t\t\t\t\t\t\t\t\t\t\t\t\t\t\t<div class=\"flex gap-3 justify-between w-full pt-[16px] pb-[18px] md:pt-[18px] md:pb-[30px] items-end\">\n\t\t\t\t\t\t\t\t\t\t\t\t<h4 class=\"heading-4 text-grape uppercase\">\n\t\t\t\t\t\t\t\t\t\t\t\t\tNos caves \u00e0\u00a0 vin\t\t\t\t\t\t\t\t\t\t\t\t<\/h4>\n\t\t\t\t\t\t\t\t\t\t\t\t<svg class=\"transform transition-transform duration-500 w-[20px] h-[15px] lg:w-[24px] lg:h-[24px] ease-accelerate group-hover:rotate-45 translate-y-[-3px]\" width=\"24\" height=\"24\" viewBox=\"0 0 24 24\" fill=\"none\" xmlns=\"http:\/\/www.w3.org\/2000\/svg\">\n\t\t\t\t\t\t\t\t\t\t\t\t\t<rect y=\"3.69238\" width=\"3.69231\" height=\"24\" transform=\"rotate(-90 0 3.69238)\" fill=\"#2D3A49\"\/>\n\t\t\t\t\t\t\t\t\t\t\t\t\t<rect x=\"24\" y=\"24\" width=\"3.69231\" height=\"24\" transform=\"rotate(180 24 24)\" fill=\"#2D3A49\"\/>\n\t\t\t\t\t\t\t\t\t\t\t\t\t<rect x=\"2.74707\" y=\"23.8633\" width=\"3.69231\" height=\"29.0281\" transform=\"rotate(-135 2.74707 23.8633)\" fill=\"#2D3A49\"\/>\n\t\t\t\t\t\t\t\t\t\t\t\t<\/svg>\n\t\t\t\t\t\t\t\t\t\t\t<\/div>\n\t\t\t\t\t\t\t\t\t\t\t\t\t\t\t\t\t\t\t\t\t\t<div class=\"style__text--18 pb-[30px] text-grape\">\n\t\t\t\t\t\t\t\t\t\t\t\tUne cave pour conserver ou pour mettre \u00e0 temp\u00e9rature votre vin ? D\u00e9couvrez nos diff\u00e9rentes caves \u00e0 vin.\t\t\t\t\t\t\t\t\t\t\t<\/div>\n\t\t\t\t\t\t\t\t\t\t\t\t\t\t\t\t\t\t\t\t\t\t<a class=\"absolute top-0 left-0 w-full h-full z-10\" href=\"\/cave-a-vin\/\" target=\"_self\"><\/a>\n\t\t\t\t\t\t\t\t\t\t\t\t\t\t\t\t\t\t\t<\/div>\n\t\t\t\t\t\t\t\t<\/div>\n\t\t\t\t\t\t\t\t\t\t\t\t\t<\/div>\n\t\t\t\t<\/div>\n\t\t\t<\/div>\n\t\t<\/section>\n\t<\/div>\n","protected":false},"excerpt":{"rendered":"","protected":false},"author":2,"featured_media":0,"parent":0,"menu_order":0,"comment_status":"closed","ping_status":"closed","template":"","meta":{"_acf_changed":false,"footnotes":""},"class_list":["post-684","page","type-page","status-publish","hentry"],"acf":[],"_links":{"self":[{"href":"https:\/\/goguette.website-bekijken.nl\/fr\/wp-json\/wp\/v2\/pages\/684","targetHints":{"allow":["GET"]}}],"collection":[{"href":"https:\/\/goguette.website-bekijken.nl\/fr\/wp-json\/wp\/v2\/pages"}],"about":[{"href":"https:\/\/goguette.website-bekijken.nl\/fr\/wp-json\/wp\/v2\/types\/page"}],"author":[{"embeddable":true,"href":"https:\/\/goguette.website-bekijken.nl\/fr\/wp-json\/wp\/v2\/users\/2"}],"replies":[{"embeddable":true,"href":"https:\/\/goguette.website-bekijken.nl\/fr\/wp-json\/wp\/v2\/comments?post=684"}],"version-history":[{"count":2,"href":"https:\/\/goguette.website-bekijken.nl\/fr\/wp-json\/wp\/v2\/pages\/684\/revisions"}],"predecessor-version":[{"id":12028,"href":"https:\/\/goguette.website-bekijken.nl\/fr\/wp-json\/wp\/v2\/pages\/684\/revisions\/12028"}],"wp:attachment":[{"href":"https:\/\/goguette.website-bekijken.nl\/fr\/wp-json\/wp\/v2\/media?parent=684"}],"curies":[{"name":"wp","href":"https:\/\/api.w.org\/{rel}","templated":true}]}}