{"id":623,"date":"2023-11-10T16:59:12","date_gmt":"2023-11-10T16:59:12","guid":{"rendered":"https:\/\/www.goguette.com\/?page_id=623"},"modified":"2025-09-30T15:41:05","modified_gmt":"2025-09-30T15:41:05","slug":"mentions-legales","status":"publish","type":"page","link":"https:\/\/goguette.website-bekijken.nl\/fr\/mentions-legales\/","title":{"rendered":"Mentions l\u00e9gales"},"content":{"rendered":"\t<!-- Introduction -->\n\t<block id=\"\" class=\"col-span-14 introduction\">\n\t\t<div class=\"grid relative items-end grid-cols-14\">\n\t\t\t<div class=\"col-start-1 col-span-14 lg:col-start-2 lg:col-span-12\">\n\t\t\t\t<block id=\"block_e59a7a37f392a28d382c82d80465fce2\" class=\"relative introduction\">\n\t\t\t\t\t<div class=\"absolute top-0 left-0 w-full h-full bg-black bg-opacity-10\"><\/div>\n\t\t\t\t\t\t\t\t\t\t\t\t\t<img loading=\"lazy\" decoding=\"async\" width=\"1920\" height=\"1000\" src=\"https:\/\/goguette.website-bekijken.nl\/wp-content\/uploads\/2023\/12\/cave-a-vin-design-made-in-france-taille-porte-couleur-rangement-goguette-banner-2.jpg\" class=\"max-h-[288px] min-h-[288px] lg:min-h-[750px] lg:max-h-[750px] object-cover w-full\" alt=\"\" srcset=\"https:\/\/goguette.website-bekijken.nl\/wp-content\/uploads\/2023\/12\/cave-a-vin-design-made-in-france-taille-porte-couleur-rangement-goguette-banner-2.jpg 1920w, https:\/\/goguette.website-bekijken.nl\/wp-content\/uploads\/2023\/12\/cave-a-vin-design-made-in-france-taille-porte-couleur-rangement-goguette-banner-2-300x156.jpg 300w, https:\/\/goguette.website-bekijken.nl\/wp-content\/uploads\/2023\/12\/cave-a-vin-design-made-in-france-taille-porte-couleur-rangement-goguette-banner-2-1024x533.jpg 1024w, https:\/\/goguette.website-bekijken.nl\/wp-content\/uploads\/2023\/12\/cave-a-vin-design-made-in-france-taille-porte-couleur-rangement-goguette-banner-2-768x400.jpg 768w, https:\/\/goguette.website-bekijken.nl\/wp-content\/uploads\/2023\/12\/cave-a-vin-design-made-in-france-taille-porte-couleur-rangement-goguette-banner-2-1536x800.jpg 1536w\" sizes=\"auto, (max-width: 1920px) 100vw, 1920px\" \/>\t\t\t\t\t\t\t\t\t\t\t<\/block>\n\t\t\t<\/div>\n\t\t\t<div class=\"section-heading col-span-14\">\n\t\t\t\t<div class=\"grid grid-cols-14 items-end\">\n\t\t\t\t\t<div class=\"col-start-1 col-span-14 lg:col-start-1 lg:col-span-6\">\n\t\t\t\t\t\t<div class=\"bg-floor pt-[47px] px-[29px] pb-[35px] lg:pb-0 lg:pr-0 lg:pl-[104px] lg:pt-[17px] relative\">\n\t\t\t\t\t\t\t<div class=\"hidden lg:block\">\n\t\t\t\t\t\t\t\t<nav aria-label=\"breadcrumbs\" class=\"rank-math-breadcrumb\"><p><\/p><\/nav>\t\t\t\t\t\t\t<\/div>\n\t\t\t\t\t\t\t\t\t\t\t\t\t\t\t<h1 class=\"heading-1 relative z-10 max-w-[292px] lg:max-w-[502px] lg:pt-[52px] uppercase text-sun\">\n\t\t\t\t\t\t\t\t\tMentions l\u00e9gales\t\t\t\t\t\t\t\t<\/h1>\n\t\t\t\t\t\t\t\t<img loading=\"lazy\" decoding=\"async\" width=\"498\" height=\"370\" src=\"https:\/\/goguette.website-bekijken.nl\/wp-content\/uploads\/2023\/12\/illustration-apero-cave-goguette.png\" class=\"absolute top-0 z-0 md:z-50 max-w-[264px] right-0 lg:relative lg:max-w-[400px] lg:transform -translate-y-[60px] lg:max-h-[370px] object-contain\" alt=\"\" srcset=\"https:\/\/goguette.website-bekijken.nl\/wp-content\/uploads\/2023\/12\/illustration-apero-cave-goguette.png 498w, https:\/\/goguette.website-bekijken.nl\/wp-content\/uploads\/2023\/12\/illustration-apero-cave-goguette-300x223.png 300w\" sizes=\"auto, (max-width: 498px) 100vw, 498px\" \/>\t\t\t\t\t\t<\/div>\n\t\t\t\t\t<\/div>\n\t\t\t\t\t<div class=\"relative col-start-1 col-span-14 lg:col-start-7 lg:col-span-8\">\n\t\t\t\t\t\t<div class=\"bg-floor pb-[40px] px-[29px] lg:pr-0 pt-[26px] lg:pt-[87px] lg:pb-[72px] flex items-end\">\n\t\t\t\t\t\t\t\t\t\t\t\t\t<\/div>\n\t\t\t\t\t<\/div>\n\t\t\t\t<\/div>\n\t\t\t<\/div>\n\t\t<\/div>\n\t<\/block>\n\n\n\t\t<!-- Rich text -->\n\t<div class=\"col-span-14\">\n\t\t<block \n\t\t\tid=\"\"\n\t\t\tclass=\"texte-riche py-[52px] lg:pt-[69px] block lg:pb-[52px]\"\n\t\t\tstyle=\"background-color:#FFFFFF\">\n\t\t\t<div class=\"grid grid-cols-14\">\n\t\t\t\t\t\t\t\t\t\t\t<div class=\"col-start-2 col-span-12 lg:col-start-3 lg:col-span-3\">\n\t\t\t\t\t\t\t\t<h2 class=\"heading-3 uppercase pb-[24px] lg:pb-0\" style=\"color: #C83F33\">\n\t\t\t\t\t\t\t\t\tInformations juridiques\t\t\t\t\t\t\t\t<\/h2>\n\t\t\t\t\t\t\t<\/div>\n\t\t\t\t\t\t\t\t\t\t\t\t\t\t\t<div class=\"col-start-2 col-span-12 lg:col-start-8 xl:col-start-7 lg:col-span-6\">\n\t\t\t\t\t\t\t\t\t<p><span class=\"heading-6\"><strong>\u00c9diteur<\/strong><\/span><\/p>\n<p>Le site goguette.com est \u00e9dit\u00e9 par la soci\u00e9t\u00e9 EuroCave SAS au capital de 1 000 400 euros, situ\u00e9e au 12-14 av. Antoine Dutri\u00e9voz, CS 40145, 69100 Villeurbanne, France.<\/p>\n<p>EuroCave SAS est immatricul\u00e9 au Registre du Commerce et des Soci\u00e9t\u00e9s de Lyon sous le 320 316 995 RCS Lyon &#8211; APE 2751Z<\/p>\n<p>N\u00b0 TVA Intracommunautaire : FR30 320 316 995<\/p>\n<p>Directeur de la publication \u00e9ditorial : Beno\u00eet Favier<\/p>\n<p>&nbsp;<\/p>\n<p>Vous pouvez nous contacter,<\/p>\n<p>&#8211; par courrier : EuroCave SAS &#8211; 12-14 av. Antoine Dutri\u00e9voz &#8211; CS 40145 &#8211; 69628 Villeurbanne cedex &#8211; France<br \/>\n&#8211; par t\u00e9l\u00e9phone au\u00a0 +33 (0)4 26 10 18 11<br \/>\n&#8211; par e-mail : dpo@eurocave.com<\/p>\n<p>&nbsp;<\/p>\n<p><span class=\"heading-6\"><strong>D\u00e9veloppement, int\u00e9gration<\/strong><\/span><\/p>\n<p>Hulahoop &#8211; 8 cours d&rsquo;Herbouville &#8211; 69004 Lyon &#8211; France<\/p>\n<p>&nbsp;<\/p>\n<p><span class=\"heading-6\"><strong>H\u00e9bergeur<\/strong><\/span><\/p>\n<p>OVH Gravelines &#8211; ZI Les Huttes &#8211; Rte de la Ferme Masson &#8211; 59820 Gravelines &#8211; France<\/p>\n<p>&nbsp;<\/p>\n<p><span class=\"heading-6\"><strong>Protection des donn\u00e9es personnelles<\/strong><\/span><\/p>\n<p>Retrouvez l\u2019int\u00e9gralit\u00e9 de notre politique de confidentialit\u00e9 <span class=\"button-wysiwyg\" style=\"color: #c83f33;\"><a style=\"color: #c83f33;\" href=\"https:\/\/goguette.website-bekijken.nl\/fr\/politique-de-confidentialite\/\">ici<\/a><\/span><\/p>\n<p>Conform\u00e9ment \u00e0 la r\u00e9glementation applicable, nous vous informons que la collecte des informations dont la saisie est obligatoire dans la rubrique \u00ab\u00a0Nous contacter\u00a0\u00bb est n\u00e9cessaire au traitement de votre demande.<\/p>\n<p>Les informations collect\u00e9es sont destin\u00e9es uniquement \u00e0 l&rsquo;usage du r\u00e9seau Goguette. Elles nous permettent de traiter votre demande, de vous proposer des prestations personnalis\u00e9es et de vous informer sur nos produits et services. Elles sont ainsi utilis\u00e9es \u00e0 des fins de fid\u00e9lisation, de gestion et d&rsquo;analyses statistiques.<\/p>\n<p>Vous disposez d&rsquo;un droit d\u2019acc\u00e8s, de modification, d\u2019opposition, de limitation, de rectification et de suppression des donn\u00e9es qui vous concernent. Vous pouvez l&rsquo;exercer,<\/p>\n<p>&#8211; par courrier :\u00a0EuroCave SAS &#8211; 12-14 av. Antoine Dutri\u00e9voz &#8211; CS 40145\u00a0 &#8211; 69628 Villeurbanne cedex &#8211; France<br \/>\n&#8211; par t\u00e9l\u00e9phone au\u00a0 +33 (0)4 26 10 18 11<br \/>\n&#8211; par e-mail : dpo@eurocave.com<\/p>\n<p>&nbsp;<\/p>\n<p class=\"titre_h3\"><span class=\"heading-6\"><strong>Identification \u00c9co-Mobilier<\/strong><\/span><\/p>\n<p>EuroCave est enregistr\u00e9 au Registre national des metteurs sur le march\u00e9 d&rsquo;\u00e9l\u00e9ments d&rsquo;ameublement sous le num\u00e9ro FR000972.<\/p>\n<p>Ce num\u00e9ro garantit qu&rsquo;EuroCave, en adh\u00e9rant \u00e0 \u00c9co-Mobilier, se met en conformit\u00e9 avec les obligations r\u00e9glementaires qui lui incombent en application de l&rsquo;article L 541-10-10 10\u00b0 du Code de l&rsquo;Environnement.<\/p>\n<p>&nbsp;<\/p>\n<p><span class=\"heading-6\"><strong>Informations sur le site<\/strong><\/span><\/p>\n<p>Les informations et photos pr\u00e9sent\u00e9es sur ce site web sont fournies \u00e0 titre indicatif uniquement. Elles ne sont pas contractuelles et peuvent \u00eatre sujettes \u00e0 des modifications sans pr\u00e9avis de la part de la marque. Bien que nous nous efforcions de maintenir les informations \u00e0 jour, nous ne garantissons pas l&rsquo;exactitude, l&rsquo;exhaustivit\u00e9 ou la pertinence des informations fournies. En acc\u00e9dant et en utilisant ce site, vous acceptez que la marque ne soit pas tenue responsable des \u00e9ventuelles inexactitudes ou des changements intervenant dans les informations ou les images pr\u00e9sent\u00e9es.<\/p>\n\t\t\t\t\t\t\t\t<\/div>\n\t\t\t\t\t\t\t\t\t\t<\/div>\n\t\t<\/block>\n\t<\/div>\n","protected":false},"excerpt":{"rendered":"","protected":false},"author":1,"featured_media":0,"parent":0,"menu_order":0,"comment_status":"closed","ping_status":"closed","template":"","meta":{"_acf_changed":false,"footnotes":""},"class_list":["post-623","page","type-page","status-publish","hentry"],"acf":[],"_links":{"self":[{"href":"https:\/\/goguette.website-bekijken.nl\/fr\/wp-json\/wp\/v2\/pages\/623","targetHints":{"allow":["GET"]}}],"collection":[{"href":"https:\/\/goguette.website-bekijken.nl\/fr\/wp-json\/wp\/v2\/pages"}],"about":[{"href":"https:\/\/goguette.website-bekijken.nl\/fr\/wp-json\/wp\/v2\/types\/page"}],"author":[{"embeddable":true,"href":"https:\/\/goguette.website-bekijken.nl\/fr\/wp-json\/wp\/v2\/users\/1"}],"replies":[{"embeddable":true,"href":"https:\/\/goguette.website-bekijken.nl\/fr\/wp-json\/wp\/v2\/comments?post=623"}],"version-history":[{"count":3,"href":"https:\/\/goguette.website-bekijken.nl\/fr\/wp-json\/wp\/v2\/pages\/623\/revisions"}],"predecessor-version":[{"id":12005,"href":"https:\/\/goguette.website-bekijken.nl\/fr\/wp-json\/wp\/v2\/pages\/623\/revisions\/12005"}],"wp:attachment":[{"href":"https:\/\/goguette.website-bekijken.nl\/fr\/wp-json\/wp\/v2\/media?parent=623"}],"curies":[{"name":"wp","href":"https:\/\/api.w.org\/{rel}","templated":true}]}}