{"id":11269,"date":"2025-05-23T12:35:42","date_gmt":"2025-05-23T12:35:42","guid":{"rendered":"https:\/\/www.goguette.com\/?page_id=11269"},"modified":"2025-10-01T10:38:39","modified_gmt":"2025-10-01T10:38:39","slug":"nos-distributeurs","status":"publish","type":"page","link":"https:\/\/goguette.website-bekijken.nl\/fr\/nos-distributeurs\/","title":{"rendered":"O\u00f9 acheter un produit Goguette ?"},"content":{"rendered":"\t<!-- Introduction -->\n\t<block id=\"\" class=\"col-span-14 introduction\">\n\t\t<div class=\"grid relative items-end grid-cols-14\">\n\t\t\t<div class=\"col-start-1 col-span-14 lg:col-start-2 lg:col-span-12\">\n\t\t\t\t<block id=\"block_0a97d171d76c72ef7c05b09f3a9851a2\" class=\"relative introduction\">\n\t\t\t\t\t<div class=\"absolute top-0 left-0 w-full h-full bg-black bg-opacity-10\"><\/div>\n\t\t\t\t\t\t\t\t\t\t\t\t\t<img loading=\"lazy\" decoding=\"async\" width=\"1920\" height=\"1000\" src=\"https:\/\/goguette.website-bekijken.nl\/wp-content\/uploads\/2024\/01\/commercialiser-revendre-distribuer-marque-cave-a-vin-francaise-goguette-banner.jpg\" class=\"max-h-[288px] min-h-[288px] lg:min-h-[750px] lg:max-h-[750px] object-cover w-full\" alt=\"O\u00f9 acheter une cave \u00e0 vin Goguette en ligne ou en magasin.\" srcset=\"https:\/\/goguette.website-bekijken.nl\/wp-content\/uploads\/2024\/01\/commercialiser-revendre-distribuer-marque-cave-a-vin-francaise-goguette-banner.jpg 1920w, https:\/\/goguette.website-bekijken.nl\/wp-content\/uploads\/2024\/01\/commercialiser-revendre-distribuer-marque-cave-a-vin-francaise-goguette-banner-300x156.jpg 300w, https:\/\/goguette.website-bekijken.nl\/wp-content\/uploads\/2024\/01\/commercialiser-revendre-distribuer-marque-cave-a-vin-francaise-goguette-banner-1024x533.jpg 1024w, https:\/\/goguette.website-bekijken.nl\/wp-content\/uploads\/2024\/01\/commercialiser-revendre-distribuer-marque-cave-a-vin-francaise-goguette-banner-768x400.jpg 768w, https:\/\/goguette.website-bekijken.nl\/wp-content\/uploads\/2024\/01\/commercialiser-revendre-distribuer-marque-cave-a-vin-francaise-goguette-banner-1536x800.jpg 1536w\" sizes=\"auto, (max-width: 1920px) 100vw, 1920px\" \/>\t\t\t\t\t\t\t\t\t\t\t<\/block>\n\t\t\t<\/div>\n\t\t\t<div class=\"section-heading col-span-14\">\n\t\t\t\t<div class=\"grid grid-cols-14 items-end\">\n\t\t\t\t\t<div class=\"col-start-1 col-span-14 lg:col-start-1 lg:col-span-6\">\n\t\t\t\t\t\t<div class=\"bg-floor pt-[47px] px-[29px] pb-[35px] lg:pb-0 lg:pr-0 lg:pl-[104px] lg:pt-[17px] relative\">\n\t\t\t\t\t\t\t<div class=\"hidden lg:block\">\n\t\t\t\t\t\t\t\t<nav aria-label=\"breadcrumbs\" class=\"rank-math-breadcrumb\"><p><\/p><\/nav>\t\t\t\t\t\t\t<\/div>\n\t\t\t\t\t\t\t\t\t\t\t\t\t\t\t<h1 class=\"heading-1 relative z-10 max-w-[292px] lg:max-w-[502px] lg:pt-[52px] uppercase text-sun\">\n\t\t\t\t\t\t\t\t\tNos magasins\t\t\t\t\t\t\t\t<\/h1>\n\t\t\t\t\t\t\t\t<img loading=\"lazy\" decoding=\"async\" width=\"498\" height=\"370\" src=\"https:\/\/goguette.website-bekijken.nl\/wp-content\/uploads\/2023\/12\/illustration-amateur-vin-cave-goguette-1.png\" class=\"absolute top-0 z-0 md:z-50 max-w-[264px] right-0 lg:relative lg:max-w-[400px] lg:transform -translate-y-[60px] lg:max-h-[370px] object-contain\" alt=\"Illustration d&#039;un homme cherchant une bouteille dans une cave \u00e0 vin Goguette\" srcset=\"https:\/\/goguette.website-bekijken.nl\/wp-content\/uploads\/2023\/12\/illustration-amateur-vin-cave-goguette-1.png 498w, https:\/\/goguette.website-bekijken.nl\/wp-content\/uploads\/2023\/12\/illustration-amateur-vin-cave-goguette-1-300x223.png 300w\" sizes=\"auto, (max-width: 498px) 100vw, 498px\" \/>\t\t\t\t\t\t<\/div>\n\t\t\t\t\t<\/div>\n\t\t\t\t\t<div class=\"relative col-start-1 col-span-14 lg:col-start-7 lg:col-span-8\">\n\t\t\t\t\t\t<div class=\"bg-floor pb-[40px] px-[29px] lg:pr-0 pt-[26px] lg:pt-[87px] lg:pb-[72px] flex items-end\">\n\t\t\t\t\t\t\t\t\t\t\t\t\t\t\t<h2 class=\"style__text--28 lg:!leading-[37.8px] text-sun lg:max-w-[605px]\">\n\t\t\t\t\t\t\t\t\t<p><strong>Rien ne vaut une rencontre en personne.<\/strong><br \/>\nTrouvez le distributeur Goguette qui vous correspond pour d\u00e9couvrir nos caves, appr\u00e9cier leur qualit\u00e9, exp\u00e9rimenter leur ergonomie ou tout simplement \u00e9changer avec un conseiller.<\/p>\n\t\t\t\t\t\t\t\t<\/h2>\n\t\t\t\t\t\t\t\t\t\t\t\t\t<\/div>\n\t\t\t\t\t<\/div>\n\t\t\t\t<\/div>\n\t\t\t<\/div>\n\t\t<\/div>\n\t<\/block>\n\n\n\t<!-- Faq's -->\n\t<block id=\"\" class=\"relative col-span-14 pt-[57px] pb-[61px] lg:pb-[78px] lg:pt-[80px] bg-grape\">\n\t\t<div class=\"relative z-10 grid gap-x-5 grid-cols-14\">\n\t\t\t<div class=\"col-start-2 col-span-12 lg:col-start-3 lg:col-span-4\">\n\t\t\t\t\t\t\t\t\t<h2 class=\"heading-3 text-white lg:max-w-[427px] uppercase\">\n\t\t\t\t\t\tEUROPE\t\t\t\t\t<\/h2>\n\t\t\t\t\t\t\t<\/div>\n\t\t\t\t\t\t\t<div class=\"accordion pt-[31px] lg:pt-[25px] col-span-12 col-start-2 lg:col-start-3 lg:col-span-10\">\n\t\t\t\t\t\t\t\t\t\t\t<div class=\"is-fade panel closed\">\n\t\t\t\t\t\t\t<div class=\"panel-header heading-6 text-grape\">\n\t\t\t\t\t\t\t\t<div class=\"leading-none w-[260px] md:w-full md:pr-[50px]\">\n\t\t\t\t\t\t\t\t\tAllemagne\t\t\t\t\t\t\t\t<\/div>\n\t\t\t\t\t\t\t\t<svg class=\"arrow h-[16px] w-[16px] lg:w-[30px] lg:h-[30px]\" viewBox=\"0 0 30 30\" fill=\"none\" xmlns=\"http:\/\/www.w3.org\/2000\/svg\">\n\t\t\t\t\t\t\t\t\t<g id=\"Group 39\">\n\t\t\t\t\t\t\t\t\t\t<rect id=\"Rectangle 9\" x=\"16.3613\" y=\"30\" width=\"3.69231\" height=\"29.0281\" transform=\"rotate(180 16.3613 30)\" fill=\"#C83F33\"\/>\n\t\t\t\t\t\t\t\t\t\t<rect id=\"Rectangle 10\" y=\"17.332\" width=\"3.69231\" height=\"29.0281\" transform=\"rotate(-90 0 17.332)\" fill=\"#C83F33\"\/>\n\t\t\t\t\t\t\t\t\t<\/g>\n\t\t\t\t\t\t\t\t<\/svg>\n\t\t\t\t\t\t\t<\/div>\n\t\t\t\t\t\t\t<div class=\"panel-content columns-1 style__text--15 text-grape\">\n\t\t\t\t\t\t\t\t<div class=\"pr-[44px]\">\n\t\t\t\t\t\t\t\t\t<p><span class=\"heading-5\" style=\"color: #c83f33;\">DEIN WEINKK\u00dcHLSCHRANK<\/span><\/p>\n<p><strong>Retrouvez les caves \u00e0 vin Goguette en Allemagne en vente en ligne sur le site :<\/strong><\/p>\n<p><span class=\"button-wysiwyg\" style=\"color: #c83f33;\"><a style=\"color: #c83f33;\" href=\"https:\/\/www.deinweinkuehlschrank.de\/collections\/goguette\" rel=\"noopener\">DeinWeink\u00fchlschrank.de<\/a><\/span><\/p>\n<p>Email :\u00a0<span class=\"button-wysiwyg\" style=\"color: #c83f33;\"><a style=\"color: #c83f33;\" href=\"mailto:info@deinweinkuehlschrank.de\">info@deinweinkuehlschrank.de<\/a><\/span><\/p>\n<p>T\u00e9l. : <span class=\"button-wysiwyg\" style=\"color: #c83f33;\"><a style=\"color: #c83f33;\" href=\"tel:+49160 96514393\">0160 96514393<\/a><\/span><\/p>\n\t\t\t\t\t\t\t\t<\/div>\n\t\t\t\t\t\t\t<\/div>\n\t\t\t\t\t\t<\/div>\n\t\t\t\t\t\t\t\t\t\t\t<div class=\"is-fade panel closed\">\n\t\t\t\t\t\t\t<div class=\"panel-header heading-6 text-grape\">\n\t\t\t\t\t\t\t\t<div class=\"leading-none w-[260px] md:w-full md:pr-[50px]\">\n\t\t\t\t\t\t\t\t\tFrance\t\t\t\t\t\t\t\t<\/div>\n\t\t\t\t\t\t\t\t<svg class=\"arrow h-[16px] w-[16px] lg:w-[30px] lg:h-[30px]\" viewBox=\"0 0 30 30\" fill=\"none\" xmlns=\"http:\/\/www.w3.org\/2000\/svg\">\n\t\t\t\t\t\t\t\t\t<g id=\"Group 39\">\n\t\t\t\t\t\t\t\t\t\t<rect id=\"Rectangle 9\" x=\"16.3613\" y=\"30\" width=\"3.69231\" height=\"29.0281\" transform=\"rotate(180 16.3613 30)\" fill=\"#C83F33\"\/>\n\t\t\t\t\t\t\t\t\t\t<rect id=\"Rectangle 10\" y=\"17.332\" width=\"3.69231\" height=\"29.0281\" transform=\"rotate(-90 0 17.332)\" fill=\"#C83F33\"\/>\n\t\t\t\t\t\t\t\t\t<\/g>\n\t\t\t\t\t\t\t\t<\/svg>\n\t\t\t\t\t\t\t<\/div>\n\t\t\t\t\t\t\t<div class=\"panel-content columns-1 style__text--15 text-grape\">\n\t\t\t\t\t\t\t\t<div class=\"pr-[44px]\">\n\t\t\t\t\t\t\t\t\t<p><span class=\"heading-5\" style=\"color: #c83f33;\">BOUTIQUE GOGUETTE<\/span><\/p>\n<p>Une boutique en ligne exclusivement d\u00e9di\u00e9e \u00e0 la marque Goguette.<\/p>\n<p><span class=\"button-wysiwyg\" style=\"color: #c83f33;\"><a style=\"color: #c83f33;\" href=\"https:\/\/boutique-goguette.fr\/\" rel=\"noopener\">boutique-goguette.fr<\/a><\/span><\/p>\n<p>&nbsp;<\/p>\n<p><span class=\"heading-5\" style=\"color: #c83f33;\">BOULANGER<\/span><\/p>\n<p><strong>En magasin, comme en ligne retrouvez les caves \u00e0 vin Goguette chez Boulanger.<\/strong><\/p>\n<p><span class=\"button-wysiwyg\" style=\"color: #c83f33;\"><a style=\"color: #c83f33;\" href=\"https:\/\/www.boulanger.com\/resultats?tr=goguette\" rel=\"noopener\">boulanger.com<\/a><\/span><\/p>\n<p><strong>Pour une exp\u00e9rience en magasin<\/strong> et vous offrir une pr\u00e9sence \u00e9tendue sur tout le territoire fran\u00e7ais, nous avons s\u00e9lectionn\u00e9 les magasins Boulanger en tant que partenaire.<\/p>\n<p><span class=\"button-wysiwyg\" style=\"color: #c83f33;\"><a style=\"color: #c83f33;\" href=\"https:\/\/www.boulanger.com\/magasins\/\" rel=\"noopener\">Trouver un magasin Boulanger pr\u00e8s de chez vous<\/a><\/span><\/p>\n<p><strong>\u00c0 savoir<\/strong> : Certains de nos mod\u00e8les ne sont pas toujours visibles en magasin. Avant de vous d\u00e9placer, nous vous recommandons de v\u00e9rifier leur disponibilit\u00e9 aupr\u00e8s de votre magasin local.<\/p>\n<p>&nbsp;<\/p>\n<p><span class=\"heading-5\" style=\"color: #c83f33;\">DARTY<\/span><\/p>\n<p><strong>Retrouvez les caves \u00e0 vin Goguette en vente en ligne chez Darty.<\/strong><\/p>\n<p><span class=\"button-wysiwyg\" style=\"color: #c83f33;\"><a style=\"color: #c83f33;\" href=\"https:\/\/www.darty.com\/nav\/recherche?text=goguette\" rel=\"noopener\">darty.com<\/a><\/span><\/p>\n\t\t\t\t\t\t\t\t<\/div>\n\t\t\t\t\t\t\t<\/div>\n\t\t\t\t\t\t<\/div>\n\t\t\t\t\t\t\t\t\t\t\t<div class=\"is-fade panel closed\">\n\t\t\t\t\t\t\t<div class=\"panel-header heading-6 text-grape\">\n\t\t\t\t\t\t\t\t<div class=\"leading-none w-[260px] md:w-full md:pr-[50px]\">\n\t\t\t\t\t\t\t\t\tRoyaume-Uni\t\t\t\t\t\t\t\t<\/div>\n\t\t\t\t\t\t\t\t<svg class=\"arrow h-[16px] w-[16px] lg:w-[30px] lg:h-[30px]\" viewBox=\"0 0 30 30\" fill=\"none\" xmlns=\"http:\/\/www.w3.org\/2000\/svg\">\n\t\t\t\t\t\t\t\t\t<g id=\"Group 39\">\n\t\t\t\t\t\t\t\t\t\t<rect id=\"Rectangle 9\" x=\"16.3613\" y=\"30\" width=\"3.69231\" height=\"29.0281\" transform=\"rotate(180 16.3613 30)\" fill=\"#C83F33\"\/>\n\t\t\t\t\t\t\t\t\t\t<rect id=\"Rectangle 10\" y=\"17.332\" width=\"3.69231\" height=\"29.0281\" transform=\"rotate(-90 0 17.332)\" fill=\"#C83F33\"\/>\n\t\t\t\t\t\t\t\t\t<\/g>\n\t\t\t\t\t\t\t\t<\/svg>\n\t\t\t\t\t\t\t<\/div>\n\t\t\t\t\t\t\t<div class=\"panel-content columns-1 style__text--15 text-grape\">\n\t\t\t\t\t\t\t\t<div class=\"pr-[44px]\">\n\t\t\t\t\t\t\t\t\t<p><span class=\"heading-5\" style=\"color: #c83f33;\">B&amp;Q<\/span><\/p>\n<p><strong>Retrouvez les caves \u00e0 vin Goguette en vente en ligne au Royaume-Uni sur le site :<\/strong><\/p>\n<p><span class=\"button-wysiwyg\" style=\"color: #c83f33;\"><a style=\"color: #c83f33;\" href=\"https:\/\/www.diy.com\/search?term=goguette\" rel=\"noopener\">diy.com<\/a><\/span><\/p>\n<p>Pour toute question sur nos produits, n\u2019h\u00e9sitez pas \u00e0 nous contacter par email :<\/p>\n<p><span class=\"button-wysiwyg\" style=\"color: #c83f33;\"><a style=\"color: #c83f33;\" href=\"mailto:contact@goguette.co.uk\">contact@goguette.co.uk<\/a><\/span><\/p>\n\t\t\t\t\t\t\t\t<\/div>\n\t\t\t\t\t\t\t<\/div>\n\t\t\t\t\t\t<\/div>\n\t\t\t\t\t\t\t\t\t\t\t<div class=\"is-fade panel closed\">\n\t\t\t\t\t\t\t<div class=\"panel-header heading-6 text-grape\">\n\t\t\t\t\t\t\t\t<div class=\"leading-none w-[260px] md:w-full md:pr-[50px]\">\n\t\t\t\t\t\t\t\t\tSuisse\t\t\t\t\t\t\t\t<\/div>\n\t\t\t\t\t\t\t\t<svg class=\"arrow h-[16px] w-[16px] lg:w-[30px] lg:h-[30px]\" viewBox=\"0 0 30 30\" fill=\"none\" xmlns=\"http:\/\/www.w3.org\/2000\/svg\">\n\t\t\t\t\t\t\t\t\t<g id=\"Group 39\">\n\t\t\t\t\t\t\t\t\t\t<rect id=\"Rectangle 9\" x=\"16.3613\" y=\"30\" width=\"3.69231\" height=\"29.0281\" transform=\"rotate(180 16.3613 30)\" fill=\"#C83F33\"\/>\n\t\t\t\t\t\t\t\t\t\t<rect id=\"Rectangle 10\" y=\"17.332\" width=\"3.69231\" height=\"29.0281\" transform=\"rotate(-90 0 17.332)\" fill=\"#C83F33\"\/>\n\t\t\t\t\t\t\t\t\t<\/g>\n\t\t\t\t\t\t\t\t<\/svg>\n\t\t\t\t\t\t\t<\/div>\n\t\t\t\t\t\t\t<div class=\"panel-content columns-1 style__text--15 text-grape\">\n\t\t\t\t\t\t\t\t<div class=\"pr-[44px]\">\n\t\t\t\t\t\t\t\t\t<p><span class=\"heading-5\" style=\"color: #c83f33;\">GOGUETTE SUISSE<\/span><\/p>\n<p><strong>D\u00e9couvrez la boutique en ligne exclusive d\u00e9di\u00e9e aux caves \u00e0 vin Goguette :<\/strong><\/p>\n<p><span class=\"button-wysiwyg\" style=\"color: #c83f33;\"><a style=\"color: #c83f33;\" href=\"https:\/\/www.goguette.ch\/\" rel=\"noopener\">goguette.ch<\/a><\/span><\/p>\n<p>Contact : <span class=\"button-wysiwyg\" style=\"color: #c83f33;\"><a style=\"color: #c83f33;\" href=\"mailto:info@goguette.ch\">info@goguette.ch<\/a><\/span><\/p>\n\t\t\t\t\t\t\t\t<\/div>\n\t\t\t\t\t\t\t<\/div>\n\t\t\t\t\t\t<\/div>\n\t\t\t\t\t\t\t\t\t<\/div>\n\t\t\t\t\t<\/div>\n\t\t<img decoding=\"async\" class=\"max-w-[217px] lg:max-w-full absolute top-0 right-0 pointer-events-none\" src=\"https:\/\/goguette.website-bekijken.nl\/wp-content\/themes\/hh-theme\/assets\/svg\/bouteille.svg\" alt=\"\" srcset=\"\">\n\t<\/block>\n\n\n\t<!-- Faq's -->\n\t<block id=\"\" class=\"relative col-span-14 pt-[57px] pb-[61px] lg:pb-[78px] lg:pt-[80px] bg-grape\">\n\t\t<div class=\"relative z-10 grid gap-x-5 grid-cols-14\">\n\t\t\t<div class=\"col-start-2 col-span-12 lg:col-start-3 lg:col-span-4\">\n\t\t\t\t\t\t\t\t\t<h2 class=\"heading-3 text-white lg:max-w-[427px] uppercase\">\n\t\t\t\t\t\tAM\u00c9RIQUE DU NORD\t\t\t\t\t<\/h2>\n\t\t\t\t\t\t\t<\/div>\n\t\t\t\t\t\t\t<div class=\"accordion pt-[31px] lg:pt-[25px] col-span-12 col-start-2 lg:col-start-3 lg:col-span-10\">\n\t\t\t\t\t\t\t\t\t\t\t<div class=\"is-fade panel closed\">\n\t\t\t\t\t\t\t<div class=\"panel-header heading-6 text-grape\">\n\t\t\t\t\t\t\t\t<div class=\"leading-none w-[260px] md:w-full md:pr-[50px]\">\n\t\t\t\t\t\t\t\t\t\u00c9tats-Unis\t\t\t\t\t\t\t\t<\/div>\n\t\t\t\t\t\t\t\t<svg class=\"arrow h-[16px] w-[16px] lg:w-[30px] lg:h-[30px]\" viewBox=\"0 0 30 30\" fill=\"none\" xmlns=\"http:\/\/www.w3.org\/2000\/svg\">\n\t\t\t\t\t\t\t\t\t<g id=\"Group 39\">\n\t\t\t\t\t\t\t\t\t\t<rect id=\"Rectangle 9\" x=\"16.3613\" y=\"30\" width=\"3.69231\" height=\"29.0281\" transform=\"rotate(180 16.3613 30)\" fill=\"#C83F33\"\/>\n\t\t\t\t\t\t\t\t\t\t<rect id=\"Rectangle 10\" y=\"17.332\" width=\"3.69231\" height=\"29.0281\" transform=\"rotate(-90 0 17.332)\" fill=\"#C83F33\"\/>\n\t\t\t\t\t\t\t\t\t<\/g>\n\t\t\t\t\t\t\t\t<\/svg>\n\t\t\t\t\t\t\t<\/div>\n\t\t\t\t\t\t\t<div class=\"panel-content columns-1 style__text--15 text-grape\">\n\t\t\t\t\t\t\t\t<div class=\"pr-[44px]\">\n\t\t\t\t\t\t\t\t\t<p><span class=\"heading-5\" style=\"color: #c83f33;\">VINTAGEVIEW<\/span><\/p>\n<p><strong>En magasin, comme en ligne retrouvez les caves \u00e0 vin Goguette aux \u00c9tats-Unis.<\/strong><\/p>\n<p><span class=\"button-wysiwyg\" style=\"color: #c83f33;\"><a style=\"color: #c83f33;\" href=\"https:\/\/vintageview.com\/goguette\/\" rel=\"noopener\">vintageview.com<\/a><\/span><\/p>\n<p><strong>Showroom<\/strong><br \/>\n4690 Joliet St.<br \/>\nDenver, CO 80239<\/p>\n<p>T\u00e9l. : <span class=\"button-wysiwyg\" style=\"color: #c83f33;\"><a style=\"color: #c83f33;\" href=\"tel:+15721450\">+1(888) 572-1450<\/a><\/span><\/p>\n<p>Email : <span class=\"button-wysiwyg\" style=\"color: #c83f33;\"><a style=\"color: #c83f33;\" href=\"mailto:sales@vintageview.com\">sales@vintageview.com<\/a><\/span><\/p>\n\t\t\t\t\t\t\t\t<\/div>\n\t\t\t\t\t\t\t<\/div>\n\t\t\t\t\t\t<\/div>\n\t\t\t\t\t\t\t\t\t<\/div>\n\t\t\t\t\t<\/div>\n\t\t<img decoding=\"async\" class=\"max-w-[217px] lg:max-w-full absolute top-0 right-0 pointer-events-none\" src=\"https:\/\/goguette.website-bekijken.nl\/wp-content\/themes\/hh-theme\/assets\/svg\/bouteille.svg\" alt=\"\" srcset=\"\">\n\t<\/block>\n\n\n\t<!-- Faq's -->\n\t<block id=\"\" class=\"relative col-span-14 pt-[57px] pb-[61px] lg:pb-[78px] lg:pt-[80px] bg-grape\">\n\t\t<div class=\"relative z-10 grid gap-x-5 grid-cols-14\">\n\t\t\t<div class=\"col-start-2 col-span-12 lg:col-start-3 lg:col-span-4\">\n\t\t\t\t\t\t\t\t\t<h2 class=\"heading-3 text-white lg:max-w-[427px] uppercase\">\n\t\t\t\t\t\tMOYEN-ORIENT\t\t\t\t\t<\/h2>\n\t\t\t\t\t\t\t<\/div>\n\t\t\t\t\t\t\t<div class=\"accordion pt-[31px] lg:pt-[25px] col-span-12 col-start-2 lg:col-start-3 lg:col-span-10\">\n\t\t\t\t\t\t\t\t\t\t\t<div class=\"is-fade panel closed\">\n\t\t\t\t\t\t\t<div class=\"panel-header heading-6 text-grape\">\n\t\t\t\t\t\t\t\t<div class=\"leading-none w-[260px] md:w-full md:pr-[50px]\">\n\t\t\t\t\t\t\t\t\tIsra\u00ebl\t\t\t\t\t\t\t\t<\/div>\n\t\t\t\t\t\t\t\t<svg class=\"arrow h-[16px] w-[16px] lg:w-[30px] lg:h-[30px]\" viewBox=\"0 0 30 30\" fill=\"none\" xmlns=\"http:\/\/www.w3.org\/2000\/svg\">\n\t\t\t\t\t\t\t\t\t<g id=\"Group 39\">\n\t\t\t\t\t\t\t\t\t\t<rect id=\"Rectangle 9\" x=\"16.3613\" y=\"30\" width=\"3.69231\" height=\"29.0281\" transform=\"rotate(180 16.3613 30)\" fill=\"#C83F33\"\/>\n\t\t\t\t\t\t\t\t\t\t<rect id=\"Rectangle 10\" y=\"17.332\" width=\"3.69231\" height=\"29.0281\" transform=\"rotate(-90 0 17.332)\" fill=\"#C83F33\"\/>\n\t\t\t\t\t\t\t\t\t<\/g>\n\t\t\t\t\t\t\t\t<\/svg>\n\t\t\t\t\t\t\t<\/div>\n\t\t\t\t\t\t\t<div class=\"panel-content columns-1 style__text--15 text-grape\">\n\t\t\t\t\t\t\t\t<div class=\"pr-[44px]\">\n\t\t\t\t\t\t\t\t\t<p><span class=\"heading-5\" style=\"color: #c83f33;\">GOGUETTE ISRA\u00cbL<\/span><\/p>\n<p><strong>D\u00e9couvrez la boutique en ligne exclusive d\u00e9di\u00e9e aux caves \u00e0 vin Goguette :<\/strong><\/p>\n<p><span class=\"button-wysiwyg\" style=\"color: #c83f33;\"><a style=\"color: #c83f33;\" href=\"https:\/\/goguette-il.co.il\/\" rel=\"noopener\">goguette-il.co.il<\/a><\/span><\/p>\n<p>T\u00e9l. : <span class=\"button-wysiwyg\" style=\"color: #c83f33;\"><a style=\"color: #c83f33;\" href=\"tel:+972-9-9510444\">+972-9-9510444<\/a><\/span><\/p>\n\t\t\t\t\t\t\t\t<\/div>\n\t\t\t\t\t\t\t<\/div>\n\t\t\t\t\t\t<\/div>\n\t\t\t\t\t\t\t\t\t<\/div>\n\t\t\t\t\t<\/div>\n\t\t<img decoding=\"async\" class=\"max-w-[217px] lg:max-w-full absolute top-0 right-0 pointer-events-none\" src=\"https:\/\/goguette.website-bekijken.nl\/wp-content\/themes\/hh-theme\/assets\/svg\/bouteille.svg\" alt=\"\" srcset=\"\">\n\t<\/block>\n\n\n\t<!-- Transition -->\n\t<div class=\"col-span-14\">\n\t\t<block id=\"\" class=\"transition\">\n\t\t\t<img loading=\"lazy\" decoding=\"async\" width=\"1920\" height=\"375\" src=\"https:\/\/goguette.website-bekijken.nl\/wp-content\/uploads\/2023\/12\/petite-cave-cuisine-decoration-blanche-goguette-transition.jpg\" class=\"h-full max-h-[220px] lg:max-h-[375px] object-cover w-full\" alt=\"\" srcset=\"https:\/\/goguette.website-bekijken.nl\/wp-content\/uploads\/2023\/12\/petite-cave-cuisine-decoration-blanche-goguette-transition.jpg 1920w, https:\/\/goguette.website-bekijken.nl\/wp-content\/uploads\/2023\/12\/petite-cave-cuisine-decoration-blanche-goguette-transition-300x59.jpg 300w, https:\/\/goguette.website-bekijken.nl\/wp-content\/uploads\/2023\/12\/petite-cave-cuisine-decoration-blanche-goguette-transition-1024x200.jpg 1024w, https:\/\/goguette.website-bekijken.nl\/wp-content\/uploads\/2023\/12\/petite-cave-cuisine-decoration-blanche-goguette-transition-768x150.jpg 768w, https:\/\/goguette.website-bekijken.nl\/wp-content\/uploads\/2023\/12\/petite-cave-cuisine-decoration-blanche-goguette-transition-1536x300.jpg 1536w\" sizes=\"auto, (max-width: 1920px) 100vw, 1920px\" \/>\t\t<\/block>\n\t<\/div>\n","protected":false},"excerpt":{"rendered":"","protected":false},"author":2,"featured_media":0,"parent":0,"menu_order":0,"comment_status":"closed","ping_status":"closed","template":"","meta":{"_acf_changed":false,"footnotes":""},"class_list":["post-11269","page","type-page","status-publish","hentry"],"acf":[],"_links":{"self":[{"href":"https:\/\/goguette.website-bekijken.nl\/fr\/wp-json\/wp\/v2\/pages\/11269","targetHints":{"allow":["GET"]}}],"collection":[{"href":"https:\/\/goguette.website-bekijken.nl\/fr\/wp-json\/wp\/v2\/pages"}],"about":[{"href":"https:\/\/goguette.website-bekijken.nl\/fr\/wp-json\/wp\/v2\/types\/page"}],"author":[{"embeddable":true,"href":"https:\/\/goguette.website-bekijken.nl\/fr\/wp-json\/wp\/v2\/users\/2"}],"replies":[{"embeddable":true,"href":"https:\/\/goguette.website-bekijken.nl\/fr\/wp-json\/wp\/v2\/comments?post=11269"}],"version-history":[{"count":2,"href":"https:\/\/goguette.website-bekijken.nl\/fr\/wp-json\/wp\/v2\/pages\/11269\/revisions"}],"predecessor-version":[{"id":12048,"href":"https:\/\/goguette.website-bekijken.nl\/fr\/wp-json\/wp\/v2\/pages\/11269\/revisions\/12048"}],"wp:attachment":[{"href":"https:\/\/goguette.website-bekijken.nl\/fr\/wp-json\/wp\/v2\/media?parent=11269"}],"curies":[{"name":"wp","href":"https:\/\/api.w.org\/{rel}","templated":true}]}}