{"id":10488,"date":"2024-11-26T14:41:20","date_gmt":"2024-11-26T14:41:20","guid":{"rendered":"https:\/\/www.goguette.com\/?page_id=10488"},"modified":"2025-01-24T15:41:21","modified_gmt":"2025-01-24T15:41:21","slug":"video-tutoriel-configurez-votre-cave","status":"publish","type":"page","link":"https:\/\/goguette.website-bekijken.nl\/fr\/les-tutoriels-goguette\/video-tutoriel-configurez-votre-cave\/","title":{"rendered":"Vid\u00e9o tutoriel : R\u00e9gler votre cave \u00e0 vin"},"content":{"rendered":"\t<!-- Introduction -->\n\t<block id=\"\" class=\"col-span-14 introduction\">\n\t\t<div class=\"grid relative items-end grid-cols-14\">\n\t\t\t<div class=\"col-start-1 col-span-14 lg:col-start-2 lg:col-span-12\">\n\t\t\t\t<block id=\"block_a53309e7e2744ee4687921509c13bbb9\" class=\"relative introduction\">\n\t\t\t\t\t<div class=\"absolute top-0 left-0 w-full h-full bg-black bg-opacity-10\"><\/div>\n\t\t\t\t\t\t\t\t\t\t\t\t\t<img loading=\"lazy\" decoding=\"async\" width=\"1920\" height=\"1000\" src=\"https:\/\/goguette.website-bekijken.nl\/wp-content\/uploads\/2023\/12\/cave-a-vin-design-assume-travail-details-color-block-porte-vitree-bureau-etude-goguette-banner.jpg\" class=\"max-h-[288px] min-h-[288px] lg:min-h-[750px] lg:max-h-[750px] object-cover w-full\" alt=\"Le coin d&#039;une cave \u00e0 vin vitr\u00e9e remplie de bouteilles de vin couch\u00e9es\" srcset=\"https:\/\/goguette.website-bekijken.nl\/wp-content\/uploads\/2023\/12\/cave-a-vin-design-assume-travail-details-color-block-porte-vitree-bureau-etude-goguette-banner.jpg 1920w, https:\/\/goguette.website-bekijken.nl\/wp-content\/uploads\/2023\/12\/cave-a-vin-design-assume-travail-details-color-block-porte-vitree-bureau-etude-goguette-banner-300x156.jpg 300w, https:\/\/goguette.website-bekijken.nl\/wp-content\/uploads\/2023\/12\/cave-a-vin-design-assume-travail-details-color-block-porte-vitree-bureau-etude-goguette-banner-1024x533.jpg 1024w, https:\/\/goguette.website-bekijken.nl\/wp-content\/uploads\/2023\/12\/cave-a-vin-design-assume-travail-details-color-block-porte-vitree-bureau-etude-goguette-banner-768x400.jpg 768w, https:\/\/goguette.website-bekijken.nl\/wp-content\/uploads\/2023\/12\/cave-a-vin-design-assume-travail-details-color-block-porte-vitree-bureau-etude-goguette-banner-1536x800.jpg 1536w\" sizes=\"auto, (max-width: 1920px) 100vw, 1920px\" \/>\t\t\t\t\t\t\t\t\t\t\t<\/block>\n\t\t\t<\/div>\n\t\t\t<div class=\"section-heading col-span-14\">\n\t\t\t\t<div class=\"grid grid-cols-14 items-end\">\n\t\t\t\t\t<div class=\"col-start-1 col-span-14 lg:col-start-1 lg:col-span-6\">\n\t\t\t\t\t\t<div class=\"bg-floor pt-[47px] px-[29px] pb-[35px] lg:pb-0 lg:pr-0 lg:pl-[104px] lg:pt-[17px] relative\">\n\t\t\t\t\t\t\t<div class=\"hidden lg:block\">\n\t\t\t\t\t\t\t\t<nav aria-label=\"breadcrumbs\" class=\"rank-math-breadcrumb\"><p><\/p><\/nav>\t\t\t\t\t\t\t<\/div>\n\t\t\t\t\t\t\t\t\t\t\t\t\t\t\t<h1 class=\"heading-1 relative z-10 max-w-[292px] lg:max-w-[502px] lg:pt-[52px] uppercase text-sun\">\n\t\t\t\t\t\t\t\t\tTutoriel vid\u00c3\u00a9o  R\u00c3\u00a9gler votre cave \u00c3\u00a0 vin\t\t\t\t\t\t\t\t<\/h1>\n\t\t\t\t\t\t\t\t<img loading=\"lazy\" decoding=\"async\" width=\"498\" height=\"370\" src=\"https:\/\/goguette.website-bekijken.nl\/wp-content\/uploads\/2023\/12\/illustration-decoration-interieur-cave-goguette-1.png\" class=\"absolute top-0 z-0 md:z-50 max-w-[264px] right-0 lg:relative lg:max-w-[400px] lg:transform -translate-y-[60px] lg:max-h-[370px] object-contain\" alt=\"\" srcset=\"https:\/\/goguette.website-bekijken.nl\/wp-content\/uploads\/2023\/12\/illustration-decoration-interieur-cave-goguette-1.png 498w, https:\/\/goguette.website-bekijken.nl\/wp-content\/uploads\/2023\/12\/illustration-decoration-interieur-cave-goguette-1-300x223.png 300w\" sizes=\"auto, (max-width: 498px) 100vw, 498px\" \/>\t\t\t\t\t\t<\/div>\n\t\t\t\t\t<\/div>\n\t\t\t\t\t<div class=\"relative col-start-1 col-span-14 lg:col-start-7 lg:col-span-8\">\n\t\t\t\t\t\t<div class=\"bg-floor pb-[40px] px-[29px] lg:pr-0 pt-[26px] lg:pt-[87px] lg:pb-[72px] flex items-end\">\n\t\t\t\t\t\t\t\t\t\t\t\t\t\t\t<h2 class=\"style__text--28 lg:!leading-[37.8px] text-sun lg:max-w-[605px]\">\n\t\t\t\t\t\t\t\t\t<p>R\u00c3\u00a9glez facilement votre cave Goguette gr\u00c3\u00a2ce \u00c3\u00a0 son \u00c3\u00a9cran tactile : Gestion de la temp\u00c3\u00a9rature, r\u00c3\u00a9glage de l\u00e2\u20ac\u2122\u00c3\u00a9clairage, mode veille et nettoyage : suivez notre <strong>guide pour un param\u00c3\u00a9trage sur-mesure.<\/strong><\/p>\n\t\t\t\t\t\t\t\t<\/h2>\n\t\t\t\t\t\t\t\t\t\t\t\t\t<\/div>\n\t\t\t\t\t<\/div>\n\t\t\t\t<\/div>\n\t\t\t<\/div>\n\t\t<\/div>\n\t<\/block>\n\n\n\t\t<!-- Gallery -->\n\t\t\t<block class=\"gallery relative col-span-14\">\n\t\t\t<div class=\"absolute top-0 left-0 w-full bg-floor h-[352px] lg:h-[526px]\"><\/div>\n\t\t\t<div class=\"grid grid-cols-14 gap-x-5\">\n\t\t\t\t<block id=\"\"\n\t\t\t\t\tclass=\"gallery col-start-2 py-[47px] col-span-12 md:col-start-3 md:col-span-12 md:py-[87px]\">\n\t\t\t\t\t<div class=\"grid grid-cols-12 gap-5\">\n\t\t\t\t\t\t<div class=\"col-span-12\">\n\t\t\t\t\t\t\t<div class=\"splide\" data-splide='{\"type\":\"loop\",\"perPage\":1,\"perMove\":1,\"cover\":true,\"gap\":\"300px\",\"drag\":false,\"arrows\":false,\"pagination\":false,\"autoWidth\":true,\"fixedWidth\":\"100%\",\"breakpoints\":{\"768\":{\"drag\":true,\"arrows\":false,\"perPage\":1,\"gap\":\"\",\"padding\":{\"right\":\"\"},\"trimSpace\":false,\"autoWidth\":true},\"600\":{\"destroy\":\"completely\"},\"1440\":{\"fixedWidth\":false}}}'>\n\t\t\t\t\t\t\t\t<div\n\t\t\t\t\t\t\t\t\tclass=\"grid grid-cols-12 gap-y-[15px] md:gap-y-[43px] gap-x-5 md:-mb-16\">\n\t\t\t\t\t\t\t\t\t\t\t\t\t\t\t\t\t\t\t\t\t\t\t\t\t\t\t\t<div\n\t\t\t\t\t\t\t\t\t\t\tclass=\"col-start-1 col-span-12 lg:pt-[23px] md:pt-0 md:transform md:-translate-y-16 md:col-start-2 md:col-span-8\">\n\t\t\t\t\t\t\t\t\t\t\t<div class=\"splide__track\">\n\t\t\t\t\t\t\t\t\t\t\t\t<div class=\"splide__list\">\n\t\t\t\t\t\t\t\t\t\t\t\t\t\t\t\t\t\t\t\t\t\t\t\t\t\t\t\t\t\t<div class=\"splide__slide video w-full inte:w-auto\">\n\t\t\t\t\t\t\t\t\t\t\t\t\t\t\t\t\t\t<div\n\t\t\t\t\t\t\t\t\t\t\t\t\t\t\t\t\t\t\tclass=\"plyr__video-embed js-player \">\n\t\t\t\t\t\t\t\t\t\t\t\t\t\t\t\t\t\t\t<iframe data-poster=\"\"\n\t\t\t\t\t\t\t\t\t\t\t\t\t\t\t\t\t\t\t\tclass=\"aspect-video\"\n\t\t\t\t\t\t\t\t\t\t\t\t\t\t\t\t\t\t\t\tsrc=\"https:\/\/www.youtube.com\/embed\/https:\/\/youtu.be\/MOYPVD_kxFQ?origin=https:\/\/goguette.website-bekijken.nl&amp;iv_load_policy=3&amp;modestbranding=1&amp;playsinline=1&amp;showinfo=0&amp;rel=0&amp;enablejsapi=1\"\n\t\t\t\t\t\t\t\t\t\t\t\t\t\t\t\t\t\t\t\tallowfullscreen allowtransparency playsinline><\/iframe>\n\t\t\t\t\t\t\t\t\t\t\t\t\t\t\t\t\t\t<\/div>\n\t\t\t\t\t\t\t\t\t\t\t\t\t\t\t\t\t\t\t\t\t\t\t\t\t\t\t\t\t\t\t\t\t\t\t<\/div>\n\t\t\t\t\t\t\t\t\t\t\t\t\t\t\n\t\t\t\t\t\t\t\t\t\t\t\t\t\t\t\t\t\t\t\t\t\t\t\t\t<\/div>\n\t\t\t\t\t\t\t\t\t\t\t<\/div>\n\t\t\t\t\t\t\t\t\t\t<\/div>\n\t\t\t\t\t\t\t\t\t\t\t\t\t\t\t\t\t<\/div>\n\t\t\t\t\t\t\t<\/div>\n\t\t\t\t\t\t<\/div>\n\t\t\t\t\t<\/div>\n\t\t\t\t<\/block>\n\t\t\t<\/div>\n\t\t<\/block>\n\t\n\n\t\t<!-- Rich text -->\n\t<div class=\"col-span-14\">\n\t\t<block \n\t\t\tid=\"\"\n\t\t\tclass=\"texte-riche py-[52px] lg:pt-[69px] block lg:pb-[52px]\"\n\t\t\tstyle=\"background-color:#FFFFFF\">\n\t\t\t<div class=\"grid grid-cols-14\">\n\t\t\t\t\t\t\t\t\t\t\t<div class=\"col-start-2 col-span-12 lg:col-start-3 lg:col-span-3\">\n\t\t\t\t\t\t\t\t<h2 class=\"heading-3 uppercase pb-[24px] lg:pb-0\" style=\"color: #C83F33\">\n\t\t\t\t\t\t\t\t\tR\u00c3\u00a9glage de la temp\u00c3\u00a9rature\t\t\t\t\t\t\t\t<\/h2>\n\t\t\t\t\t\t\t<\/div>\n\t\t\t\t\t\t\t\t\t\t\t\t\t\t\t<div class=\"col-start-2 col-span-12 lg:col-start-8 xl:col-start-7 lg:col-span-6\">\n\t\t\t\t\t\t\t\t\t<p>Que vous optiez pour une cave mono-temp\u00c3\u00a9rature ou multi-usage, la cave \u00c3\u00a0 vin Goguette s&rsquo;adapte \u00c3\u00a0 vos exigences. Ajustez la temp\u00c3\u00a9rature selon vos besoins et b\u00c3\u00a9n\u00c3\u00a9ficiez d&rsquo;un espace de stockage id\u00c3\u00a9al pour pr\u00c3\u00a9server vos vins dans des conditions parfaites.<\/p>\n<ul>\n<li><span style=\"color: #2d3a49;\"><strong>Branchez votre cave<\/strong> et attendez 48h avant de l\u00e2\u20ac\u2122allumer. Vous pouvez cependant d\u00c3\u00a9j\u00c3\u00a0 charger vos bouteilles<\/span><\/li>\n<li><span style=\"color: #2d3a49;\"><strong>Activez l\u00e2\u20ac\u2122\u00c3\u00a9cran tactile<\/strong> en appuyant bri\u00c3\u00a8vement sur le bouton \u00c2\u00ab on \u00c2\u00bb.<\/span><\/li>\n<li><span style=\"color: #2d3a49;\"><strong>Naviguez dans le menu :<\/strong> touchez l\u00e2\u20ac\u2122\u00c3\u00a9cran pour le sortir de son mode veille : les boutons de r\u00c3\u00a9glage apparaissent ; puis appuyez sur le pictogramme \u00c2\u00ab temp\u00c3\u00a9rature \u00c2\u00bb.<\/span><\/li>\n<\/ul>\n<p><span class=\"heading-6\" style=\"color: #2d3a49;\">Pour une cave mono-temp\u00c3\u00a9rature :<\/span><\/p>\n<ul>\n<li><span style=\"color: #2d3a49;\">La temp\u00c3\u00a9rature de consigne actuelle s\u00e2\u20ac\u2122affiche \u00c3\u00a0 droite de la temp\u00c3\u00a9rature r\u00c3\u00a9elle.<\/span><\/li>\n<li><span style=\"color: #2d3a49;\">R\u00c3\u00a9glez cette temp\u00c3\u00a9rature avec les fl\u00c3\u00a8ches haut\/bas et validez.<\/span><\/li>\n<li><span style=\"color: #2d3a49;\">Si vous souhaitez quitter ce menu sans modifier la temp\u00c3\u00a9rature, appuyez sur la fl\u00c3\u00a8che retour.<\/span><\/li>\n<\/ul>\n<p><span class=\"heading-6\" style=\"color: #2d3a49;\">Pour une cave multi-usage :<\/span><\/p>\n<ul>\n<li><span style=\"color: #2d3a49;\">La temp\u00c3\u00a9rature de consigne actuelle s\u00e2\u20ac\u2122affiche \u00c3\u00a0 droite de la temp\u00c3\u00a9rature r\u00c3\u00a9elle.<\/span><\/li>\n<li><span style=\"color: #2d3a49;\">R\u00c3\u00a9glez d\u00e2\u20ac\u2122abord la temp\u00c3\u00a9rature du compartiment de chambrage \u00c3\u00a0 l\u00e2\u20ac\u2122aide des fl\u00c3\u00a8ches haut\/bas, puis validez pour acc\u00c3\u00a9der aux r\u00c3\u00a9glages des deux autres compartiments.<\/span><\/li>\n<li><span style=\"color: #2d3a49;\">Si vous souhaitez quitter ce menu sans modifier la temp\u00c3\u00a9rature, appuyez sur la fl\u00c3\u00a8che retour.<\/span><\/li>\n<\/ul>\n<p><span class=\"heading-6\" style=\"color: #2d3a49;\">Pour changer l&rsquo;unit\u00c3\u00a9 de temp\u00c3\u00a9rature :<\/span><\/p>\n<ul>\n<li><span style=\"color: #2d3a49;\">Effectuez un appui long (3 secondes) sur le picto temp\u00c3\u00a9rature.<\/span><\/li>\n<li><span style=\"color: #2d3a49;\">L\u00e2\u20ac\u2122unit\u00c3\u00a9 de temp\u00c3\u00a9rature actuelle s\u00e2\u20ac\u2122affiche \u00c3\u00a0 c\u00c3\u00b4t\u00c3\u00a9 de la temp\u00c3\u00a9rature de la cave.<\/span><\/li>\n<li><span style=\"color: #2d3a49;\">Vous pouvez s\u00c3\u00a9lectionner l\u00e2\u20ac\u2122unit\u00c3\u00a9 de temp\u00c3\u00a9rature souhait\u00c3\u00a9e gr\u00c3\u00a2ce aux fl\u00c3\u00a8ches haut et bas.<\/span><\/li>\n<li><span style=\"color: #2d3a49;\">Pour valider la nouvelle unit\u00c3\u00a9 de temp\u00c3\u00a9rature appuyez sur le bouton valider.<\/span><\/li>\n<li><span style=\"color: #2d3a49;\">Si vous souhaitez quitter ce menu sans modifier la temp\u00c3\u00a9rature, appuyez sur la fl\u00c3\u00a8che retour.<\/span><\/li>\n<\/ul>\n\t\t\t\t\t\t\t\t<\/div>\n\t\t\t\t\t\t\t\t\t\t<\/div>\n\t\t<\/block>\n\t<\/div>\n\n\n\t\t<!-- Rich text -->\n\t<div class=\"col-span-14\">\n\t\t<block \n\t\t\tid=\"\"\n\t\t\tclass=\"texte-riche py-[52px] lg:pt-[69px] block lg:pb-[52px]\"\n\t\t\tstyle=\"background-color:#F2F0EA\">\n\t\t\t<div class=\"grid grid-cols-14\">\n\t\t\t\t\t\t\t\t\t\t\t<div class=\"col-start-2 col-span-12 lg:col-start-3 lg:col-span-3\">\n\t\t\t\t\t\t\t\t<h2 class=\"heading-3 uppercase pb-[24px] lg:pb-0\" style=\"color: #2D3A49\">\n\t\t\t\t\t\t\t\t\tR\u00c3\u00a9glage de l&rsquo;\u00c3\u00a9clairage\t\t\t\t\t\t\t\t<\/h2>\n\t\t\t\t\t\t\t<\/div>\n\t\t\t\t\t\t\t\t\t\t\t\t\t\t\t<div class=\"col-start-2 col-span-12 lg:col-start-8 xl:col-start-7 lg:col-span-6\">\n\t\t\t\t\t\t\t\t\t<p><span style=\"color: #2d3a49;\">Cette section ne concerne que les caves en portes vitr\u00c3\u00a9es, \u00c3\u00a9quip\u00c3\u00a9es d\u00e2\u20ac\u2122un \u00c3\u00a9clairage. <\/span><\/p>\n<p><span style=\"color: #2d3a49;\">Plusieurs r\u00c3\u00a9glages sont possibles :<\/span><\/p>\n<ul>\n<li><span style=\"color: #2d3a49;\">Touchez l\u00e2\u20ac\u2122\u00c3\u00a9cran pour le sortir de son mode veille : les boutons de r\u00c3\u00a9glage apparaissent.<\/span><\/li>\n<li><span style=\"color: #2d3a49;\">Effectuez un appui court sur le picto \u00c2\u00ab ampoule \u00c2\u00bb pour \u00c3\u00a9teindre ou allumer l\u00e2\u20ac\u2122\u00c3\u00a9clairage de la cave.<\/span><\/li>\n<li><span style=\"color: #2d3a49;\">Effectuez un appui long (3 secondes) sur le picto ampoule, pour r\u00c3\u00a9gler l\u00e2\u20ac\u2122intensit\u00c3\u00a9 lumineuse de votre cave.<\/span><\/li>\n<li><span style=\"color: #2d3a49;\">Vous pouvez r\u00c3\u00a9gler l\u00e2\u20ac\u2122intensit\u00c3\u00a9 lumineuse de votre \u00c3\u00a9clairage en utilisant les fl\u00c3\u00a8ches haut et bas. Vous avez le choix entre 4 niveaux d\u00e2\u20ac\u2122intensit\u00c3\u00a9.<\/span><\/li>\n<li><span style=\"color: #2d3a49;\">Appuyez sur le picto valid\u00c3\u00a9 pour enregistrer l\u00e2\u20ac\u2122intensit\u00c3\u00a9 que vous souhaitez.<\/span><\/li>\n<li><span style=\"color: #2d3a49;\">Pour ressortir du menu sans modifiez votre r\u00c3\u00a9glage, appuyez sur la fl\u00c3\u00a8che retour.<\/span><\/li>\n<\/ul>\n<p><span style=\"color: #2d3a49;\">Il est toujours possible de d\u00c3\u00a9clencher le mode veille manuellement en effectuant un appui court sur le bouton \u00c2\u00ab\u00c2\u00a0 Marche\/Arr\u00c3\u00aat \u00c2\u00bb de la cave. <\/span><\/p>\n\t\t\t\t\t\t\t\t<\/div>\n\t\t\t\t\t\t\t\t\t\t<\/div>\n\t\t<\/block>\n\t<\/div>\n\n\n\t\t<!-- Rich text -->\n\t<div class=\"col-span-14\">\n\t\t<block \n\t\t\tid=\"\"\n\t\t\tclass=\"texte-riche py-[52px] lg:pt-[69px] block lg:pb-[52px]\"\n\t\t\tstyle=\"background-color:#FFFFFF\">\n\t\t\t<div class=\"grid grid-cols-14\">\n\t\t\t\t\t\t\t\t\t\t\t<div class=\"col-start-2 col-span-12 lg:col-start-3 lg:col-span-3\">\n\t\t\t\t\t\t\t\t<h2 class=\"heading-3 uppercase pb-[24px] lg:pb-0\" style=\"color: #C83F33\">\n\t\t\t\t\t\t\t\t\tMode veille\t\t\t\t\t\t\t\t<\/h2>\n\t\t\t\t\t\t\t<\/div>\n\t\t\t\t\t\t\t\t\t\t\t\t\t\t\t<div class=\"col-start-2 col-span-12 lg:col-start-8 xl:col-start-7 lg:col-span-6\">\n\t\t\t\t\t\t\t\t\t<p>Votre cave est livr\u00c3\u00a9e avec le mode \u00c2\u00ab veille automatique \u00c2\u00bb activ\u00c3\u00a9. Cela signifie qu\u00e2\u20ac\u2122apr\u00c3\u00a8s 30 secondes sans action (appui sur l\u00e2\u20ac\u2122\u00c3\u00a9cran) lorsque vous \u00c3\u00aates sur l\u00e2\u20ac\u2122\u00c3\u00a9cran de base, l\u00e2\u20ac\u2122\u00c3\u00a9cran se met en mode veille automatiquement : Il est possible de d\u00c3\u00a9sactiver le mode veille automatique. Dans ce cas, apr\u00c3\u00a8s 30 secondes d&rsquo;inactivit\u00c3\u00a9, les pictogrammes de r\u00c3\u00a9glage disparaissent, mais la temp\u00c3\u00a9rature de la cave reste visible et le r\u00c3\u00a9tro\u00c3\u00a9clairage de l&rsquo;\u00c3\u00a9cran est maintenu.<\/p>\n<p>Il est toujours possible de d\u00c3\u00a9clencher le mode veille manuellement en effectuant un appui court sur le bouton \u00ab\u00a0Marche\/ arr\u00c3\u00aat\u00a0\u00bb de la cave<\/p>\n<p><span class=\"heading-6\">Activation ou d\u00c3\u00a9sactivation du mode veille :<\/span><\/p>\n<ul>\n<li><span style=\"color: #2d3a49;\">Effectuez un appui long (5 secondes) sur le picto de l\u00e2\u20ac\u2122ampoule.<\/span><\/li>\n<li><span style=\"color: #2d3a49;\">Faites un appui court sur picto veille \u00ab\u00a0ZZ\u00a0\u00bb pour entrer dans le menu veille.<\/span><\/li>\n<li><span style=\"color: #2d3a49;\">S\u00c3\u00a9lectionnez Auto ou Off gr\u00c3\u00a2ce aux fl\u00c3\u00a8ches haut et bas.<\/span><\/li>\n<li><span style=\"color: #2d3a49;\">Appuyez sur le bouton valider pour enregistrer votre choix.<\/span><\/li>\n<li><span style=\"color: #2d3a49;\">Pour ressortir du menu sans modifiez votre r\u00c3\u00a9glage, appuyez sur la fl\u00c3\u00a8che retour.<\/span><\/li>\n<\/ul>\n\t\t\t\t\t\t\t\t<\/div>\n\t\t\t\t\t\t\t\t\t\t<\/div>\n\t\t<\/block>\n\t<\/div>\n\n\n\t\t<!-- Rich text -->\n\t<div class=\"col-span-14\">\n\t\t<block \n\t\t\tid=\"\"\n\t\t\tclass=\"texte-riche py-[52px] lg:pt-[69px] block lg:pb-[52px]\"\n\t\t\tstyle=\"background-color:#F2F0EA\">\n\t\t\t<div class=\"grid grid-cols-14\">\n\t\t\t\t\t\t\t\t\t\t\t<div class=\"col-start-2 col-span-12 lg:col-start-3 lg:col-span-3\">\n\t\t\t\t\t\t\t\t<h2 class=\"heading-3 uppercase pb-[24px] lg:pb-0\" style=\"color: #2D3A49\">\n\t\t\t\t\t\t\t\t\tMode nettoyage\t\t\t\t\t\t\t\t<\/h2>\n\t\t\t\t\t\t\t<\/div>\n\t\t\t\t\t\t\t\t\t\t\t\t\t\t\t<div class=\"col-start-2 col-span-12 lg:col-start-8 xl:col-start-7 lg:col-span-6\">\n\t\t\t\t\t\t\t\t\t<p>En cas de d\u00c3\u00a9tection d\u00e2\u20ac\u2122appuis multiples sur l\u00e2\u20ac\u2122\u00c3\u00a9cran, l\u00e2\u20ac\u2122\u00c3\u00a9lectronique d\u00c3\u00a9clenche le mode nettoyage. L\u00e2\u20ac\u2122\u00c3\u00a9cran se verrouille pendant 10 secondes : un compte \u00c3\u00a0 rebours appara\u00c3\u00aet \u00c3\u00a0 l\u00e2\u20ac\u2122\u00c3\u00a9cran.<\/p>\n<p><strong>Attention\u00c2\u00a0:<\/strong> L\u00e2\u20ac\u2122\u00c3\u00a9cran Goguette est un \u00c3\u00a9cran LCD. Pour le nettoyage, utilisez un chiffon doux, non abrasif, humidifi\u00c3\u00a9 pr\u00c3\u00a9alablement avec un nettoyant \u00c3\u00a0 vitre si besoin. Essuyez correctement toute la surface de l\u00e2\u20ac\u2122\u00c3\u00a9cran avant de l\u00e2\u20ac\u2122utiliser de nouveau<\/p>\n\t\t\t\t\t\t\t\t<\/div>\n\t\t\t\t\t\t\t\t\t\t<\/div>\n\t\t<\/block>\n\t<\/div>\n\n\n\t<!-- Transition -->\n\t<div class=\"col-span-14\">\n\t\t<block id=\"\" class=\"transition\">\n\t\t\t<img loading=\"lazy\" decoding=\"async\" width=\"1920\" height=\"375\" src=\"https:\/\/goguette.website-bekijken.nl\/wp-content\/uploads\/2023\/12\/cave-cuisine-preparation-repas-goguette-transition-gum.jpg\" class=\"h-full max-h-[220px] lg:max-h-[375px] object-cover w-full\" alt=\"\" srcset=\"https:\/\/goguette.website-bekijken.nl\/wp-content\/uploads\/2023\/12\/cave-cuisine-preparation-repas-goguette-transition-gum.jpg 1920w, https:\/\/goguette.website-bekijken.nl\/wp-content\/uploads\/2023\/12\/cave-cuisine-preparation-repas-goguette-transition-gum-300x59.jpg 300w, https:\/\/goguette.website-bekijken.nl\/wp-content\/uploads\/2023\/12\/cave-cuisine-preparation-repas-goguette-transition-gum-1024x200.jpg 1024w, https:\/\/goguette.website-bekijken.nl\/wp-content\/uploads\/2023\/12\/cave-cuisine-preparation-repas-goguette-transition-gum-768x150.jpg 768w, https:\/\/goguette.website-bekijken.nl\/wp-content\/uploads\/2023\/12\/cave-cuisine-preparation-repas-goguette-transition-gum-1536x300.jpg 1536w\" sizes=\"auto, (max-width: 1920px) 100vw, 1920px\" \/>\t\t<\/block>\n\t<\/div>\n\n\n\t<!-- Cross Content -->\n\t<div class=\"relative col-span-14\">\n\t\t<section id=\"\" class=\"bg-poussin pt-[54px] pb-[91px] md:pt-[115px] md:pb-[103px]\">\n\t\t\t<div class=\"grid grid-cols-14 gap-x-5\">\n\t\t\t\t<div class=\"col-start-2 col-span-12 md:col-start-2 md:col-span-4\">\n\t\t\t\t\t\t\t\t\t\t\t<h3 class=\"font-satoshi flex text-[40px] leading-none lg:text-[60px] font-bold lg:leading-[52.5px] max-w-[292px] lg:max-w-full md:pb-[25px] text-grape uppercase\">\n\t\t\t\t\t\t\tPour aller plus loin\t\t\t\t\t\t<\/h3>\n\t\t\t\t\t\t\t\t\t\t\t\t\t\t\t\t<p class=\"text-grape pt-[19px] md:pt-0 style__text--18\">\n\t\t\t\t\t\t\tLes caves \u00c3\u00a0 vin Goguette redonnent leur place au design sans jamais oublier l\u00e2\u20ac\u2122usage.\t\t\t\t\t\t<\/p>\n\t\t\t\t\t\t\t\t\t<\/div>\n\t\t\t\t<div class=\"col-start-2 col-span-12 md:col-start-6 md:col-span-9\">\n\t\t\t\t\t<div class=\"pt-[37px] md:pt-0 grid gap-y-[44px] md:gap-y-[78px] md:gap-x-16 md:grid-cols-9\">\n\t\t\t\t\t\t\t\t\t\t\t\t\t\t<div class=\"md:col-span-4\">\n\t\t\t\t\t\t\t\t\t<div class=\"is-fade group relative border-b border-solid border-b-grape max-w-[398px] mx-auto\">\n\t\t\t\t\t\t\t\t\t\t\t\t\t\t\t\t\t\t\t\t\t<div class=\"overflow-hidden relative w-[332px] h-[312px] md:w-[200px] md:h-[175px] lg:w-[300px] lg:h-[275px] xl:w-[398px] xl:h-[374px]\">\n\t\t\t\t\t\t\t\t\t\t\t\t<img loading=\"lazy\" decoding=\"async\" width=\"501\" height=\"471\" src=\"https:\/\/goguette.website-bekijken.nl\/wp-content\/uploads\/2023\/12\/cave-a-vin-porte-vitree-bien-voir-bouteilles-presentation-mettre-en-avant-goguette-visuel.jpg\" class=\"h-full w-full absolute top-0 left-0 object-cover group-hover:scale-110 transition-transform duration-700 ease-accelerate\" alt=\"\" srcset=\"https:\/\/goguette.website-bekijken.nl\/wp-content\/uploads\/2023\/12\/cave-a-vin-porte-vitree-bien-voir-bouteilles-presentation-mettre-en-avant-goguette-visuel.jpg 501w, https:\/\/goguette.website-bekijken.nl\/wp-content\/uploads\/2023\/12\/cave-a-vin-porte-vitree-bien-voir-bouteilles-presentation-mettre-en-avant-goguette-visuel-300x282.jpg 300w\" sizes=\"auto, (max-width: 501px) 100vw, 501px\" \/>\t\t\t\t\t\t\t\t\t\t\t<\/div>\n\t\t\t\t\t\t\t\t\t\t\t\t\t\t\t\t\t\t\t\t\t\t<div class=\"flex gap-3 justify-between w-full pt-[16px] pb-[18px] md:pt-[18px] md:pb-[30px] items-end\">\n\t\t\t\t\t\t\t\t\t\t\t\t<h4 class=\"heading-4 text-grape uppercase\">\n\t\t\t\t\t\t\t\t\t\t\t\t\tNos caves \u00c3\u00a0 vin\t\t\t\t\t\t\t\t\t\t\t\t<\/h4>\n\t\t\t\t\t\t\t\t\t\t\t\t<svg class=\"transform transition-transform duration-500 w-[20px] h-[15px] lg:w-[24px] lg:h-[24px] ease-accelerate group-hover:rotate-45 translate-y-[-3px]\" width=\"24\" height=\"24\" viewBox=\"0 0 24 24\" fill=\"none\" xmlns=\"http:\/\/www.w3.org\/2000\/svg\">\n\t\t\t\t\t\t\t\t\t\t\t\t\t<rect y=\"3.69238\" width=\"3.69231\" height=\"24\" transform=\"rotate(-90 0 3.69238)\" fill=\"#2D3A49\"\/>\n\t\t\t\t\t\t\t\t\t\t\t\t\t<rect x=\"24\" y=\"24\" width=\"3.69231\" height=\"24\" transform=\"rotate(180 24 24)\" fill=\"#2D3A49\"\/>\n\t\t\t\t\t\t\t\t\t\t\t\t\t<rect x=\"2.74707\" y=\"23.8633\" width=\"3.69231\" height=\"29.0281\" transform=\"rotate(-135 2.74707 23.8633)\" fill=\"#2D3A49\"\/>\n\t\t\t\t\t\t\t\t\t\t\t\t<\/svg>\n\t\t\t\t\t\t\t\t\t\t\t<\/div>\n\t\t\t\t\t\t\t\t\t\t\t\t\t\t\t\t\t\t\t\t\t\t<div class=\"style__text--18 pb-[30px] text-grape\">\n\t\t\t\t\t\t\t\t\t\t\t\tUne cave pour conserver ou pour mettre \u00c3\u00a0 temp\u00c3\u00a9rature votre vin ? D\u00c3\u00a9couvrez nos diff\u00c3\u00a9rentes caves \u00c3\u00a0 vin.\t\t\t\t\t\t\t\t\t\t\t<\/div>\n\t\t\t\t\t\t\t\t\t\t\t\t\t\t\t\t\t\t\t\t\t\t<a class=\"absolute top-0 left-0 w-full h-full z-10\" href=\"http:\/\/localhost:39041\/cave-a-vin\/\" target=\"_self\" rel=\"noopener\"><\/a>\n\t\t\t\t\t\t\t\t\t\t\t\t\t\t\t\t\t\t\t<\/div>\n\t\t\t\t\t\t\t\t<\/div>\n\t\t\t\t\t\t\t\t\t\t\t\t\t\t\t\t<div class=\"md:col-span-4\">\n\t\t\t\t\t\t\t\t\t<div class=\"is-fade group relative border-b border-solid border-b-grape max-w-[398px] mx-auto\">\n\t\t\t\t\t\t\t\t\t\t\t\t\t\t\t\t\t\t\t\t\t<div class=\"overflow-hidden relative w-[332px] h-[312px] md:w-[200px] md:h-[175px] lg:w-[300px] lg:h-[275px] xl:w-[398px] xl:h-[374px]\">\n\t\t\t\t\t\t\t\t\t\t\t\t<img loading=\"lazy\" decoding=\"async\" width=\"398\" height=\"374\" src=\"https:\/\/goguette.website-bekijken.nl\/wp-content\/uploads\/2023\/12\/cave-conservation-vin-petite-taille-coloris-noir-porte-vitree-goguette-cross.jpg\" class=\"h-full w-full absolute top-0 left-0 object-cover group-hover:scale-110 transition-transform duration-700 ease-accelerate\" alt=\"Cave \u00e0 vin dans un espace de vie\" srcset=\"https:\/\/goguette.website-bekijken.nl\/wp-content\/uploads\/2023\/12\/cave-conservation-vin-petite-taille-coloris-noir-porte-vitree-goguette-cross.jpg 398w, https:\/\/goguette.website-bekijken.nl\/wp-content\/uploads\/2023\/12\/cave-conservation-vin-petite-taille-coloris-noir-porte-vitree-goguette-cross-300x282.jpg 300w\" sizes=\"auto, (max-width: 398px) 100vw, 398px\" \/>\t\t\t\t\t\t\t\t\t\t\t<\/div>\n\t\t\t\t\t\t\t\t\t\t\t\t\t\t\t\t\t\t\t\t\t\t<div class=\"flex gap-3 justify-between w-full pt-[16px] pb-[18px] md:pt-[18px] md:pb-[30px] items-end\">\n\t\t\t\t\t\t\t\t\t\t\t\t<h4 class=\"heading-4 text-grape uppercase\">\n\t\t\t\t\t\t\t\t\t\t\t\t\tTous nos tutoriels\t\t\t\t\t\t\t\t\t\t\t\t<\/h4>\n\t\t\t\t\t\t\t\t\t\t\t\t<svg class=\"transform transition-transform duration-500 w-[20px] h-[15px] lg:w-[24px] lg:h-[24px] ease-accelerate group-hover:rotate-45 translate-y-[-3px]\" width=\"24\" height=\"24\" viewBox=\"0 0 24 24\" fill=\"none\" xmlns=\"http:\/\/www.w3.org\/2000\/svg\">\n\t\t\t\t\t\t\t\t\t\t\t\t\t<rect y=\"3.69238\" width=\"3.69231\" height=\"24\" transform=\"rotate(-90 0 3.69238)\" fill=\"#2D3A49\"\/>\n\t\t\t\t\t\t\t\t\t\t\t\t\t<rect x=\"24\" y=\"24\" width=\"3.69231\" height=\"24\" transform=\"rotate(180 24 24)\" fill=\"#2D3A49\"\/>\n\t\t\t\t\t\t\t\t\t\t\t\t\t<rect x=\"2.74707\" y=\"23.8633\" width=\"3.69231\" height=\"29.0281\" transform=\"rotate(-135 2.74707 23.8633)\" fill=\"#2D3A49\"\/>\n\t\t\t\t\t\t\t\t\t\t\t\t<\/svg>\n\t\t\t\t\t\t\t\t\t\t\t<\/div>\n\t\t\t\t\t\t\t\t\t\t\t\t\t\t\t\t\t\t\t\t\t\t<div class=\"style__text--18 pb-[30px] text-grape\">\n\t\t\t\t\t\t\t\t\t\t\t\tPour vous accompagner dans l\u00e2\u20ac\u2122utilisation de votre cave \u00c3\u00a0 vin Goguette, nous vous avons pr\u00c3\u00a9par\u00c3\u00a9 des guides vid\u00c3\u00a9os, \u00c3\u00a9tape par \u00c3\u00a9tape.\t\t\t\t\t\t\t\t\t\t\t<\/div>\n\t\t\t\t\t\t\t\t\t\t\t\t\t\t\t\t\t\t\t\t\t\t<a class=\"absolute top-0 left-0 w-full h-full z-10\" href=\"\/les-tutoriels-goguette\/\" target=\"_self\"><\/a>\n\t\t\t\t\t\t\t\t\t\t\t\t\t\t\t\t\t\t\t<\/div>\n\t\t\t\t\t\t\t\t<\/div>\n\t\t\t\t\t\t\t\t\t\t\t\t\t<\/div>\n\t\t\t\t<\/div>\n\t\t\t<\/div>\n\t\t<\/section>\n\t<\/div>\n","protected":false},"excerpt":{"rendered":"","protected":false},"author":2,"featured_media":0,"parent":7366,"menu_order":0,"comment_status":"closed","ping_status":"closed","template":"","meta":{"_acf_changed":false,"footnotes":""},"class_list":["post-10488","page","type-page","status-publish","hentry"],"acf":[],"_links":{"self":[{"href":"https:\/\/goguette.website-bekijken.nl\/fr\/wp-json\/wp\/v2\/pages\/10488","targetHints":{"allow":["GET"]}}],"collection":[{"href":"https:\/\/goguette.website-bekijken.nl\/fr\/wp-json\/wp\/v2\/pages"}],"about":[{"href":"https:\/\/goguette.website-bekijken.nl\/fr\/wp-json\/wp\/v2\/types\/page"}],"author":[{"embeddable":true,"href":"https:\/\/goguette.website-bekijken.nl\/fr\/wp-json\/wp\/v2\/users\/2"}],"replies":[{"embeddable":true,"href":"https:\/\/goguette.website-bekijken.nl\/fr\/wp-json\/wp\/v2\/comments?post=10488"}],"version-history":[{"count":3,"href":"https:\/\/goguette.website-bekijken.nl\/fr\/wp-json\/wp\/v2\/pages\/10488\/revisions"}],"predecessor-version":[{"id":10936,"href":"https:\/\/goguette.website-bekijken.nl\/fr\/wp-json\/wp\/v2\/pages\/10488\/revisions\/10936"}],"up":[{"embeddable":true,"href":"https:\/\/goguette.website-bekijken.nl\/fr\/wp-json\/wp\/v2\/pages\/7366"}],"wp:attachment":[{"href":"https:\/\/goguette.website-bekijken.nl\/fr\/wp-json\/wp\/v2\/media?parent=10488"}],"curies":[{"name":"wp","href":"https:\/\/api.w.org\/{rel}","templated":true}]}}