{"id":10483,"date":"2024-11-26T15:29:52","date_gmt":"2024-11-26T15:29:52","guid":{"rendered":"https:\/\/www.goguette.com\/?page_id=10483"},"modified":"2024-12-20T11:16:00","modified_gmt":"2024-12-20T11:16:00","slug":"video-tutoriel-changer-le-sens-douverture-de-la-porte","status":"publish","type":"page","link":"https:\/\/goguette.website-bekijken.nl\/fr\/les-tutoriels-goguette\/video-tutoriel-changer-le-sens-douverture-de-la-porte\/","title":{"rendered":"Vid\u00e9o tutoriel : Changer le sens d&rsquo;ouverture de la porte"},"content":{"rendered":"\t<!-- Introduction -->\n\t<block id=\"\" class=\"col-span-14 introduction\">\n\t\t<div class=\"grid relative items-end grid-cols-14\">\n\t\t\t<div class=\"col-start-1 col-span-14 lg:col-start-2 lg:col-span-12\">\n\t\t\t\t<block id=\"block_58f266acedea4dcfed70d30659e4421c\" class=\"relative introduction\">\n\t\t\t\t\t<div class=\"absolute top-0 left-0 w-full h-full bg-black bg-opacity-10\"><\/div>\n\t\t\t\t\t\t\t\t\t\t\t\t\t<img loading=\"lazy\" decoding=\"async\" width=\"1920\" height=\"1000\" src=\"https:\/\/goguette.website-bekijken.nl\/wp-content\/uploads\/2023\/12\/cave-a-vin-design-assume-travail-details-color-block-porte-vitree-bureau-etude-goguette-banner.jpg\" class=\"max-h-[288px] min-h-[288px] lg:min-h-[750px] lg:max-h-[750px] object-cover w-full\" alt=\"Le coin d&#039;une cave \u00e0 vin vitr\u00e9e remplie de bouteilles de vin couch\u00e9es\" srcset=\"https:\/\/goguette.website-bekijken.nl\/wp-content\/uploads\/2023\/12\/cave-a-vin-design-assume-travail-details-color-block-porte-vitree-bureau-etude-goguette-banner.jpg 1920w, https:\/\/goguette.website-bekijken.nl\/wp-content\/uploads\/2023\/12\/cave-a-vin-design-assume-travail-details-color-block-porte-vitree-bureau-etude-goguette-banner-300x156.jpg 300w, https:\/\/goguette.website-bekijken.nl\/wp-content\/uploads\/2023\/12\/cave-a-vin-design-assume-travail-details-color-block-porte-vitree-bureau-etude-goguette-banner-1024x533.jpg 1024w, https:\/\/goguette.website-bekijken.nl\/wp-content\/uploads\/2023\/12\/cave-a-vin-design-assume-travail-details-color-block-porte-vitree-bureau-etude-goguette-banner-768x400.jpg 768w, https:\/\/goguette.website-bekijken.nl\/wp-content\/uploads\/2023\/12\/cave-a-vin-design-assume-travail-details-color-block-porte-vitree-bureau-etude-goguette-banner-1536x800.jpg 1536w\" sizes=\"auto, (max-width: 1920px) 100vw, 1920px\" \/>\t\t\t\t\t\t\t\t\t\t\t<\/block>\n\t\t\t<\/div>\n\t\t\t<div class=\"section-heading col-span-14\">\n\t\t\t\t<div class=\"grid grid-cols-14 items-end\">\n\t\t\t\t\t<div class=\"col-start-1 col-span-14 lg:col-start-1 lg:col-span-6\">\n\t\t\t\t\t\t<div class=\"bg-floor pt-[47px] px-[29px] pb-[35px] lg:pb-0 lg:pr-0 lg:pl-[104px] lg:pt-[17px] relative\">\n\t\t\t\t\t\t\t<div class=\"hidden lg:block\">\n\t\t\t\t\t\t\t\t<nav aria-label=\"breadcrumbs\" class=\"rank-math-breadcrumb\"><p><\/p><\/nav>\t\t\t\t\t\t\t<\/div>\n\t\t\t\t\t\t\t\t\t\t\t\t\t\t\t<h1 class=\"heading-1 relative z-10 max-w-[292px] lg:max-w-[502px] lg:pt-[52px] uppercase text-sun\">\n\t\t\t\t\t\t\t\t\tTutoriel vid\u00c3\u00a9o : Changer le sens d&rsquo;ouverture de la porte\t\t\t\t\t\t\t\t<\/h1>\n\t\t\t\t\t\t\t\t<img loading=\"lazy\" decoding=\"async\" width=\"498\" height=\"370\" src=\"https:\/\/goguette.website-bekijken.nl\/wp-content\/uploads\/2023\/12\/illustration-decoration-interieur-cave-goguette-1.png\" class=\"absolute top-0 z-0 md:z-50 max-w-[264px] right-0 lg:relative lg:max-w-[400px] lg:transform -translate-y-[60px] lg:max-h-[370px] object-contain\" alt=\"\" srcset=\"https:\/\/goguette.website-bekijken.nl\/wp-content\/uploads\/2023\/12\/illustration-decoration-interieur-cave-goguette-1.png 498w, https:\/\/goguette.website-bekijken.nl\/wp-content\/uploads\/2023\/12\/illustration-decoration-interieur-cave-goguette-1-300x223.png 300w\" sizes=\"auto, (max-width: 498px) 100vw, 498px\" \/>\t\t\t\t\t\t<\/div>\n\t\t\t\t\t<\/div>\n\t\t\t\t\t<div class=\"relative col-start-1 col-span-14 lg:col-start-7 lg:col-span-8\">\n\t\t\t\t\t\t<div class=\"bg-floor pb-[40px] px-[29px] lg:pr-0 pt-[26px] lg:pt-[87px] lg:pb-[72px] flex items-end\">\n\t\t\t\t\t\t\t\t\t\t\t\t\t\t\t<h2 class=\"style__text--28 lg:!leading-[37.8px] text-sun lg:max-w-[605px]\">\n\t\t\t\t\t\t\t\t\t<p><strong>D\u00c3\u00a9couvrez la nouvelle cave \u00c3\u00a0 vin Goguette, une solution modulable qui s&rsquo;adapte parfaitement \u00c3\u00a0 votre espace de vie !<\/strong><\/p>\n<p><span class=\"TextRun SCXW160681027 BCX0\" lang=\"FR-FR\" xml:lang=\"FR-FR\" data-contrast=\"auto\"><span class=\"NormalTextRun SCXW160681027 BCX0\">Avec sa porte r\u00c3\u00a9versible, la cave \u00c3\u00a0 vin Goguette s\u00e2\u20ac\u2122adapte parfaitement \u00c3\u00a0 vos envies et contraintes d\u00e2\u20ac\u2122installation. Que vous disposiez d\u00e2\u20ac\u2122un espace restreint ou que vous souhaitiez modifier son emplacement \u00c3\u00a0 l\u00e2\u20ac\u2122avenir, elle vous offre une libert\u00c3\u00a9 totale. Ce design ing\u00c3\u00a9nieux vous permet de repenser son positionnement \u00c3\u00a0 tout moment.<\/span><\/span><\/p>\n\t\t\t\t\t\t\t\t<\/h2>\n\t\t\t\t\t\t\t\t\t\t\t\t\t<\/div>\n\t\t\t\t\t<\/div>\n\t\t\t\t<\/div>\n\t\t\t<\/div>\n\t\t<\/div>\n\t<\/block>\n\n\n\t\t<!-- Gallery -->\n\t\t\t<block class=\"gallery relative col-span-14\">\n\t\t\t<div class=\"absolute top-0 left-0 w-full bg-floor h-[352px] lg:h-[526px]\"><\/div>\n\t\t\t<div class=\"grid grid-cols-14 gap-x-5\">\n\t\t\t\t<block id=\"\"\n\t\t\t\t\tclass=\"gallery col-start-2 py-[47px] col-span-12 md:col-start-3 md:col-span-12 md:py-[87px]\">\n\t\t\t\t\t<div class=\"grid grid-cols-12 gap-5\">\n\t\t\t\t\t\t<div class=\"col-span-12\">\n\t\t\t\t\t\t\t<div class=\"splide\" data-splide='{\"type\":\"loop\",\"perPage\":1,\"perMove\":1,\"cover\":true,\"gap\":\"300px\",\"drag\":false,\"arrows\":false,\"pagination\":false,\"autoWidth\":true,\"fixedWidth\":\"100%\",\"breakpoints\":{\"768\":{\"drag\":true,\"arrows\":false,\"perPage\":1,\"gap\":\"\",\"padding\":{\"right\":\"\"},\"trimSpace\":false,\"autoWidth\":true},\"600\":{\"destroy\":\"completely\"},\"1440\":{\"fixedWidth\":false}}}'>\n\t\t\t\t\t\t\t\t<div\n\t\t\t\t\t\t\t\t\tclass=\"grid grid-cols-12 gap-y-[15px] md:gap-y-[43px] gap-x-5 md:-mb-16\">\n\t\t\t\t\t\t\t\t\t\t\t\t\t\t\t\t\t\t\t\t\t\t\t\t\t\t\t\t<div\n\t\t\t\t\t\t\t\t\t\t\tclass=\"col-start-1 col-span-12 lg:pt-[23px] md:pt-0 md:transform md:-translate-y-16 md:col-start-2 md:col-span-8\">\n\t\t\t\t\t\t\t\t\t\t\t<div class=\"splide__track\">\n\t\t\t\t\t\t\t\t\t\t\t\t<div class=\"splide__list\">\n\t\t\t\t\t\t\t\t\t\t\t\t\t\t\t\t\t\t\t\t\t\t\t\t\t\t\t\t\t\t<div class=\"splide__slide video w-full inte:w-auto\">\n\t\t\t\t\t\t\t\t\t\t\t\t\t\t\t\t\t\t<div\n\t\t\t\t\t\t\t\t\t\t\t\t\t\t\t\t\t\t\tclass=\"plyr__video-embed js-player \">\n\t\t\t\t\t\t\t\t\t\t\t\t\t\t\t\t\t\t\t<iframe data-poster=\"\"\n\t\t\t\t\t\t\t\t\t\t\t\t\t\t\t\t\t\t\t\tclass=\"aspect-video\"\n\t\t\t\t\t\t\t\t\t\t\t\t\t\t\t\t\t\t\t\tsrc=\"https:\/\/www.youtube.com\/embed\/https:\/\/youtu.be\/frjH4phb0BY?origin=https:\/\/goguette.website-bekijken.nl&amp;iv_load_policy=3&amp;modestbranding=1&amp;playsinline=1&amp;showinfo=0&amp;rel=0&amp;enablejsapi=1\"\n\t\t\t\t\t\t\t\t\t\t\t\t\t\t\t\t\t\t\t\tallowfullscreen allowtransparency playsinline><\/iframe>\n\t\t\t\t\t\t\t\t\t\t\t\t\t\t\t\t\t\t<\/div>\n\t\t\t\t\t\t\t\t\t\t\t\t\t\t\t\t\t\t\t\t\t\t\t\t\t\t\t\t\t\t\t\t\t\t\t<\/div>\n\t\t\t\t\t\t\t\t\t\t\t\t\t\t\n\t\t\t\t\t\t\t\t\t\t\t\t\t\t\t\t\t\t\t\t\t\t\t\t\t<\/div>\n\t\t\t\t\t\t\t\t\t\t\t<\/div>\n\t\t\t\t\t\t\t\t\t\t<\/div>\n\t\t\t\t\t\t\t\t\t\t\t\t\t\t\t\t\t<\/div>\n\t\t\t\t\t\t\t<\/div>\n\t\t\t\t\t\t<\/div>\n\t\t\t\t\t<\/div>\n\t\t\t\t<\/block>\n\t\t\t<\/div>\n\t\t<\/block>\n\t\n\n\t\t<!-- Rich text -->\n\t<div class=\"col-span-14\">\n\t\t<block \n\t\t\tid=\"\"\n\t\t\tclass=\"texte-riche py-[52px] lg:pt-[69px] block lg:pb-[52px]\"\n\t\t\tstyle=\"background-color:#FFFFFF\">\n\t\t\t<div class=\"grid grid-cols-14\">\n\t\t\t\t\t\t\t\t\t\t\t<div class=\"col-start-2 col-span-12 lg:col-start-3 lg:col-span-3\">\n\t\t\t\t\t\t\t\t<h2 class=\"heading-3 uppercase pb-[24px] lg:pb-0\" style=\"color: #C83F33\">\n\t\t\t\t\t\t\t\t\tComment changer la porte de sens ?\t\t\t\t\t\t\t\t<\/h2>\n\t\t\t\t\t\t\t<\/div>\n\t\t\t\t\t\t\t\t\t\t\t\t\t\t\t<div class=\"col-start-2 col-span-12 lg:col-start-8 xl:col-start-7 lg:col-span-6\">\n\t\t\t\t\t\t\t\t\t<ul>\n<li>Enlevez d\u00c3\u00a9licatement les bouchons positionn\u00c3\u00a9s sur le haut de la cave et les obturateurs situ\u00c3\u00a9s au-dessus des vis<\/li>\n<li>D\u00c3\u00a9vissez les 3 vis qui retiennent la charni\u00c3\u00a8re sup\u00c3\u00a9rieure au coffre de la cave en utilisant une cl\u00c3\u00a9 Torx \u00c2\u00ab\u00c2\u00a0T25\u00c2\u00a0\u00c2\u00bb<\/li>\n<li>Retirer la charni\u00c3\u00a8re<\/li>\n<li>Ouvrez l\u00c3\u00a9g\u00c3\u00a8rement la porte et retirez-la du coffre en la soulevant vers le haut. Il est recommand\u00c3\u00a9 de ne pas utiliser la poign\u00c3\u00a9e pour effectuer cette manipulation<\/li>\n<li>D\u00c3\u00a9vissez l\u00e2\u20ac\u2122axe de la porte fix\u00c3\u00a9 sur la charni\u00c3\u00a8re inf\u00c3\u00a9rieure<\/li>\n<li>Retirez d\u00c3\u00a9licatement le bouchon de la charni\u00c3\u00a8re basse oppos\u00c3\u00a9e \u00c3\u00a0 l\u00e2\u20ac\u2122aide d\u00e2\u20ac\u2122une lame fine.<\/li>\n<li>Montez l\u00e2\u20ac\u2122axe \u00c3\u00a0 la place du bouchon que vous venez de retirer et repositionnez-le du c\u00c3\u00b4t\u00c3\u00a9 oppos\u00c3\u00a9<\/li>\n<li>Retournez la porte \u00c3\u00a0 180\u00c2\u00b0 et repositionnez la porte sur son axe<\/li>\n<li>Remettez en place la charni\u00c3\u00a8re, les obturateurs de vis et les bouchons sur les perforations.<\/li>\n<li>Assurez-vous du bon alignement de la porte par rapport au coffre avant de la visser compl\u00c3\u00a9tement<\/li>\n<li>V\u00c3\u00a9rifiez que le joint adh\u00c3\u00a8re bien au coffre en refermant la porte, pour garantir la bonne isolation de votre cave<\/li>\n<\/ul>\n<p><strong>Le tour est jou\u00c3\u00a9\u00c2\u00a0!<\/strong><\/p>\n\t\t\t\t\t\t\t\t<\/div>\n\t\t\t\t\t\t\t\t\t\t<\/div>\n\t\t<\/block>\n\t<\/div>\n\n\n\t<!-- Transition -->\n\t<div class=\"col-span-14\">\n\t\t<block id=\"\" class=\"transition\">\n\t\t\t<img loading=\"lazy\" decoding=\"async\" width=\"501\" height=\"471\" src=\"https:\/\/goguette.website-bekijken.nl\/wp-content\/uploads\/2024\/02\/cave-a-vin-3-temperature-porte-vitree-bleu-design-poignee-zoom-detail-goguette-visuel.jpg\" class=\"h-full max-h-[220px] lg:max-h-[375px] object-cover w-full\" alt=\"Une table en bois et une cave \u00e0 vin noire vitr\u00e9e avec 4 \u00e9tag\u00e8res.\" srcset=\"https:\/\/goguette.website-bekijken.nl\/wp-content\/uploads\/2024\/02\/cave-a-vin-3-temperature-porte-vitree-bleu-design-poignee-zoom-detail-goguette-visuel.jpg 501w, https:\/\/goguette.website-bekijken.nl\/wp-content\/uploads\/2024\/02\/cave-a-vin-3-temperature-porte-vitree-bleu-design-poignee-zoom-detail-goguette-visuel-300x282.jpg 300w\" sizes=\"auto, (max-width: 501px) 100vw, 501px\" \/>\t\t<\/block>\n\t<\/div>\n\n\n\t<!-- Cross Content -->\n\t<div class=\"relative col-span-14\">\n\t\t<section id=\"\" class=\"bg-poussin pt-[54px] pb-[91px] md:pt-[115px] md:pb-[103px]\">\n\t\t\t<div class=\"grid grid-cols-14 gap-x-5\">\n\t\t\t\t<div class=\"col-start-2 col-span-12 md:col-start-2 md:col-span-4\">\n\t\t\t\t\t\t\t\t\t\t\t<h3 class=\"font-satoshi flex text-[40px] leading-none lg:text-[60px] font-bold lg:leading-[52.5px] max-w-[292px] lg:max-w-full md:pb-[25px] text-grape uppercase\">\n\t\t\t\t\t\t\tPour aller plus loin\t\t\t\t\t\t<\/h3>\n\t\t\t\t\t\t\t\t\t\t\t\t\t\t\t\t<p class=\"text-grape pt-[19px] md:pt-0 style__text--18\">\n\t\t\t\t\t\t\tLes caves \u00c3\u00a0 vin Goguette redonnent leur place au design sans jamais oublier l\u00e2\u20ac\u2122usage.\t\t\t\t\t\t<\/p>\n\t\t\t\t\t\t\t\t\t<\/div>\n\t\t\t\t<div class=\"col-start-2 col-span-12 md:col-start-6 md:col-span-9\">\n\t\t\t\t\t<div class=\"pt-[37px] md:pt-0 grid gap-y-[44px] md:gap-y-[78px] md:gap-x-16 md:grid-cols-9\">\n\t\t\t\t\t\t\t\t\t\t\t\t\t\t<div class=\"md:col-span-4\">\n\t\t\t\t\t\t\t\t\t<div class=\"is-fade group relative border-b border-solid border-b-grape max-w-[398px] mx-auto\">\n\t\t\t\t\t\t\t\t\t\t\t\t\t\t\t\t\t\t\t\t\t<div class=\"overflow-hidden relative w-[332px] h-[312px] md:w-[200px] md:h-[175px] lg:w-[300px] lg:h-[275px] xl:w-[398px] xl:h-[374px]\">\n\t\t\t\t\t\t\t\t\t\t\t\t<img loading=\"lazy\" decoding=\"async\" width=\"322\" height=\"355\" src=\"https:\/\/goguette.website-bekijken.nl\/wp-content\/uploads\/2024\/02\/cave-a-vin-vitree-taille-moyenne-3-temperatures-lumiere-integree-pose-libre-couleur-bleu-design-salon-scandinave-goguette-vignette-prod.jpg\" class=\"h-full w-full absolute top-0 left-0 object-cover group-hover:scale-110 transition-transform duration-700 ease-accelerate\" alt=\"Une cave \u00e0 vin vitr\u00e9e dans une salle \u00e0 manger lumineuse.\" srcset=\"https:\/\/goguette.website-bekijken.nl\/wp-content\/uploads\/2024\/02\/cave-a-vin-vitree-taille-moyenne-3-temperatures-lumiere-integree-pose-libre-couleur-bleu-design-salon-scandinave-goguette-vignette-prod.jpg 322w, https:\/\/goguette.website-bekijken.nl\/wp-content\/uploads\/2024\/02\/cave-a-vin-vitree-taille-moyenne-3-temperatures-lumiere-integree-pose-libre-couleur-bleu-design-salon-scandinave-goguette-vignette-prod-272x300.jpg 272w\" sizes=\"auto, (max-width: 322px) 100vw, 322px\" \/>\t\t\t\t\t\t\t\t\t\t\t<\/div>\n\t\t\t\t\t\t\t\t\t\t\t\t\t\t\t\t\t\t\t\t\t\t<div class=\"flex gap-3 justify-between w-full pt-[16px] pb-[18px] md:pt-[18px] md:pb-[30px] items-end\">\n\t\t\t\t\t\t\t\t\t\t\t\t<h4 class=\"heading-4 text-grape uppercase\">\n\t\t\t\t\t\t\t\t\t\t\t\t\tLe design Goguette\t\t\t\t\t\t\t\t\t\t\t\t<\/h4>\n\t\t\t\t\t\t\t\t\t\t\t\t<svg class=\"transform transition-transform duration-500 w-[20px] h-[15px] lg:w-[24px] lg:h-[24px] ease-accelerate group-hover:rotate-45 translate-y-[-3px]\" width=\"24\" height=\"24\" viewBox=\"0 0 24 24\" fill=\"none\" xmlns=\"http:\/\/www.w3.org\/2000\/svg\">\n\t\t\t\t\t\t\t\t\t\t\t\t\t<rect y=\"3.69238\" width=\"3.69231\" height=\"24\" transform=\"rotate(-90 0 3.69238)\" fill=\"#2D3A49\"\/>\n\t\t\t\t\t\t\t\t\t\t\t\t\t<rect x=\"24\" y=\"24\" width=\"3.69231\" height=\"24\" transform=\"rotate(180 24 24)\" fill=\"#2D3A49\"\/>\n\t\t\t\t\t\t\t\t\t\t\t\t\t<rect x=\"2.74707\" y=\"23.8633\" width=\"3.69231\" height=\"29.0281\" transform=\"rotate(-135 2.74707 23.8633)\" fill=\"#2D3A49\"\/>\n\t\t\t\t\t\t\t\t\t\t\t\t<\/svg>\n\t\t\t\t\t\t\t\t\t\t\t<\/div>\n\t\t\t\t\t\t\t\t\t\t\t\t\t\t\t\t\t\t\t\t\t\t<div class=\"style__text--18 pb-[30px] text-grape\">\n\t\t\t\t\t\t\t\t\t\t\t\tUne cave \u00c3\u00a0 vin design pour sublimer votre int\u00c3\u00a9rieur.\r\nChaque d\u00c3\u00a9tail est pens\u00c3\u00a9 pour \u00c3\u00a9pouser parfaitement votre espace de vie.\t\t\t\t\t\t\t\t\t\t\t<\/div>\n\t\t\t\t\t\t\t\t\t\t\t\t\t\t\t\t\t\t\t\t\t\t<a class=\"absolute top-0 left-0 w-full h-full z-10\" href=\"http:\/\/localhost:39041\/cave-a-vin\/cave-a-vin-design\/\" target=\"_self\" rel=\"noopener\"><\/a>\n\t\t\t\t\t\t\t\t\t\t\t\t\t\t\t\t\t\t\t<\/div>\n\t\t\t\t\t\t\t\t<\/div>\n\t\t\t\t\t\t\t\t\t\t\t\t\t\t\t\t<div class=\"md:col-span-4\">\n\t\t\t\t\t\t\t\t\t<div class=\"is-fade group relative border-b border-solid border-b-grape max-w-[398px] mx-auto\">\n\t\t\t\t\t\t\t\t\t\t\t\t\t\t\t\t\t\t\t\t\t<div class=\"overflow-hidden relative w-[332px] h-[312px] md:w-[200px] md:h-[175px] lg:w-[300px] lg:h-[275px] xl:w-[398px] xl:h-[374px]\">\n\t\t\t\t\t\t\t\t\t\t\t\t<img loading=\"lazy\" decoding=\"async\" width=\"398\" height=\"374\" src=\"https:\/\/goguette.website-bekijken.nl\/wp-content\/uploads\/2023\/12\/cave-conservation-vin-petite-taille-coloris-noir-porte-vitree-goguette-cross.jpg\" class=\"h-full w-full absolute top-0 left-0 object-cover group-hover:scale-110 transition-transform duration-700 ease-accelerate\" alt=\"Cave \u00e0 vin dans un espace de vie\" srcset=\"https:\/\/goguette.website-bekijken.nl\/wp-content\/uploads\/2023\/12\/cave-conservation-vin-petite-taille-coloris-noir-porte-vitree-goguette-cross.jpg 398w, https:\/\/goguette.website-bekijken.nl\/wp-content\/uploads\/2023\/12\/cave-conservation-vin-petite-taille-coloris-noir-porte-vitree-goguette-cross-300x282.jpg 300w\" sizes=\"auto, (max-width: 398px) 100vw, 398px\" \/>\t\t\t\t\t\t\t\t\t\t\t<\/div>\n\t\t\t\t\t\t\t\t\t\t\t\t\t\t\t\t\t\t\t\t\t\t<div class=\"flex gap-3 justify-between w-full pt-[16px] pb-[18px] md:pt-[18px] md:pb-[30px] items-end\">\n\t\t\t\t\t\t\t\t\t\t\t\t<h4 class=\"heading-4 text-grape uppercase\">\n\t\t\t\t\t\t\t\t\t\t\t\t\tTous nos tutoriels\t\t\t\t\t\t\t\t\t\t\t\t<\/h4>\n\t\t\t\t\t\t\t\t\t\t\t\t<svg class=\"transform transition-transform duration-500 w-[20px] h-[15px] lg:w-[24px] lg:h-[24px] ease-accelerate group-hover:rotate-45 translate-y-[-3px]\" width=\"24\" height=\"24\" viewBox=\"0 0 24 24\" fill=\"none\" xmlns=\"http:\/\/www.w3.org\/2000\/svg\">\n\t\t\t\t\t\t\t\t\t\t\t\t\t<rect y=\"3.69238\" width=\"3.69231\" height=\"24\" transform=\"rotate(-90 0 3.69238)\" fill=\"#2D3A49\"\/>\n\t\t\t\t\t\t\t\t\t\t\t\t\t<rect x=\"24\" y=\"24\" width=\"3.69231\" height=\"24\" transform=\"rotate(180 24 24)\" fill=\"#2D3A49\"\/>\n\t\t\t\t\t\t\t\t\t\t\t\t\t<rect x=\"2.74707\" y=\"23.8633\" width=\"3.69231\" height=\"29.0281\" transform=\"rotate(-135 2.74707 23.8633)\" fill=\"#2D3A49\"\/>\n\t\t\t\t\t\t\t\t\t\t\t\t<\/svg>\n\t\t\t\t\t\t\t\t\t\t\t<\/div>\n\t\t\t\t\t\t\t\t\t\t\t\t\t\t\t\t\t\t\t\t\t\t<div class=\"style__text--18 pb-[30px] text-grape\">\n\t\t\t\t\t\t\t\t\t\t\t\tPour vous accompagner dans l\u00e2\u20ac\u2122utilisation de votre cave \u00c3\u00a0 vin Goguette, nous vous avons pr\u00c3\u00a9par\u00c3\u00a9 des guides vid\u00c3\u00a9os, \u00c3\u00a9tape par \u00c3\u00a9tape.\t\t\t\t\t\t\t\t\t\t\t<\/div>\n\t\t\t\t\t\t\t\t\t\t\t\t\t\t\t\t\t\t\t\t\t\t<a class=\"absolute top-0 left-0 w-full h-full z-10\" href=\"\/les-tutoriels-goguette\/\" target=\"_self\"><\/a>\n\t\t\t\t\t\t\t\t\t\t\t\t\t\t\t\t\t\t\t<\/div>\n\t\t\t\t\t\t\t\t<\/div>\n\t\t\t\t\t\t\t\t\t\t\t\t\t<\/div>\n\t\t\t\t<\/div>\n\t\t\t<\/div>\n\t\t<\/section>\n\t<\/div>\n","protected":false},"excerpt":{"rendered":"","protected":false},"author":2,"featured_media":0,"parent":7366,"menu_order":0,"comment_status":"closed","ping_status":"closed","template":"","meta":{"_acf_changed":false,"footnotes":""},"class_list":["post-10483","page","type-page","status-publish","hentry"],"acf":[],"_links":{"self":[{"href":"https:\/\/goguette.website-bekijken.nl\/fr\/wp-json\/wp\/v2\/pages\/10483","targetHints":{"allow":["GET"]}}],"collection":[{"href":"https:\/\/goguette.website-bekijken.nl\/fr\/wp-json\/wp\/v2\/pages"}],"about":[{"href":"https:\/\/goguette.website-bekijken.nl\/fr\/wp-json\/wp\/v2\/types\/page"}],"author":[{"embeddable":true,"href":"https:\/\/goguette.website-bekijken.nl\/fr\/wp-json\/wp\/v2\/users\/2"}],"replies":[{"embeddable":true,"href":"https:\/\/goguette.website-bekijken.nl\/fr\/wp-json\/wp\/v2\/comments?post=10483"}],"version-history":[{"count":2,"href":"https:\/\/goguette.website-bekijken.nl\/fr\/wp-json\/wp\/v2\/pages\/10483\/revisions"}],"predecessor-version":[{"id":10790,"href":"https:\/\/goguette.website-bekijken.nl\/fr\/wp-json\/wp\/v2\/pages\/10483\/revisions\/10790"}],"up":[{"embeddable":true,"href":"https:\/\/goguette.website-bekijken.nl\/fr\/wp-json\/wp\/v2\/pages\/7366"}],"wp:attachment":[{"href":"https:\/\/goguette.website-bekijken.nl\/fr\/wp-json\/wp\/v2\/media?parent=10483"}],"curies":[{"name":"wp","href":"https:\/\/api.w.org\/{rel}","templated":true}]}}