{"id":10489,"date":"2024-11-26T14:41:20","date_gmt":"2024-11-26T13:41:20","guid":{"rendered":"https:\/\/www.goguette.com\/?page_id=10489"},"modified":"2025-07-24T13:01:54","modified_gmt":"2025-07-24T13:01:54","slug":"video-tutorial-set-up-your-wine-fridge","status":"publish","type":"page","link":"https:\/\/goguette.website-bekijken.nl\/en\/goguette-tutorial\/video-tutorial-set-up-your-wine-fridge\/","title":{"rendered":"Video tutorial Set up your wine fridge"},"content":{"rendered":"\t<!-- Introduction -->\n\t<block id=\"\" class=\"col-span-14 introduction\">\n\t\t<div class=\"grid relative items-end grid-cols-14\">\n\t\t\t<div class=\"col-start-1 col-span-14 lg:col-start-2 lg:col-span-12\">\n\t\t\t\t<block id=\"block_53b43d907d6a2d7b70a4e3336d5639c1\" class=\"relative introduction\">\n\t\t\t\t\t<div class=\"absolute top-0 left-0 w-full h-full bg-black bg-opacity-10\"><\/div>\n\t\t\t\t\t\t\t\t\t\t\t\t\t<img loading=\"lazy\" decoding=\"async\" width=\"1920\" height=\"1000\" src=\"https:\/\/goguette.website-bekijken.nl\/wp-content\/uploads\/2023\/12\/cave-a-vin-design-assume-travail-details-color-block-porte-vitree-bureau-etude-goguette-banner.jpg\" class=\"max-h-[288px] min-h-[288px] lg:min-h-[750px] lg:max-h-[750px] object-cover w-full\" alt=\"Le coin d&#039;une cave \u00e0 vin vitr\u00e9e remplie de bouteilles de vin couch\u00e9es\" srcset=\"https:\/\/goguette.website-bekijken.nl\/wp-content\/uploads\/2023\/12\/cave-a-vin-design-assume-travail-details-color-block-porte-vitree-bureau-etude-goguette-banner.jpg 1920w, https:\/\/goguette.website-bekijken.nl\/wp-content\/uploads\/2023\/12\/cave-a-vin-design-assume-travail-details-color-block-porte-vitree-bureau-etude-goguette-banner-300x156.jpg 300w, https:\/\/goguette.website-bekijken.nl\/wp-content\/uploads\/2023\/12\/cave-a-vin-design-assume-travail-details-color-block-porte-vitree-bureau-etude-goguette-banner-1024x533.jpg 1024w, https:\/\/goguette.website-bekijken.nl\/wp-content\/uploads\/2023\/12\/cave-a-vin-design-assume-travail-details-color-block-porte-vitree-bureau-etude-goguette-banner-768x400.jpg 768w, https:\/\/goguette.website-bekijken.nl\/wp-content\/uploads\/2023\/12\/cave-a-vin-design-assume-travail-details-color-block-porte-vitree-bureau-etude-goguette-banner-1536x800.jpg 1536w\" sizes=\"auto, (max-width: 1920px) 100vw, 1920px\" \/>\t\t\t\t\t\t\t\t\t\t\t<\/block>\n\t\t\t<\/div>\n\t\t\t<div class=\"section-heading col-span-14\">\n\t\t\t\t<div class=\"grid grid-cols-14 items-end\">\n\t\t\t\t\t<div class=\"col-start-1 col-span-14 lg:col-start-1 lg:col-span-6\">\n\t\t\t\t\t\t<div class=\"bg-floor pt-[47px] px-[29px] pb-[35px] lg:pb-0 lg:pr-0 lg:pl-[104px] lg:pt-[17px] relative\">\n\t\t\t\t\t\t\t<div class=\"hidden lg:block\">\n\t\t\t\t\t\t\t\t<nav aria-label=\"breadcrumbs\" class=\"rank-math-breadcrumb\"><p><\/p><\/nav>\t\t\t\t\t\t\t<\/div>\n\t\t\t\t\t\t\t\t\t\t\t\t\t\t\t<h1 class=\"heading-1 relative z-10 max-w-[292px] lg:max-w-[502px] lg:pt-[52px] uppercase text-sun\">\n\t\t\t\t\t\t\t\t\tVideo tutorial Set up your wine fridge\t\t\t\t\t\t\t\t<\/h1>\n\t\t\t\t\t\t\t\t<img loading=\"lazy\" decoding=\"async\" width=\"498\" height=\"370\" src=\"https:\/\/goguette.website-bekijken.nl\/wp-content\/uploads\/2023\/12\/illustration-decoration-interieur-cave-goguette-1.png\" class=\"absolute top-0 z-0 md:z-50 max-w-[264px] right-0 lg:relative lg:max-w-[400px] lg:transform -translate-y-[60px] lg:max-h-[370px] object-contain\" alt=\"\" srcset=\"https:\/\/goguette.website-bekijken.nl\/wp-content\/uploads\/2023\/12\/illustration-decoration-interieur-cave-goguette-1.png 498w, https:\/\/goguette.website-bekijken.nl\/wp-content\/uploads\/2023\/12\/illustration-decoration-interieur-cave-goguette-1-300x223.png 300w\" sizes=\"auto, (max-width: 498px) 100vw, 498px\" \/>\t\t\t\t\t\t<\/div>\n\t\t\t\t\t<\/div>\n\t\t\t\t\t<div class=\"relative col-start-1 col-span-14 lg:col-start-7 lg:col-span-8\">\n\t\t\t\t\t\t<div class=\"bg-floor pb-[40px] px-[29px] lg:pr-0 pt-[26px] lg:pt-[87px] lg:pb-[72px] flex items-end\">\n\t\t\t\t\t\t\t\t\t\t\t\t\t\t\t<h2 class=\"style__text--28 lg:!leading-[37.8px] text-sun lg:max-w-[605px]\">\n\t\t\t\t\t\t\t\t\t<p>Discover how easy it is to configure your Goguette wine cellar with its touchscreen display. Temperature management, integrated lighting, standby mode, or cleaning: Follow our guide to customized settings<\/p>\n\t\t\t\t\t\t\t\t<\/h2>\n\t\t\t\t\t\t\t\t\t\t\t\t\t<\/div>\n\t\t\t\t\t<\/div>\n\t\t\t\t<\/div>\n\t\t\t<\/div>\n\t\t<\/div>\n\t<\/block>\n\n\n\t\t<!-- Gallery -->\n\t\t\t<block class=\"gallery relative col-span-14\">\n\t\t\t<div class=\"absolute top-0 left-0 w-full bg-floor h-[352px] lg:h-[526px]\"><\/div>\n\t\t\t<div class=\"grid grid-cols-14 gap-x-5\">\n\t\t\t\t<block id=\"\"\n\t\t\t\t\tclass=\"gallery col-start-2 py-[47px] col-span-12 md:col-start-3 md:col-span-12 md:py-[87px]\">\n\t\t\t\t\t<div class=\"grid grid-cols-12 gap-5\">\n\t\t\t\t\t\t<div class=\"col-span-12\">\n\t\t\t\t\t\t\t<div class=\"splide\" data-splide='{\"type\":\"loop\",\"perPage\":1,\"perMove\":1,\"cover\":true,\"gap\":\"300px\",\"drag\":false,\"arrows\":false,\"pagination\":false,\"autoWidth\":true,\"fixedWidth\":\"100%\",\"breakpoints\":{\"768\":{\"drag\":true,\"arrows\":false,\"perPage\":1,\"gap\":\"\",\"padding\":{\"right\":\"\"},\"trimSpace\":false,\"autoWidth\":true},\"600\":{\"destroy\":\"completely\"},\"1440\":{\"fixedWidth\":false}}}'>\n\t\t\t\t\t\t\t\t<div\n\t\t\t\t\t\t\t\t\tclass=\"grid grid-cols-12 gap-y-[15px] md:gap-y-[43px] gap-x-5 md:-mb-16\">\n\t\t\t\t\t\t\t\t\t\t\t\t\t\t\t\t\t\t\t\t\t\t\t\t\t\t\t\t<div\n\t\t\t\t\t\t\t\t\t\t\tclass=\"col-start-1 col-span-12 lg:pt-[23px] md:pt-0 md:transform md:-translate-y-16 md:col-start-2 md:col-span-8\">\n\t\t\t\t\t\t\t\t\t\t\t<div class=\"splide__track\">\n\t\t\t\t\t\t\t\t\t\t\t\t<div class=\"splide__list\">\n\t\t\t\t\t\t\t\t\t\t\t\t\t\t\t\t\t\t\t\t\t\t\t\t\t\t\t\t\t\t<div class=\"splide__slide video w-full inte:w-auto\">\n\t\t\t\t\t\t\t\t\t\t\t\t\t\t\t\t\t\t<div\n\t\t\t\t\t\t\t\t\t\t\t\t\t\t\t\t\t\t\tclass=\"plyr__video-embed js-player \">\n\t\t\t\t\t\t\t\t\t\t\t\t\t\t\t\t\t\t\t<iframe data-poster=\"\"\n\t\t\t\t\t\t\t\t\t\t\t\t\t\t\t\t\t\t\t\tclass=\"aspect-video\"\n\t\t\t\t\t\t\t\t\t\t\t\t\t\t\t\t\t\t\t\tsrc=\"https:\/\/www.youtube.com\/embed\/https:\/\/youtu.be\/MOYPVD_kxFQ?origin=https:\/\/goguette.website-bekijken.nl&amp;iv_load_policy=3&amp;modestbranding=1&amp;playsinline=1&amp;showinfo=0&amp;rel=0&amp;enablejsapi=1\"\n\t\t\t\t\t\t\t\t\t\t\t\t\t\t\t\t\t\t\t\tallowfullscreen allowtransparency playsinline><\/iframe>\n\t\t\t\t\t\t\t\t\t\t\t\t\t\t\t\t\t\t<\/div>\n\t\t\t\t\t\t\t\t\t\t\t\t\t\t\t\t\t\t\t\t\t\t\t\t\t\t\t\t\t\t\t\t\t\t\t<\/div>\n\t\t\t\t\t\t\t\t\t\t\t\t\t\t\n\t\t\t\t\t\t\t\t\t\t\t\t\t\t\t\t\t\t\t\t\t\t\t\t\t<\/div>\n\t\t\t\t\t\t\t\t\t\t\t<\/div>\n\t\t\t\t\t\t\t\t\t\t<\/div>\n\t\t\t\t\t\t\t\t\t\t\t\t\t\t\t\t\t<\/div>\n\t\t\t\t\t\t\t<\/div>\n\t\t\t\t\t\t<\/div>\n\t\t\t\t\t<\/div>\n\t\t\t\t<\/block>\n\t\t\t<\/div>\n\t\t<\/block>\n\t\n\n\t\t<!-- Rich text -->\n\t<div class=\"col-span-14\">\n\t\t<block \n\t\t\tid=\"\"\n\t\t\tclass=\"texte-riche py-[52px] lg:pt-[69px] block lg:pb-[52px]\"\n\t\t\tstyle=\"background-color:#FFFFFF\">\n\t\t\t<div class=\"grid grid-cols-14\">\n\t\t\t\t\t\t\t\t\t\t\t<div class=\"col-start-2 col-span-12 lg:col-start-3 lg:col-span-3\">\n\t\t\t\t\t\t\t\t<h2 class=\"heading-3 uppercase pb-[24px] lg:pb-0\" style=\"color: #C83F33\">\n\t\t\t\t\t\t\t\t\tTemperature adjustment \t\t\t\t\t\t\t\t<\/h2>\n\t\t\t\t\t\t\t<\/div>\n\t\t\t\t\t\t\t\t\t\t\t\t\t\t\t<div class=\"col-start-2 col-span-12 lg:col-start-8 xl:col-start-7 lg:col-span-6\">\n\t\t\t\t\t\t\t\t\t<p><span style=\"color: #2d3a49;\">Whether single-temperature or multi-purpose, the Goguette wine cellar allows you to set one or multiple temperatures depending on the zones of the appliance. This ensures optimal storage tailored to each type of wine, guaranteeing perfect preservation for your wine collection.<\/span><\/p>\n<ul>\n<li><span style=\"color: #2d3a49;\"><strong>Plug in your cellar and wait 48 hours before turning it on.<\/strong> However, you can load your bottles in the meantime.<\/span><\/li>\n<li><span style=\"color: #2d3a49;\"><strong>Activate the touchscreen by briefly pressing the &#8220;on&#8221; button.<\/strong><\/span><\/li>\n<li><span style=\"color: #2d3a49;\"><strong>Navigate through the menu:<\/strong> touch the screen to display the adjustment buttons, then press the &#8220;temperature&#8221; icon.<\/span><\/li>\n<\/ul>\n<h3><span class=\"heading-6\" style=\"color: #2d3a49;\">For a single-temperature cellar:<\/span><\/h3>\n<ul>\n<li><span style=\"color: #2d3a49;\">The current set temperature is displayed to the right of the actual temperature.<\/span><\/li>\n<li><span style=\"color: #2d3a49;\">Adjust this temperature using the up\/down arrows and confirm.<\/span><\/li>\n<li><span style=\"color: #2d3a49;\">If you want to exit this menu without modifying the temperature, press the back arrow.<\/span><\/li>\n<\/ul>\n<h3><span class=\"heading-6\" style=\"color: #2d3a49;\">For a multi-purpose cellar:<\/span><\/h3>\n<ul>\n<li><span style=\"color: #2d3a49;\">The current set temperature is displayed to the right of the actual temperature.<\/span><\/li>\n<li><span style=\"color: #2d3a49;\">First, adjust the chambering compartment temperature using the up\/down arrows, then confirm to access the settings for the other two compartments.<\/span><\/li>\n<li><span style=\"color: #2d3a49;\">If you wish to exit this menu without modifying the temperature, press the back arrow.<\/span><\/li>\n<\/ul>\n<h3><span class=\"heading-6\" style=\"color: #2d3a49;\">To change the temperature unit:<\/span><\/h3>\n<ul>\n<li><span style=\"color: #2d3a49;\">Touch anywhere on the screen to bring up the adjustment buttons.<\/span><\/li>\n<li><span style=\"color: #2d3a49;\">Press and hold the temperature icon for 3 seconds.<\/span><\/li>\n<li><span style=\"color: #2d3a49;\">The current temperature unit is displayed next to the cellar temperature.<\/span><\/li>\n<li><span style=\"color: #2d3a49;\">Use the up and down arrows to select your desired temperature unit.<\/span><\/li>\n<li><span style=\"color: #2d3a49;\">To confirm the new unit, press the validate button.<\/span><\/li>\n<li><span style=\"color: #2d3a49;\">If you wish to exit the menu without changing the temperature unit, press the back arrow.<\/span><\/li>\n<\/ul>\n\t\t\t\t\t\t\t\t<\/div>\n\t\t\t\t\t\t\t\t\t\t<\/div>\n\t\t<\/block>\n\t<\/div>\n\n\n\t\t<!-- Rich text -->\n\t<div class=\"col-span-14\">\n\t\t<block \n\t\t\tid=\"\"\n\t\t\tclass=\"texte-riche py-[52px] lg:pt-[69px] block lg:pb-[52px]\"\n\t\t\tstyle=\"background-color:#F2F0EA\">\n\t\t\t<div class=\"grid grid-cols-14\">\n\t\t\t\t\t\t\t\t\t\t\t<div class=\"col-start-2 col-span-12 lg:col-start-3 lg:col-span-3\">\n\t\t\t\t\t\t\t\t<h2 class=\"heading-3 uppercase pb-[24px] lg:pb-0\" style=\"color: #2D3A49\">\n\t\t\t\t\t\t\t\t\tLight intensity\t\t\t\t\t\t\t\t<\/h2>\n\t\t\t\t\t\t\t<\/div>\n\t\t\t\t\t\t\t\t\t\t\t\t\t\t\t<div class=\"col-start-2 col-span-12 lg:col-start-8 xl:col-start-7 lg:col-span-6\">\n\t\t\t\t\t\t\t\t\t<p>This section only applies to wine cellars with glass doors, which are equipped with a lighting system as standard. GOGUETTE wine cellars with glass doors feature lighting that can be adjusted as follows:<\/p>\n<ul>\n<li><span style=\"color: #2d3a49;\">Touch anywhere on the screen to bring up the adjustment buttons.<\/span><\/li>\n<li><span style=\"color: #2d3a49;\">Press and hold the bulb icon for 3 seconds.<\/span><\/li>\n<li><span style=\"color: #2d3a49;\">Adjust the light intensity using the up and down arrows. You can choose from 4 intensity levels.<\/span><\/li>\n<li><span style=\"color: #2d3a49;\">Press the validate icon to save your desired intensity.<\/span><\/li>\n<li><span style=\"color: #2d3a49;\">To exit the menu without modifying your settings, press the back arrow.<\/span><\/li>\n<\/ul>\n\t\t\t\t\t\t\t\t<\/div>\n\t\t\t\t\t\t\t\t\t\t<\/div>\n\t\t<\/block>\n\t<\/div>\n\n\n\t\t<!-- Rich text -->\n\t<div class=\"col-span-14\">\n\t\t<block \n\t\t\tid=\"\"\n\t\t\tclass=\"texte-riche py-[52px] lg:pt-[69px] block lg:pb-[52px]\"\n\t\t\tstyle=\"background-color:#FFFFFF\">\n\t\t\t<div class=\"grid grid-cols-14\">\n\t\t\t\t\t\t\t\t\t\t\t<div class=\"col-start-2 col-span-12 lg:col-start-3 lg:col-span-3\">\n\t\t\t\t\t\t\t\t<h2 class=\"heading-3 uppercase pb-[24px] lg:pb-0\" style=\"color: #C83F33\">\n\t\t\t\t\t\t\t\t\tStandby Mode\t\t\t\t\t\t\t\t<\/h2>\n\t\t\t\t\t\t\t<\/div>\n\t\t\t\t\t\t\t\t\t\t\t\t\t\t\t<div class=\"col-start-2 col-span-12 lg:col-start-8 xl:col-start-7 lg:col-span-6\">\n\t\t\t\t\t\t\t\t\t<p><span style=\"color: #2d3a49;\">Your wine cellar is delivered with the &#8220;automatic standby&#8221; mode enabled. This means that after 30 seconds of inactivity (no touch on the screen) on the home screen, the display automatically enters standby mode: the adjustment icons disappear, and the screen\u00e2\u20ac\u2122s backlight turns off.<\/span><\/p>\n<h3><span class=\"heading-6\" style=\"color: #2d3a49;\">Activating or Deactivating Standby Mode:<\/span><\/h3>\n<ul>\n<li><span style=\"color: #2d3a49;\">Press and hold the bulb icon for 5 seconds.<\/span><\/li>\n<li><span style=\"color: #2d3a49;\">Briefly press the &#8220;ZZ&#8221; standby icon to access the standby menu.<\/span><\/li>\n<li><span style=\"color: #2d3a49;\">Use the up and down arrows to select <em>Auto<\/em> or <em>Off<\/em>.<\/span><\/li>\n<li><span style=\"color: #2d3a49;\">Press the validate button to save your choice.<\/span><\/li>\n<li><span style=\"color: #2d3a49;\">To exit the menu without modifying your settings, press the back arrow.<\/span><\/li>\n<\/ul>\n\t\t\t\t\t\t\t\t<\/div>\n\t\t\t\t\t\t\t\t\t\t<\/div>\n\t\t<\/block>\n\t<\/div>\n\n\n\t\t<!-- Rich text -->\n\t<div class=\"col-span-14\">\n\t\t<block \n\t\t\tid=\"\"\n\t\t\tclass=\"texte-riche py-[52px] lg:pt-[69px] block lg:pb-[52px]\"\n\t\t\tstyle=\"background-color:#F2F0EA\">\n\t\t\t<div class=\"grid grid-cols-14\">\n\t\t\t\t\t\t\t\t\t\t\t<div class=\"col-start-2 col-span-12 lg:col-start-3 lg:col-span-3\">\n\t\t\t\t\t\t\t\t<h2 class=\"heading-3 uppercase pb-[24px] lg:pb-0\" style=\"color: #2D3A49\">\n\t\t\t\t\t\t\t\t\tCleaning mode\t\t\t\t\t\t\t\t<\/h2>\n\t\t\t\t\t\t\t<\/div>\n\t\t\t\t\t\t\t\t\t\t\t\t\t\t\t<div class=\"col-start-2 col-span-12 lg:col-start-8 xl:col-start-7 lg:col-span-6\">\n\t\t\t\t\t\t\t\t\t<p>If multiple touches are detected on the screen, the system activates cleaning mode. The screen locks for 10 seconds.<\/p>\n<p><strong>Note:<\/strong> The Goguette screen is an LCD screen. For cleaning, use a soft, non-abrasive cloth, slightly dampened with a glass cleaner if necessary. Make sure to wipe the entire surface of the screen thoroughly before using it again.<\/p>\n\t\t\t\t\t\t\t\t<\/div>\n\t\t\t\t\t\t\t\t\t\t<\/div>\n\t\t<\/block>\n\t<\/div>\n\n\n\t<!-- Transition -->\n\t<div class=\"col-span-14\">\n\t\t<block id=\"\" class=\"transition\">\n\t\t\t<img loading=\"lazy\" decoding=\"async\" width=\"1920\" height=\"375\" src=\"https:\/\/goguette.website-bekijken.nl\/wp-content\/uploads\/2023\/12\/cave-cuisine-preparation-repas-goguette-transition-gum.jpg\" class=\"h-full max-h-[220px] lg:max-h-[375px] object-cover w-full\" alt=\"Une table en bois et une cave \u00e0 vin vitr\u00e9e avec des bouteilles couch\u00e9es \u00e0 l&#039;int\u00e9rieur\" srcset=\"https:\/\/goguette.website-bekijken.nl\/wp-content\/uploads\/2023\/12\/cave-cuisine-preparation-repas-goguette-transition-gum.jpg 1920w, https:\/\/goguette.website-bekijken.nl\/wp-content\/uploads\/2023\/12\/cave-cuisine-preparation-repas-goguette-transition-gum-300x59.jpg 300w, https:\/\/goguette.website-bekijken.nl\/wp-content\/uploads\/2023\/12\/cave-cuisine-preparation-repas-goguette-transition-gum-1024x200.jpg 1024w, https:\/\/goguette.website-bekijken.nl\/wp-content\/uploads\/2023\/12\/cave-cuisine-preparation-repas-goguette-transition-gum-768x150.jpg 768w, https:\/\/goguette.website-bekijken.nl\/wp-content\/uploads\/2023\/12\/cave-cuisine-preparation-repas-goguette-transition-gum-1536x300.jpg 1536w\" sizes=\"auto, (max-width: 1920px) 100vw, 1920px\" \/>\t\t<\/block>\n\t<\/div>\n\n\n\t<!-- Cross Content -->\n\t<div class=\"relative col-span-14\">\n\t\t<section id=\"\" class=\"bg-poussin pt-[54px] pb-[91px] md:pt-[115px] md:pb-[103px]\">\n\t\t\t<div class=\"grid grid-cols-14 gap-x-5\">\n\t\t\t\t<div class=\"col-start-2 col-span-12 md:col-start-2 md:col-span-4\">\n\t\t\t\t\t\t\t\t\t\t\t<h3 class=\"font-satoshi flex text-[40px] leading-none lg:text-[60px] font-bold lg:leading-[52.5px] max-w-[292px] lg:max-w-full md:pb-[25px] text-grape uppercase\">\n\t\t\t\t\t\t\tTo go further\t\t\t\t\t\t<\/h3>\n\t\t\t\t\t\t\t\t\t\t\t\t\t\t\t\t<p class=\"text-grape pt-[19px] md:pt-0 style__text--18\">\n\t\t\t\t\t\t\tGoguette wine fridges put design back in its rightful place without ever losing sight of functionality.\t\t\t\t\t\t<\/p>\n\t\t\t\t\t\t\t\t\t<\/div>\n\t\t\t\t<div class=\"col-start-2 col-span-12 md:col-start-6 md:col-span-9\">\n\t\t\t\t\t<div class=\"pt-[37px] md:pt-0 grid gap-y-[44px] md:gap-y-[78px] md:gap-x-16 md:grid-cols-9\">\n\t\t\t\t\t\t\t\t\t\t\t\t\t\t<div class=\"md:col-span-4\">\n\t\t\t\t\t\t\t\t\t<div class=\"is-fade group relative border-b border-solid border-b-grape max-w-[398px] mx-auto\">\n\t\t\t\t\t\t\t\t\t\t\t\t\t\t\t\t\t\t\t\t\t<div class=\"overflow-hidden relative w-[332px] h-[312px] md:w-[200px] md:h-[175px] lg:w-[300px] lg:h-[275px] xl:w-[398px] xl:h-[374px]\">\n\t\t\t\t\t\t\t\t\t\t\t\t<img loading=\"lazy\" decoding=\"async\" width=\"501\" height=\"471\" src=\"https:\/\/goguette.website-bekijken.nl\/wp-content\/uploads\/2023\/12\/cave-a-vin-porte-vitree-bien-voir-bouteilles-presentation-mettre-en-avant-goguette-visuel.jpg\" class=\"h-full w-full absolute top-0 left-0 object-cover group-hover:scale-110 transition-transform duration-700 ease-accelerate\" alt=\"Une grande cave \u00e0 vin contre un mur blanc \u00e0 c\u00f4t\u00e9 d&#039;une baie vitr\u00e9e et de plantes vertes\" srcset=\"https:\/\/goguette.website-bekijken.nl\/wp-content\/uploads\/2023\/12\/cave-a-vin-porte-vitree-bien-voir-bouteilles-presentation-mettre-en-avant-goguette-visuel.jpg 501w, https:\/\/goguette.website-bekijken.nl\/wp-content\/uploads\/2023\/12\/cave-a-vin-porte-vitree-bien-voir-bouteilles-presentation-mettre-en-avant-goguette-visuel-300x282.jpg 300w\" sizes=\"auto, (max-width: 501px) 100vw, 501px\" \/>\t\t\t\t\t\t\t\t\t\t\t<\/div>\n\t\t\t\t\t\t\t\t\t\t\t\t\t\t\t\t\t\t\t\t\t\t<div class=\"flex gap-3 justify-between w-full pt-[16px] pb-[18px] md:pt-[18px] md:pb-[30px] items-end\">\n\t\t\t\t\t\t\t\t\t\t\t\t<h4 class=\"heading-4 text-grape uppercase\">\n\t\t\t\t\t\t\t\t\t\t\t\t\tOur Wine cellars\t\t\t\t\t\t\t\t\t\t\t\t<\/h4>\n\t\t\t\t\t\t\t\t\t\t\t\t<svg class=\"transform transition-transform duration-500 w-[20px] h-[15px] lg:w-[24px] lg:h-[24px] ease-accelerate group-hover:rotate-45 translate-y-[-3px]\" width=\"24\" height=\"24\" viewBox=\"0 0 24 24\" fill=\"none\" xmlns=\"http:\/\/www.w3.org\/2000\/svg\">\n\t\t\t\t\t\t\t\t\t\t\t\t\t<rect y=\"3.69238\" width=\"3.69231\" height=\"24\" transform=\"rotate(-90 0 3.69238)\" fill=\"#2D3A49\"\/>\n\t\t\t\t\t\t\t\t\t\t\t\t\t<rect x=\"24\" y=\"24\" width=\"3.69231\" height=\"24\" transform=\"rotate(180 24 24)\" fill=\"#2D3A49\"\/>\n\t\t\t\t\t\t\t\t\t\t\t\t\t<rect x=\"2.74707\" y=\"23.8633\" width=\"3.69231\" height=\"29.0281\" transform=\"rotate(-135 2.74707 23.8633)\" fill=\"#2D3A49\"\/>\n\t\t\t\t\t\t\t\t\t\t\t\t<\/svg>\n\t\t\t\t\t\t\t\t\t\t\t<\/div>\n\t\t\t\t\t\t\t\t\t\t\t\t\t\t\t\t\t\t\t\t\t\t<div class=\"style__text--18 pb-[30px] text-grape\">\n\t\t\t\t\t\t\t\t\t\t\t\tDo you need a cellar to store your wine or bring it up to temperature? Discover our different wine cellars.\t\t\t\t\t\t\t\t\t\t\t<\/div>\n\t\t\t\t\t\t\t\t\t\t\t\t\t\t\t\t\t\t\t\t\t\t<a class=\"absolute top-0 left-0 w-full h-full z-10\" href=\"http:\/\/localhost:39041\/en\/our-wine-fridge\/\" target=\"_self\" rel=\"noopener\"><\/a>\n\t\t\t\t\t\t\t\t\t\t\t\t\t\t\t\t\t\t\t<\/div>\n\t\t\t\t\t\t\t\t<\/div>\n\t\t\t\t\t\t\t\t\t\t\t\t\t\t\t\t<div class=\"md:col-span-4\">\n\t\t\t\t\t\t\t\t\t<div class=\"is-fade group relative border-b border-solid border-b-grape max-w-[398px] mx-auto\">\n\t\t\t\t\t\t\t\t\t\t\t\t\t\t\t\t\t\t\t\t\t<div class=\"overflow-hidden relative w-[332px] h-[312px] md:w-[200px] md:h-[175px] lg:w-[300px] lg:h-[275px] xl:w-[398px] xl:h-[374px]\">\n\t\t\t\t\t\t\t\t\t\t\t\t<img loading=\"lazy\" decoding=\"async\" width=\"398\" height=\"374\" src=\"https:\/\/goguette.website-bekijken.nl\/wp-content\/uploads\/2023\/12\/cave-conservation-vin-petite-taille-coloris-noir-porte-vitree-goguette-cross.jpg\" class=\"h-full w-full absolute top-0 left-0 object-cover group-hover:scale-110 transition-transform duration-700 ease-accelerate\" alt=\"Une cave \u00e0 vin noire vitr\u00e9e derri\u00e8re une biblioth\u00e8que\" srcset=\"https:\/\/goguette.website-bekijken.nl\/wp-content\/uploads\/2023\/12\/cave-conservation-vin-petite-taille-coloris-noir-porte-vitree-goguette-cross.jpg 398w, https:\/\/goguette.website-bekijken.nl\/wp-content\/uploads\/2023\/12\/cave-conservation-vin-petite-taille-coloris-noir-porte-vitree-goguette-cross-300x282.jpg 300w\" sizes=\"auto, (max-width: 398px) 100vw, 398px\" \/>\t\t\t\t\t\t\t\t\t\t\t<\/div>\n\t\t\t\t\t\t\t\t\t\t\t\t\t\t\t\t\t\t\t\t\t\t<div class=\"flex gap-3 justify-between w-full pt-[16px] pb-[18px] md:pt-[18px] md:pb-[30px] items-end\">\n\t\t\t\t\t\t\t\t\t\t\t\t<h4 class=\"heading-4 text-grape uppercase\">\n\t\t\t\t\t\t\t\t\t\t\t\t\tAll our tutorials\t\t\t\t\t\t\t\t\t\t\t\t<\/h4>\n\t\t\t\t\t\t\t\t\t\t\t\t<svg class=\"transform transition-transform duration-500 w-[20px] h-[15px] lg:w-[24px] lg:h-[24px] ease-accelerate group-hover:rotate-45 translate-y-[-3px]\" width=\"24\" height=\"24\" viewBox=\"0 0 24 24\" fill=\"none\" xmlns=\"http:\/\/www.w3.org\/2000\/svg\">\n\t\t\t\t\t\t\t\t\t\t\t\t\t<rect y=\"3.69238\" width=\"3.69231\" height=\"24\" transform=\"rotate(-90 0 3.69238)\" fill=\"#2D3A49\"\/>\n\t\t\t\t\t\t\t\t\t\t\t\t\t<rect x=\"24\" y=\"24\" width=\"3.69231\" height=\"24\" transform=\"rotate(180 24 24)\" fill=\"#2D3A49\"\/>\n\t\t\t\t\t\t\t\t\t\t\t\t\t<rect x=\"2.74707\" y=\"23.8633\" width=\"3.69231\" height=\"29.0281\" transform=\"rotate(-135 2.74707 23.8633)\" fill=\"#2D3A49\"\/>\n\t\t\t\t\t\t\t\t\t\t\t\t<\/svg>\n\t\t\t\t\t\t\t\t\t\t\t<\/div>\n\t\t\t\t\t\t\t\t\t\t\t\t\t\t\t\t\t\t\t\t\t\t<div class=\"style__text--18 pb-[30px] text-grape\">\n\t\t\t\t\t\t\t\t\t\t\t\tTo help you use your Goguette wine cabinet, we have prepared step-by-step video guides for you.\t\t\t\t\t\t\t\t\t\t\t<\/div>\n\t\t\t\t\t\t\t\t\t\t\t\t\t\t\t\t\t\t\t\t\t\t<a class=\"absolute top-0 left-0 w-full h-full z-10\" href=\"\/en\/goguette-tutorials\/\" target=\"_self\"><\/a>\n\t\t\t\t\t\t\t\t\t\t\t\t\t\t\t\t\t\t\t<\/div>\n\t\t\t\t\t\t\t\t<\/div>\n\t\t\t\t\t\t\t\t\t\t\t\t\t<\/div>\n\t\t\t\t<\/div>\n\t\t\t<\/div>\n\t\t<\/section>\n\t<\/div>\n","protected":false},"excerpt":{"rendered":"","protected":false},"author":2,"featured_media":0,"parent":8582,"menu_order":0,"comment_status":"closed","ping_status":"closed","template":"","meta":{"_acf_changed":false,"footnotes":""},"class_list":["post-10489","page","type-page","status-publish","hentry"],"acf":[],"_links":{"self":[{"href":"https:\/\/goguette.website-bekijken.nl\/en\/wp-json\/wp\/v2\/pages\/10489","targetHints":{"allow":["GET"]}}],"collection":[{"href":"https:\/\/goguette.website-bekijken.nl\/en\/wp-json\/wp\/v2\/pages"}],"about":[{"href":"https:\/\/goguette.website-bekijken.nl\/en\/wp-json\/wp\/v2\/types\/page"}],"author":[{"embeddable":true,"href":"https:\/\/goguette.website-bekijken.nl\/en\/wp-json\/wp\/v2\/users\/2"}],"replies":[{"embeddable":true,"href":"https:\/\/goguette.website-bekijken.nl\/en\/wp-json\/wp\/v2\/comments?post=10489"}],"version-history":[{"count":2,"href":"https:\/\/goguette.website-bekijken.nl\/en\/wp-json\/wp\/v2\/pages\/10489\/revisions"}],"predecessor-version":[{"id":11696,"href":"https:\/\/goguette.website-bekijken.nl\/en\/wp-json\/wp\/v2\/pages\/10489\/revisions\/11696"}],"up":[{"embeddable":true,"href":"https:\/\/goguette.website-bekijken.nl\/en\/wp-json\/wp\/v2\/pages\/8582"}],"wp:attachment":[{"href":"https:\/\/goguette.website-bekijken.nl\/en\/wp-json\/wp\/v2\/media?parent=10489"}],"curies":[{"name":"wp","href":"https:\/\/api.w.org\/{rel}","templated":true}]}}