{"id":10088,"date":"2024-05-23T08:06:08","date_gmt":"2024-05-23T07:06:08","guid":{"rendered":"https:\/\/www.goguette.com\/video-tutoriel-la-clayette-goguette\/"},"modified":"2024-12-20T15:16:04","modified_gmt":"2024-12-20T15:16:04","slug":"video-tutorial-the-goguette-shelf","status":"publish","type":"page","link":"https:\/\/goguette.website-bekijken.nl\/en\/goguette-tutorial\/video-tutorial-the-goguette-shelf\/","title":{"rendered":"Video tutorial &#8211; the Goguette shelf"},"content":{"rendered":"\n<p><strong>Removing a Shelf Effortlessly<\/strong><\/p>\n\n\n\t<!-- Introduction -->\n\t<block id=\"\" class=\"col-span-14 introduction\">\n\t\t<div class=\"grid relative items-end grid-cols-14\">\n\t\t\t<div class=\"col-start-1 col-span-14 lg:col-start-2 lg:col-span-12\">\n\t\t\t\t<block id=\"block_a688609a1d764829a18812063fc7bdb0\" class=\"relative introduction\">\n\t\t\t\t\t<div class=\"absolute top-0 left-0 w-full h-full bg-black bg-opacity-10\"><\/div>\n\t\t\t\t\t\t\t\t\t\t\t\t\t<img loading=\"lazy\" decoding=\"async\" width=\"1920\" height=\"1000\" src=\"https:\/\/goguette.website-bekijken.nl\/wp-content\/uploads\/2023\/12\/etagere-clayette-cave-a-vin-bien-ranger-bouteilles-stockage-goguette-banner-1.jpg\" class=\"max-h-[288px] min-h-[288px] lg:min-h-[750px] lg:max-h-[750px] object-cover w-full\" alt=\"Deux \u00e9tag\u00e8res de bouteilles de vin\" srcset=\"https:\/\/goguette.website-bekijken.nl\/wp-content\/uploads\/2023\/12\/etagere-clayette-cave-a-vin-bien-ranger-bouteilles-stockage-goguette-banner-1.jpg 1920w, https:\/\/goguette.website-bekijken.nl\/wp-content\/uploads\/2023\/12\/etagere-clayette-cave-a-vin-bien-ranger-bouteilles-stockage-goguette-banner-1-300x156.jpg 300w, https:\/\/goguette.website-bekijken.nl\/wp-content\/uploads\/2023\/12\/etagere-clayette-cave-a-vin-bien-ranger-bouteilles-stockage-goguette-banner-1-1024x533.jpg 1024w, https:\/\/goguette.website-bekijken.nl\/wp-content\/uploads\/2023\/12\/etagere-clayette-cave-a-vin-bien-ranger-bouteilles-stockage-goguette-banner-1-768x400.jpg 768w, https:\/\/goguette.website-bekijken.nl\/wp-content\/uploads\/2023\/12\/etagere-clayette-cave-a-vin-bien-ranger-bouteilles-stockage-goguette-banner-1-1536x800.jpg 1536w\" sizes=\"auto, (max-width: 1920px) 100vw, 1920px\" \/>\t\t\t\t\t\t\t\t\t\t\t<\/block>\n\t\t\t<\/div>\n\t\t\t<div class=\"section-heading col-span-14\">\n\t\t\t\t<div class=\"grid grid-cols-14 items-end\">\n\t\t\t\t\t<div class=\"col-start-1 col-span-14 lg:col-start-1 lg:col-span-6\">\n\t\t\t\t\t\t<div class=\"bg-floor pt-[47px] px-[29px] pb-[35px] lg:pb-0 lg:pr-0 lg:pl-[104px] lg:pt-[17px] relative\">\n\t\t\t\t\t\t\t<div class=\"hidden lg:block\">\n\t\t\t\t\t\t\t\t<nav aria-label=\"breadcrumbs\" class=\"rank-math-breadcrumb\"><p><\/p><\/nav>\t\t\t\t\t\t\t<\/div>\n\t\t\t\t\t\t\t\t\t\t\t\t\t\t\t<h1 class=\"heading-1 relative z-10 max-w-[292px] lg:max-w-[502px] lg:pt-[52px] uppercase text-sun\">\n\t\t\t\t\t\t\t\t\t Goguette wine shelf video tutorial\t\t\t\t\t\t\t\t<\/h1>\n\t\t\t\t\t\t\t\t<img loading=\"lazy\" decoding=\"async\" width=\"498\" height=\"370\" src=\"https:\/\/goguette.website-bekijken.nl\/wp-content\/uploads\/2023\/12\/illustration-decoration-interieur-cave-goguette-1.png\" class=\"absolute top-0 z-0 md:z-50 max-w-[264px] right-0 lg:relative lg:max-w-[400px] lg:transform -translate-y-[60px] lg:max-h-[370px] object-contain\" alt=\"\" srcset=\"https:\/\/goguette.website-bekijken.nl\/wp-content\/uploads\/2023\/12\/illustration-decoration-interieur-cave-goguette-1.png 498w, https:\/\/goguette.website-bekijken.nl\/wp-content\/uploads\/2023\/12\/illustration-decoration-interieur-cave-goguette-1-300x223.png 300w\" sizes=\"auto, (max-width: 498px) 100vw, 498px\" \/>\t\t\t\t\t\t<\/div>\n\t\t\t\t\t<\/div>\n\t\t\t\t\t<div class=\"relative col-start-1 col-span-14 lg:col-start-7 lg:col-span-8\">\n\t\t\t\t\t\t<div class=\"bg-floor pb-[40px] px-[29px] lg:pr-0 pt-[26px] lg:pt-[87px] lg:pb-[72px] flex items-end\">\n\t\t\t\t\t\t\t\t\t\t\t\t\t\t\t<h2 class=\"style__text--28 lg:!leading-[37.8px] text-sun lg:max-w-[605px]\">\n\t\t\t\t\t\t\t\t\t<p>Your wine fridge evolves with you and your discoveries.<\/p>\n<p>Follow the guide to add, reposition, or remove a shelf from your Goguette cellar.<\/p>\n\t\t\t\t\t\t\t\t<\/h2>\n\t\t\t\t\t\t\t\t\t\t\t\t\t<\/div>\n\t\t\t\t\t<\/div>\n\t\t\t\t<\/div>\n\t\t\t<\/div>\n\t\t<\/div>\n\t<\/block>\n\n\n\t\t<!-- Gallery -->\n\t\t\t<block class=\"gallery relative col-span-14\">\n\t\t\t<div class=\"absolute top-0 left-0 w-full bg-floor h-[352px] lg:h-[526px]\"><\/div>\n\t\t\t<div class=\"grid grid-cols-14 gap-x-5\">\n\t\t\t\t<block id=\"\"\n\t\t\t\t\tclass=\"gallery col-start-2 py-[47px] col-span-12 md:col-start-3 md:col-span-12 md:py-[87px]\">\n\t\t\t\t\t<div class=\"grid grid-cols-12 gap-5\">\n\t\t\t\t\t\t<div class=\"col-span-12\">\n\t\t\t\t\t\t\t<div class=\"splide\" data-splide='{\"type\":\"loop\",\"perPage\":1,\"perMove\":1,\"cover\":true,\"gap\":\"300px\",\"drag\":false,\"arrows\":false,\"pagination\":false,\"autoWidth\":true,\"fixedWidth\":\"100%\",\"breakpoints\":{\"768\":{\"drag\":true,\"arrows\":false,\"perPage\":1,\"gap\":\"\",\"padding\":{\"right\":\"\"},\"trimSpace\":false,\"autoWidth\":true},\"600\":{\"destroy\":\"completely\"},\"1440\":{\"fixedWidth\":false}}}'>\n\t\t\t\t\t\t\t\t<div\n\t\t\t\t\t\t\t\t\tclass=\"grid grid-cols-12 gap-y-[15px] md:gap-y-[43px] gap-x-5 md:-mb-16\">\n\t\t\t\t\t\t\t\t\t\t\t\t\t\t\t\t\t\t\t\t\t\t\t\t\t\t\t\t<div\n\t\t\t\t\t\t\t\t\t\t\tclass=\"col-start-1 col-span-12 lg:pt-[23px] md:pt-0 md:transform md:-translate-y-16 md:col-start-2 md:col-span-8\">\n\t\t\t\t\t\t\t\t\t\t\t<div class=\"splide__track\">\n\t\t\t\t\t\t\t\t\t\t\t\t<div class=\"splide__list\">\n\t\t\t\t\t\t\t\t\t\t\t\t\t\t\t\t\t\t\t\t\t\t\t\t\t\t\t\t\t\t<div class=\"splide__slide video w-full inte:w-auto\">\n\t\t\t\t\t\t\t\t\t\t\t\t\t\t\t\t\t\t<div\n\t\t\t\t\t\t\t\t\t\t\t\t\t\t\t\t\t\t\tclass=\"plyr__video-embed js-player \">\n\t\t\t\t\t\t\t\t\t\t\t\t\t\t\t\t\t\t\t<iframe data-poster=\"\"\n\t\t\t\t\t\t\t\t\t\t\t\t\t\t\t\t\t\t\t\tclass=\"aspect-video\"\n\t\t\t\t\t\t\t\t\t\t\t\t\t\t\t\t\t\t\t\tsrc=\"https:\/\/www.youtube.com\/embed\/G9nFOadYycQ?origin=https:\/\/goguette.website-bekijken.nl&amp;iv_load_policy=3&amp;modestbranding=1&amp;playsinline=1&amp;showinfo=0&amp;rel=0&amp;enablejsapi=1\"\n\t\t\t\t\t\t\t\t\t\t\t\t\t\t\t\t\t\t\t\tallowfullscreen allowtransparency playsinline><\/iframe>\n\t\t\t\t\t\t\t\t\t\t\t\t\t\t\t\t\t\t<\/div>\n\t\t\t\t\t\t\t\t\t\t\t\t\t\t\t\t\t\t\t\t\t\t\t\t\t\t\t\t\t\t\t\t\t\t\t<\/div>\n\t\t\t\t\t\t\t\t\t\t\t\t\t\t\n\t\t\t\t\t\t\t\t\t\t\t\t\t\t\t\t\t\t\t\t\t\t\t\t\t<\/div>\n\t\t\t\t\t\t\t\t\t\t\t<\/div>\n\t\t\t\t\t\t\t\t\t\t<\/div>\n\t\t\t\t\t\t\t\t\t\t\t\t\t\t\t\t\t<\/div>\n\t\t\t\t\t\t\t<\/div>\n\t\t\t\t\t\t<\/div>\n\t\t\t\t\t<\/div>\n\t\t\t\t<\/block>\n\t\t\t<\/div>\n\t\t<\/block>\n\t\n\n\t\t<!-- Rich text -->\n\t<div class=\"col-span-14\">\n\t\t<block \n\t\t\tid=\"\"\n\t\t\tclass=\"texte-riche py-[52px] lg:pt-[69px] block lg:pb-[52px]\"\n\t\t\tstyle=\"background-color:#FFFFFF\">\n\t\t\t<div class=\"grid grid-cols-14\">\n\t\t\t\t\t\t\t\t\t\t\t<div class=\"col-start-2 col-span-12 lg:col-start-3 lg:col-span-3\">\n\t\t\t\t\t\t\t\t<h2 class=\"heading-3 uppercase pb-[24px] lg:pb-0\" style=\"color: #C83F33\">\n\t\t\t\t\t\t\t\t\tInstalling a shelf\t\t\t\t\t\t\t\t<\/h2>\n\t\t\t\t\t\t\t<\/div>\n\t\t\t\t\t\t\t\t\t\t\t\t\t\t\t<div class=\"col-start-2 col-span-12 lg:col-start-8 xl:col-start-7 lg:col-span-6\">\n\t\t\t\t\t\t\t\t\t<p><span class=\"heading-6\" style=\"color: #2d3a49;\">To install the Goguette shelf:<\/span><\/p>\n<ul>\n<li><span style=\"color: #2d3a49;\">Attach the rails on each side of the wall.<\/span><\/li>\n<li><span style=\"color: #2d3a49;\">Slide the shelf into the rails.<\/span><\/li>\n<li><span style=\"color: #2d3a49;\">Position the wooden pegs according to the intended use of the shelf. sliding, storage or display<\/span><\/li>\n<li>Adjust the spacing of the bottle supports according to the shape of your bottles, to ensure that they are securely held in place.<\/li>\n<\/ul>\n\t\t\t\t\t\t\t\t<\/div>\n\t\t\t\t\t\t\t\t\t\t<\/div>\n\t\t<\/block>\n\t<\/div>\n\n\n\t\t<!-- Rich text -->\n\t<div class=\"col-span-14\">\n\t\t<block \n\t\t\tid=\"\"\n\t\t\tclass=\"texte-riche py-[52px] lg:pt-[69px] block lg:pb-[52px]\"\n\t\t\tstyle=\"background-color:#F2F0EA\">\n\t\t\t<div class=\"grid grid-cols-14\">\n\t\t\t\t\t\t\t\t\t\t\t<div class=\"col-start-2 col-span-12 lg:col-start-3 lg:col-span-3\">\n\t\t\t\t\t\t\t\t<h2 class=\"heading-3 uppercase pb-[24px] lg:pb-0\" style=\"color: #2D3A49\">\n\t\t\t\t\t\t\t\t\tOrganizing your bottles\t\t\t\t\t\t\t\t<\/h2>\n\t\t\t\t\t\t\t<\/div>\n\t\t\t\t\t\t\t\t\t\t\t\t\t\t\t<div class=\"col-start-2 col-span-12 lg:col-start-8 xl:col-start-7 lg:col-span-6\">\n\t\t\t\t\t\t\t\t\t<p>The <strong>Goguette shelf<\/strong> is specially designed to accommodate all your bottles, regardless of their shape. Thanks to its movable bottle supports, you can adjust the spacing between each bottle to ensure optimal stability. Storing and organizing your cellar then becomes a breeze.<\/p>\n<p>These ingenious supports also offer great flexibility in arrangement. You can display your bottles horizontally with the label visible to showcase them, or place them side by side to maximize storage capacity.<\/p>\n<p>No more storage headaches!<\/p>\n\t\t\t\t\t\t\t\t<\/div>\n\t\t\t\t\t\t\t\t\t\t<\/div>\n\t\t<\/block>\n\t<\/div>\n\n\n\t\t<!-- Rich text -->\n\t<div class=\"col-span-14\">\n\t\t<block \n\t\t\tid=\"\"\n\t\t\tclass=\"texte-riche py-[52px] lg:pt-[69px] block lg:pb-[52px]\"\n\t\t\tstyle=\"background-color:#FFFFFF\">\n\t\t\t<div class=\"grid grid-cols-14\">\n\t\t\t\t\t\t\t\t\t\t\t<div class=\"col-start-2 col-span-12 lg:col-start-3 lg:col-span-3\">\n\t\t\t\t\t\t\t\t<h2 class=\"heading-3 uppercase pb-[24px] lg:pb-0\" style=\"color: #C83F33\">\n\t\t\t\t\t\t\t\t\tSliding or fixed : Which team are you?\t\t\t\t\t\t\t\t<\/h2>\n\t\t\t\t\t\t\t<\/div>\n\t\t\t\t\t\t\t\t\t\t\t\t\t\t\t<div class=\"col-start-2 col-span-12 lg:col-start-8 xl:col-start-7 lg:col-span-6\">\n\t\t\t\t\t\t\t\t\t<p><span class=\"heading-6\" style=\"color: #2d3a49;\"><strong>Goguette Secret:<\/strong><\/span><\/p>\n<p><span style=\"color: #2d3a49;\">All standard shelves can be used in either storage or sliding mode.<\/span><br \/>\n<span style=\"color: #2d3a49;\">Switch modes easily by changing the position of the wooden pegs located on the left and right sides of the shelf.<\/span><\/p>\n<p><strong><span style=\"color: #2d3a49;\">Sliding Mode<\/span><\/strong><\/p>\n<ul>\n<li><span style=\"color: #2d3a49;\">Place the wooden pegs on each side of the shelf in the first perforation from the back.<\/span><\/li>\n<li><span style=\"color: #2d3a49;\">The shelf can slide along the rails to provide easy access to bottles. It remains secure and won\u00e2\u20ac\u2122t slide out completely.<\/span><\/li>\n<\/ul>\n<p><span class=\"heading-6\" style=\"color: #2d3a49;\"><strong>Fixed Mode (Storage)<\/strong><\/span><\/p>\n<ul>\n<li><span style=\"color: #2d3a49;\">Place the wooden pegs on each side of the shelf in the second perforation from the front.<\/span><\/li>\n<li><span style=\"color: #2d3a49;\">The shelf is fixed in place and cannot slide, allowing you to stack bottles in multiple layers.<\/span><\/li>\n<\/ul>\n\t\t\t\t\t\t\t\t<\/div>\n\t\t\t\t\t\t\t\t\t\t<\/div>\n\t\t<\/block>\n\t<\/div>\n\n\n\t\t<!-- Rich text -->\n\t<div class=\"col-span-14\">\n\t\t<block \n\t\t\tid=\"\"\n\t\t\tclass=\"texte-riche py-[52px] lg:pt-[69px] block lg:pb-[52px]\"\n\t\t\tstyle=\"background-color:#F2F0EA\">\n\t\t\t<div class=\"grid grid-cols-14\">\n\t\t\t\t\t\t\t\t\t\t\t<div class=\"col-start-2 col-span-12 lg:col-start-3 lg:col-span-3\">\n\t\t\t\t\t\t\t\t<h2 class=\"heading-3 uppercase pb-[24px] lg:pb-0\" style=\"color: #2D3A49\">\n\t\t\t\t\t\t\t\t\tWhich spacing between the shelves?\t\t\t\t\t\t\t\t<\/h2>\n\t\t\t\t\t\t\t<\/div>\n\t\t\t\t\t\t\t\t\t\t\t\t\t\t\t<div class=\"col-start-2 col-span-12 lg:col-start-8 xl:col-start-7 lg:col-span-6\">\n\t\t\t\t\t\t\t\t\t<p><span style=\"color: #2d3a49;\">At <strong>Goguette<\/strong>, the positioning of the shelves inside the cellar is fully adjustable. This design allows you to modify the spacing between each shelf, making it easy to store bottles of all sizes: Bordeaux, Burgundy, Champagne, Magnum,&#8230;<\/span><\/p>\n<p><span style=\"color: #2d3a49;\">Here our recommendations :<\/span><\/p>\n<p><span style=\"color: #2d3a49;\">Sliding mode<\/span><\/p>\n<ul>\n<li><span style=\"color: #2d3a49;\"><strong>2 holes<\/strong><\/span><br \/>\n<span style=\"color: #2d3a49;\">Bordeaux\u00c2\u00a0<\/span><br \/>\n<span style=\"color: #2d3a49;\">C\u00c3\u00b4tes du Rh\u00c3\u00b4ne<\/span><br \/>\n<span style=\"color: #2d3a49;\">Burgundy<\/span><br \/>\n<span style=\"color: #2d3a49;\">Alsace<\/span><\/li>\n<li><span style=\"color: #2d3a49;\"><strong>3 holes<\/strong><\/span><br \/>\n<span style=\"color: #2d3a49;\">Champagne\u00c2\u00a0<\/span><br \/>\n<span style=\"color: #2d3a49;\">Magnum Bordeaux<\/span><br \/>\n<span style=\"color: #2d3a49;\">Magnum Burgundy<\/span><\/li>\n<li><span style=\"color: #2d3a49;\"><strong>4 holes<\/strong><\/span><br \/>\n<span style=\"color: #2d3a49;\">Magnum Champagne<\/span><\/li>\n<\/ul>\n<p><span class=\"heading-6\" style=\"color: #2d3a49;\">Storage mode<\/span><\/p>\n<ul>\n<li><span style=\"color: #2d3a49;\"><strong>Up to 8 holes maximum<\/strong><\/span><br \/>\n<span style=\"color: #2d3a49;\">The standard Goguette shelf is designed to support up to 4 rows of bottles (65 kg). If you position more rows of bottles, you risk deforming your shelf.<\/span><\/li>\n<\/ul>\n\t\t\t\t\t\t\t\t<\/div>\n\t\t\t\t\t\t\t\t\t\t<\/div>\n\t\t<\/block>\n\t<\/div>\n\n\n\t\t<!-- Rich text -->\n\t<div class=\"col-span-14\">\n\t\t<block \n\t\t\tid=\"\"\n\t\t\tclass=\"texte-riche py-[52px] lg:pt-[69px] block lg:pb-[52px]\"\n\t\t\tstyle=\"background-color:#FFFFFF\">\n\t\t\t<div class=\"grid grid-cols-14\">\n\t\t\t\t\t\t\t\t\t\t\t<div class=\"col-start-2 col-span-12 lg:col-start-3 lg:col-span-3\">\n\t\t\t\t\t\t\t\t<h2 class=\"heading-3 uppercase pb-[24px] lg:pb-0\" style=\"color: #C83F33\">\n\t\t\t\t\t\t\t\t\tRemoving a shelf effortlessly\t\t\t\t\t\t\t\t<\/h2>\n\t\t\t\t\t\t\t<\/div>\n\t\t\t\t\t\t\t\t\t\t\t\t\t\t\t<div class=\"col-start-2 col-span-12 lg:col-start-8 xl:col-start-7 lg:col-span-6\">\n\t\t\t\t\t\t\t\t\t<ul>\n<li><span style=\"color: #2d3a49;\">Before making adjustments, ensure all bottles are removed from the shelf.<\/span><\/li>\n<li><span style=\"color: #2d3a49;\">Remove the two wooden pegs used to secure the shelf in the cellar.<\/span><\/li>\n<li><span style=\"color: #2d3a49;\">Slide the shelf towards you until it is completely out of the rails.<\/span><\/li>\n<li><span style=\"color: #2d3a49;\">Remove the rails from the cellar wall by lifting the front first and then pulling them towards you. Be cautious to avoid scratching the interior walls.<\/span><\/li>\n<\/ul>\n\t\t\t\t\t\t\t\t<\/div>\n\t\t\t\t\t\t\t\t\t\t<\/div>\n\t\t<\/block>\n\t<\/div>\n\n\n\t<!-- Transition -->\n\t<div class=\"col-span-14\">\n\t\t<block id=\"\" class=\"transition\">\n\t\t\t<img loading=\"lazy\" decoding=\"async\" width=\"1920\" height=\"375\" src=\"https:\/\/goguette.website-bekijken.nl\/wp-content\/uploads\/2023\/12\/cave-cuisine-preparation-repas-goguette-transition-gum.jpg\" class=\"h-full max-h-[220px] lg:max-h-[375px] object-cover w-full\" alt=\"Une table en bois et une cave \u00e0 vin vitr\u00e9e avec des bouteilles couch\u00e9es \u00e0 l&#039;int\u00e9rieur\" srcset=\"https:\/\/goguette.website-bekijken.nl\/wp-content\/uploads\/2023\/12\/cave-cuisine-preparation-repas-goguette-transition-gum.jpg 1920w, https:\/\/goguette.website-bekijken.nl\/wp-content\/uploads\/2023\/12\/cave-cuisine-preparation-repas-goguette-transition-gum-300x59.jpg 300w, https:\/\/goguette.website-bekijken.nl\/wp-content\/uploads\/2023\/12\/cave-cuisine-preparation-repas-goguette-transition-gum-1024x200.jpg 1024w, https:\/\/goguette.website-bekijken.nl\/wp-content\/uploads\/2023\/12\/cave-cuisine-preparation-repas-goguette-transition-gum-768x150.jpg 768w, https:\/\/goguette.website-bekijken.nl\/wp-content\/uploads\/2023\/12\/cave-cuisine-preparation-repas-goguette-transition-gum-1536x300.jpg 1536w\" sizes=\"auto, (max-width: 1920px) 100vw, 1920px\" \/>\t\t<\/block>\n\t<\/div>\n\n\n\t<!-- Cross Content -->\n\t<div class=\"relative col-span-14\">\n\t\t<section id=\"\" class=\"bg-poussin pt-[54px] pb-[91px] md:pt-[115px] md:pb-[103px]\">\n\t\t\t<div class=\"grid grid-cols-14 gap-x-5\">\n\t\t\t\t<div class=\"col-start-2 col-span-12 md:col-start-2 md:col-span-4\">\n\t\t\t\t\t\t\t\t\t\t\t<h3 class=\"font-satoshi flex text-[40px] leading-none lg:text-[60px] font-bold lg:leading-[52.5px] max-w-[292px] lg:max-w-full md:pb-[25px] text-grape uppercase\">\n\t\t\t\t\t\t\tTo go further\t\t\t\t\t\t<\/h3>\n\t\t\t\t\t\t\t\t\t\t\t\t\t\t\t\t<p class=\"text-grape pt-[19px] md:pt-0 style__text--18\">\n\t\t\t\t\t\t\tGoguette wine fridges put design back in its rightful place without ever losing sight of functionality.\t\t\t\t\t\t<\/p>\n\t\t\t\t\t\t\t\t\t<\/div>\n\t\t\t\t<div class=\"col-start-2 col-span-12 md:col-start-6 md:col-span-9\">\n\t\t\t\t\t<div class=\"pt-[37px] md:pt-0 grid gap-y-[44px] md:gap-y-[78px] md:gap-x-16 md:grid-cols-9\">\n\t\t\t\t\t\t\t\t\t\t\t\t\t\t<div class=\"md:col-span-4\">\n\t\t\t\t\t\t\t\t\t<div class=\"is-fade group relative border-b border-solid border-b-grape max-w-[398px] mx-auto\">\n\t\t\t\t\t\t\t\t\t\t\t\t\t\t\t\t\t\t\t\t\t<div class=\"overflow-hidden relative w-[332px] h-[312px] md:w-[200px] md:h-[175px] lg:w-[300px] lg:h-[275px] xl:w-[398px] xl:h-[374px]\">\n\t\t\t\t\t\t\t\t\t\t\t\t<img loading=\"lazy\" decoding=\"async\" width=\"501\" height=\"471\" src=\"https:\/\/goguette.website-bekijken.nl\/wp-content\/uploads\/2023\/12\/etagere-vin-clayette-ajustable-forme-taille-bouteilles-made-in-france-cave-a-vin-goguette-visuel.jpg\" class=\"h-full w-full absolute top-0 left-0 object-cover group-hover:scale-110 transition-transform duration-700 ease-accelerate\" alt=\"Une bouteille de vin couch\u00e9e sur une clayette en bois\" srcset=\"https:\/\/goguette.website-bekijken.nl\/wp-content\/uploads\/2023\/12\/etagere-vin-clayette-ajustable-forme-taille-bouteilles-made-in-france-cave-a-vin-goguette-visuel.jpg 501w, https:\/\/goguette.website-bekijken.nl\/wp-content\/uploads\/2023\/12\/etagere-vin-clayette-ajustable-forme-taille-bouteilles-made-in-france-cave-a-vin-goguette-visuel-300x282.jpg 300w\" sizes=\"auto, (max-width: 501px) 100vw, 501px\" \/>\t\t\t\t\t\t\t\t\t\t\t<\/div>\n\t\t\t\t\t\t\t\t\t\t\t\t\t\t\t\t\t\t\t\t\t\t<div class=\"flex gap-3 justify-between w-full pt-[16px] pb-[18px] md:pt-[18px] md:pb-[30px] items-end\">\n\t\t\t\t\t\t\t\t\t\t\t\t<h4 class=\"heading-4 text-grape uppercase\">\n\t\t\t\t\t\t\t\t\t\t\t\t\tThe Goguette shelf\t\t\t\t\t\t\t\t\t\t\t\t<\/h4>\n\t\t\t\t\t\t\t\t\t\t\t\t<svg class=\"transform transition-transform duration-500 w-[20px] h-[15px] lg:w-[24px] lg:h-[24px] ease-accelerate group-hover:rotate-45 translate-y-[-3px]\" width=\"24\" height=\"24\" viewBox=\"0 0 24 24\" fill=\"none\" xmlns=\"http:\/\/www.w3.org\/2000\/svg\">\n\t\t\t\t\t\t\t\t\t\t\t\t\t<rect y=\"3.69238\" width=\"3.69231\" height=\"24\" transform=\"rotate(-90 0 3.69238)\" fill=\"#2D3A49\"\/>\n\t\t\t\t\t\t\t\t\t\t\t\t\t<rect x=\"24\" y=\"24\" width=\"3.69231\" height=\"24\" transform=\"rotate(180 24 24)\" fill=\"#2D3A49\"\/>\n\t\t\t\t\t\t\t\t\t\t\t\t\t<rect x=\"2.74707\" y=\"23.8633\" width=\"3.69231\" height=\"29.0281\" transform=\"rotate(-135 2.74707 23.8633)\" fill=\"#2D3A49\"\/>\n\t\t\t\t\t\t\t\t\t\t\t\t<\/svg>\n\t\t\t\t\t\t\t\t\t\t\t<\/div>\n\t\t\t\t\t\t\t\t\t\t\t\t\t\t\t\t\t\t\t\t\t\t<div class=\"style__text--18 pb-[30px] text-grape\">\n\t\t\t\t\t\t\t\t\t\t\t\tDiscover our shelf designed to make your everyday life easier: easy to use, ergonomic and designed for you, by our designers, in France.\t\t\t\t\t\t\t\t\t\t\t<\/div>\n\t\t\t\t\t\t\t\t\t\t\t\t\t\t\t\t\t\t\t\t\t\t<a class=\"absolute top-0 left-0 w-full h-full z-10\" href=\"\/en\/our-wine-fridge\/wine-rack\/\" target=\"_self\"><\/a>\n\t\t\t\t\t\t\t\t\t\t\t\t\t\t\t\t\t\t\t<\/div>\n\t\t\t\t\t\t\t\t<\/div>\n\t\t\t\t\t\t\t\t\t\t\t\t\t\t\t\t<div class=\"md:col-span-4\">\n\t\t\t\t\t\t\t\t\t<div class=\"is-fade group relative border-b border-solid border-b-grape max-w-[398px] mx-auto\">\n\t\t\t\t\t\t\t\t\t\t\t\t\t\t\t\t\t\t\t\t\t<div class=\"overflow-hidden relative w-[332px] h-[312px] md:w-[200px] md:h-[175px] lg:w-[300px] lg:h-[275px] xl:w-[398px] xl:h-[374px]\">\n\t\t\t\t\t\t\t\t\t\t\t\t<img loading=\"lazy\" decoding=\"async\" width=\"398\" height=\"374\" src=\"https:\/\/goguette.website-bekijken.nl\/wp-content\/uploads\/2023\/12\/cave-conservation-vin-petite-taille-coloris-noir-porte-vitree-goguette-cross.jpg\" class=\"h-full w-full absolute top-0 left-0 object-cover group-hover:scale-110 transition-transform duration-700 ease-accelerate\" alt=\"Une cave \u00e0 vin noire vitr\u00e9e derri\u00e8re une biblioth\u00e8que\" srcset=\"https:\/\/goguette.website-bekijken.nl\/wp-content\/uploads\/2023\/12\/cave-conservation-vin-petite-taille-coloris-noir-porte-vitree-goguette-cross.jpg 398w, https:\/\/goguette.website-bekijken.nl\/wp-content\/uploads\/2023\/12\/cave-conservation-vin-petite-taille-coloris-noir-porte-vitree-goguette-cross-300x282.jpg 300w\" sizes=\"auto, (max-width: 398px) 100vw, 398px\" \/>\t\t\t\t\t\t\t\t\t\t\t<\/div>\n\t\t\t\t\t\t\t\t\t\t\t\t\t\t\t\t\t\t\t\t\t\t<div class=\"flex gap-3 justify-between w-full pt-[16px] pb-[18px] md:pt-[18px] md:pb-[30px] items-end\">\n\t\t\t\t\t\t\t\t\t\t\t\t<h4 class=\"heading-4 text-grape uppercase\">\n\t\t\t\t\t\t\t\t\t\t\t\t\tAll our tutorials\t\t\t\t\t\t\t\t\t\t\t\t<\/h4>\n\t\t\t\t\t\t\t\t\t\t\t\t<svg class=\"transform transition-transform duration-500 w-[20px] h-[15px] lg:w-[24px] lg:h-[24px] ease-accelerate group-hover:rotate-45 translate-y-[-3px]\" width=\"24\" height=\"24\" viewBox=\"0 0 24 24\" fill=\"none\" xmlns=\"http:\/\/www.w3.org\/2000\/svg\">\n\t\t\t\t\t\t\t\t\t\t\t\t\t<rect y=\"3.69238\" width=\"3.69231\" height=\"24\" transform=\"rotate(-90 0 3.69238)\" fill=\"#2D3A49\"\/>\n\t\t\t\t\t\t\t\t\t\t\t\t\t<rect x=\"24\" y=\"24\" width=\"3.69231\" height=\"24\" transform=\"rotate(180 24 24)\" fill=\"#2D3A49\"\/>\n\t\t\t\t\t\t\t\t\t\t\t\t\t<rect x=\"2.74707\" y=\"23.8633\" width=\"3.69231\" height=\"29.0281\" transform=\"rotate(-135 2.74707 23.8633)\" fill=\"#2D3A49\"\/>\n\t\t\t\t\t\t\t\t\t\t\t\t<\/svg>\n\t\t\t\t\t\t\t\t\t\t\t<\/div>\n\t\t\t\t\t\t\t\t\t\t\t\t\t\t\t\t\t\t\t\t\t\t<div class=\"style__text--18 pb-[30px] text-grape\">\n\t\t\t\t\t\t\t\t\t\t\t\tTo help you use your Goguette wine cabinet, we have prepared step-by-step video guides for you.\t\t\t\t\t\t\t\t\t\t\t<\/div>\n\t\t\t\t\t\t\t\t\t\t\t\t\t\t\t\t\t\t\t\t\t\t<a class=\"absolute top-0 left-0 w-full h-full z-10\" href=\"\/en\/goguette-tutorials\/\" target=\"_self\"><\/a>\n\t\t\t\t\t\t\t\t\t\t\t\t\t\t\t\t\t\t\t<\/div>\n\t\t\t\t\t\t\t\t<\/div>\n\t\t\t\t\t\t\t\t\t\t\t\t\t<\/div>\n\t\t\t\t<\/div>\n\t\t\t<\/div>\n\t\t<\/section>\n\t<\/div>\n","protected":false},"excerpt":{"rendered":"<p>Removing a Shelf Effortlessly<\/p>\n","protected":false},"author":2,"featured_media":0,"parent":8582,"menu_order":0,"comment_status":"closed","ping_status":"closed","template":"","meta":{"_acf_changed":false,"footnotes":""},"class_list":["post-10088","page","type-page","status-publish","hentry"],"acf":[],"_links":{"self":[{"href":"https:\/\/goguette.website-bekijken.nl\/en\/wp-json\/wp\/v2\/pages\/10088","targetHints":{"allow":["GET"]}}],"collection":[{"href":"https:\/\/goguette.website-bekijken.nl\/en\/wp-json\/wp\/v2\/pages"}],"about":[{"href":"https:\/\/goguette.website-bekijken.nl\/en\/wp-json\/wp\/v2\/types\/page"}],"author":[{"embeddable":true,"href":"https:\/\/goguette.website-bekijken.nl\/en\/wp-json\/wp\/v2\/users\/2"}],"replies":[{"embeddable":true,"href":"https:\/\/goguette.website-bekijken.nl\/en\/wp-json\/wp\/v2\/comments?post=10088"}],"version-history":[{"count":2,"href":"https:\/\/goguette.website-bekijken.nl\/en\/wp-json\/wp\/v2\/pages\/10088\/revisions"}],"predecessor-version":[{"id":10794,"href":"https:\/\/goguette.website-bekijken.nl\/en\/wp-json\/wp\/v2\/pages\/10088\/revisions\/10794"}],"up":[{"embeddable":true,"href":"https:\/\/goguette.website-bekijken.nl\/en\/wp-json\/wp\/v2\/pages\/8582"}],"wp:attachment":[{"href":"https:\/\/goguette.website-bekijken.nl\/en\/wp-json\/wp\/v2\/media?parent=10088"}],"curies":[{"name":"wp","href":"https:\/\/api.w.org\/{rel}","templated":true}]}}